{"id":100,"date":"2016-11-23T11:38:10","date_gmt":"2016-11-23T10:38:10","guid":{"rendered":"https:\/\/www.luigistudio.com\/es\/?page_id=100"},"modified":"2022-02-02T17:40:46","modified_gmt":"2022-02-02T16:40:46","slug":"estetica-mujer","status":"publish","type":"page","link":"https:\/\/www.luigistudio.com\/es\/servicios\/estetica-mujer\/","title":{"rendered":"Est\u00e9tica mujer"},"content":{"rendered":"\t\t<div data-elementor-type=\"wp-page\" data-elementor-id=\"100\" class=\"elementor elementor-100\" data-elementor-post-type=\"page\">\n\t\t\t\t\t\t<section class=\"wd-negative-gap elementor-section elementor-top-section elementor-element elementor-element-e4b272f elementor-section-boxed elementor-section-height-default elementor-section-height-default\" data-id=\"e4b272f\" data-element_type=\"section\">\n\t\t\t\t\t\t<div class=\"elementor-container elementor-column-gap-default\">\n\t\t\t\t\t<div class=\"elementor-column elementor-col-66 elementor-top-column elementor-element elementor-element-17e2cad\" data-id=\"17e2cad\" data-element_type=\"column\">\n\t\t\t<div class=\"elementor-widget-wrap elementor-element-populated\">\n\t\t\t\t\t\t<div class=\"elementor-element elementor-element-f8a2b01 color-scheme-inherit text-left elementor-widget elementor-widget-text-editor\" data-id=\"f8a2b01\" data-element_type=\"widget\" data-widget_type=\"text-editor.default\">\n\t\t\t\t<div class=\"elementor-widget-container\">\n\t\t\t\t\t\t\t\t\t<p class=\"texto\">Luigi Studio plantea un servicio integral en cuanto a la belleza de la mujer. Tratamientos como la manicura con esmalte permanente son muy reclamados ya que son manicuras que duran dos semanas, frente a los cuatro o cinco d\u00edas que duran las convencionales. Tambi\u00e9n contamos con tratamientos de depilaci\u00f3n, higiene facial o un tratamiento para el contorno de los ojos, que disminuir\u00e1 las bolsas y las arrugas de expresi\u00f3n.<\/p>\n<p class=\"texto\">Nuestros centros cuentan con un personal cualificado y experto en la est\u00e9tica para la mujer, respaldados por la \u00faltima tecnolog\u00eda en aparatos electr\u00f3nicos.<\/p>\n\t\t\t\t\t\t\t\t<\/div>\n\t\t\t\t<\/div>\n\t\t\t\t\t<\/div>\n\t\t<\/div>\n\t\t\t\t<div class=\"elementor-column elementor-col-33 elementor-top-column elementor-element elementor-element-abfb5a8\" data-id=\"abfb5a8\" data-element_type=\"column\">\n\t\t\t<div class=\"elementor-widget-wrap elementor-element-populated\">\n\t\t\t\t\t\t<div class=\"elementor-element elementor-element-44c7882 elementor-widget elementor-widget-wd_image_or_svg\" data-id=\"44c7882\" data-element_type=\"widget\" data-widget_type=\"wd_image_or_svg.default\">\n\t\t\t\t<div class=\"elementor-widget-container\">\n\t\t\t\t\t\n\t\t<div class=\"wd-image text-left\">\n\t\t\t\t\t\t\t\t<img  title=\"Est\u00e9tica mujer - Luigi Studio\" fetchpriority=\"high\" decoding=\"async\" width=\"500\" height=\"500\" src=\"https:\/\/www.luigistudio.com\/es\/wp-content\/uploads\/2016\/11\/estetica-mujer.jpg\" class=\"attachment-full size-full\" alt=\"\" srcset=\"https:\/\/www.luigistudio.com\/es\/wp-content\/uploads\/2016\/11\/estetica-mujer.jpg 500w, https:\/\/www.luigistudio.com\/es\/wp-content\/uploads\/2016\/11\/estetica-mujer-430x430.jpg 430w, https:\/\/www.luigistudio.com\/es\/wp-content\/uploads\/2016\/11\/estetica-mujer-150x150.jpg 150w, https:\/\/www.luigistudio.com\/es\/wp-content\/uploads\/2016\/11\/estetica-mujer-300x300.jpg 300w, https:\/\/www.luigistudio.com\/es\/wp-content\/uploads\/2016\/11\/estetica-mujer-120x120.jpg 120w\" sizes=\"(max-width: 500px) 100vw, 500px\" \/>\t\t\t\t\t<\/div>\n\n\t\t\t\t\t\t<\/div>\n\t\t\t\t<\/div>\n\t\t\t\t\t<\/div>\n\t\t<\/div>\n\t\t\t\t\t<\/div>\n\t\t<\/section>\n\t\t\t\t<\/div>\n\t\t","protected":false},"excerpt":{"rendered":"<p>Luigi Studio plantea un servicio integral en cuanto a la belleza de la mujer. Tratamientos como la manicura con esmalte<\/p>\n","protected":false},"author":2,"featured_media":0,"parent":10,"menu_order":0,"comment_status":"closed","ping_status":"closed","template":"","meta":{"_seopress_robots_primary_cat":"0","_seopress_titles_title":"Tratamientos de Belleza para Mujeres Sevilla - Salones de Est\u00e9tica Sevilla","_seopress_titles_desc":"Luigi Studio plantea un servicio integral en cuanto a la belleza de la mujer. Tratamientos como la manicura con esmalte permanente son muy reclamados ya que son manicuras que duran dos semanas, frente a los cuatro o cinco d\u00edas que duran las convencionales.","_seopress_robots_index":"","footnotes":""},"class_list":["post-100","page","type-page","status-publish","hentry"],"_links":{"self":[{"href":"https:\/\/www.luigistudio.com\/es\/wp-json\/wp\/v2\/pages\/100","targetHints":{"allow":["GET"]}}],"collection":[{"href":"https:\/\/www.luigistudio.com\/es\/wp-json\/wp\/v2\/pages"}],"about":[{"href":"https:\/\/www.luigistudio.com\/es\/wp-json\/wp\/v2\/types\/page"}],"author":[{"embeddable":true,"href":"https:\/\/www.luigistudio.com\/es\/wp-json\/wp\/v2\/users\/2"}],"replies":[{"embeddable":true,"href":"https:\/\/www.luigistudio.com\/es\/wp-json\/wp\/v2\/comments?post=100"}],"version-history":[{"count":0,"href":"https:\/\/www.luigistudio.com\/es\/wp-json\/wp\/v2\/pages\/100\/revisions"}],"up":[{"embeddable":true,"href":"https:\/\/www.luigistudio.com\/es\/wp-json\/wp\/v2\/pages\/10"}],"wp:attachment":[{"href":"https:\/\/www.luigistudio.com\/es\/wp-json\/wp\/v2\/media?parent=100"}],"curies":[{"name":"wp","href":"https:\/\/api.w.org\/{rel}","templated":true}]}}