{"id":102,"date":"2016-11-23T11:39:11","date_gmt":"2016-11-23T10:39:11","guid":{"rendered":"https:\/\/www.luigistudio.com\/es\/?page_id=102"},"modified":"2022-02-02T17:40:56","modified_gmt":"2022-02-02T16:40:56","slug":"estetica-hombre","status":"publish","type":"page","link":"https:\/\/www.luigistudio.com\/es\/servicios\/estetica-hombre\/","title":{"rendered":"Est\u00e9tica hombre"},"content":{"rendered":"\t\t<div data-elementor-type=\"wp-page\" data-elementor-id=\"102\" class=\"elementor elementor-102\" data-elementor-post-type=\"page\">\n\t\t\t\t\t\t<section class=\"wd-negative-gap elementor-section elementor-top-section elementor-element elementor-element-26cbe6d elementor-section-boxed elementor-section-height-default elementor-section-height-default\" data-id=\"26cbe6d\" data-element_type=\"section\">\n\t\t\t\t\t\t<div class=\"elementor-container elementor-column-gap-default\">\n\t\t\t\t\t<div class=\"elementor-column elementor-col-66 elementor-top-column elementor-element elementor-element-6eeb1bf\" data-id=\"6eeb1bf\" data-element_type=\"column\">\n\t\t\t<div class=\"elementor-widget-wrap elementor-element-populated\">\n\t\t\t\t\t\t<div class=\"elementor-element elementor-element-acc553c color-scheme-inherit text-left elementor-widget elementor-widget-text-editor\" data-id=\"acc553c\" data-element_type=\"widget\" data-widget_type=\"text-editor.default\">\n\t\t\t\t<div class=\"elementor-widget-container\">\n\t\t\t\t\t\t\t\t\t<div class=\"one_half last\"><p class=\"texto\">El cuidado del hombre tambi\u00e9n es un aspecto importante para nosotros, por ello ofrecemos tratamientos relacionados con la belleza tales como depilaci\u00f3n masculina y masajes completos o centrados en el tronco inferior. En cuanto al cuidado de la piel, la limpieza de cutis, el tratamiento del contorno de ojos o un masaje facial relajante son algunos de los servicios que los hombres podr\u00e1n disfrutar en nuestras instalaciones.<\/p><\/div>\t\t\t\t\t\t\t\t<\/div>\n\t\t\t\t<\/div>\n\t\t\t\t\t<\/div>\n\t\t<\/div>\n\t\t\t\t<div class=\"elementor-column elementor-col-33 elementor-top-column elementor-element elementor-element-c8b2181\" data-id=\"c8b2181\" data-element_type=\"column\">\n\t\t\t<div class=\"elementor-widget-wrap elementor-element-populated\">\n\t\t\t\t\t\t<div class=\"elementor-element elementor-element-5ddd747 elementor-widget elementor-widget-wd_image_or_svg\" data-id=\"5ddd747\" data-element_type=\"widget\" data-widget_type=\"wd_image_or_svg.default\">\n\t\t\t\t<div class=\"elementor-widget-container\">\n\t\t\t\t\t\n\t\t<div class=\"wd-image text-left\">\n\t\t\t\t\t\t\t\t<img  title=\"Est\u00e9tica hombre - Luigi Studio\" fetchpriority=\"high\" decoding=\"async\" width=\"500\" height=\"500\" src=\"https:\/\/www.luigistudio.com\/es\/wp-content\/uploads\/2016\/11\/estetica-hombre-1.jpg\" class=\"attachment-full size-full\" alt=\"\" srcset=\"https:\/\/www.luigistudio.com\/es\/wp-content\/uploads\/2016\/11\/estetica-hombre-1.jpg 500w, https:\/\/www.luigistudio.com\/es\/wp-content\/uploads\/2016\/11\/estetica-hombre-1-430x430.jpg 430w, https:\/\/www.luigistudio.com\/es\/wp-content\/uploads\/2016\/11\/estetica-hombre-1-150x150.jpg 150w, https:\/\/www.luigistudio.com\/es\/wp-content\/uploads\/2016\/11\/estetica-hombre-1-300x300.jpg 300w, https:\/\/www.luigistudio.com\/es\/wp-content\/uploads\/2016\/11\/estetica-hombre-1-120x120.jpg 120w\" sizes=\"(max-width: 500px) 100vw, 500px\" \/>\t\t\t\t\t<\/div>\n\n\t\t\t\t\t\t<\/div>\n\t\t\t\t<\/div>\n\t\t\t\t\t<\/div>\n\t\t<\/div>\n\t\t\t\t\t<\/div>\n\t\t<\/section>\n\t\t\t\t<\/div>\n\t\t","protected":false},"excerpt":{"rendered":"<p>El cuidado del hombre tambi\u00e9n es un aspecto importante para nosotros, por ello ofrecemos tratamientos relacionados con la belleza tales<\/p>\n","protected":false},"author":2,"featured_media":0,"parent":10,"menu_order":0,"comment_status":"closed","ping_status":"closed","template":"elementor_header_footer","meta":{"_seopress_robots_primary_cat":"0","_seopress_titles_title":"Est\u00e9tica para Hombres en Sevilla - Peluquer\u00edas para Hombres en Sevilla","_seopress_titles_desc":"El cuidado del hombre tambi\u00e9n es un aspecto importante para nosotros, por ello ofrecemos tratamientos relacionados con la belleza tales como depilaci\u00f3n masculina y masajes completos o centrados en el tronco inferior.","_seopress_robots_index":"","footnotes":""},"class_list":["post-102","page","type-page","status-publish","hentry"],"_links":{"self":[{"href":"https:\/\/www.luigistudio.com\/es\/wp-json\/wp\/v2\/pages\/102","targetHints":{"allow":["GET"]}}],"collection":[{"href":"https:\/\/www.luigistudio.com\/es\/wp-json\/wp\/v2\/pages"}],"about":[{"href":"https:\/\/www.luigistudio.com\/es\/wp-json\/wp\/v2\/types\/page"}],"author":[{"embeddable":true,"href":"https:\/\/www.luigistudio.com\/es\/wp-json\/wp\/v2\/users\/2"}],"replies":[{"embeddable":true,"href":"https:\/\/www.luigistudio.com\/es\/wp-json\/wp\/v2\/comments?post=102"}],"version-history":[{"count":0,"href":"https:\/\/www.luigistudio.com\/es\/wp-json\/wp\/v2\/pages\/102\/revisions"}],"up":[{"embeddable":true,"href":"https:\/\/www.luigistudio.com\/es\/wp-json\/wp\/v2\/pages\/10"}],"wp:attachment":[{"href":"https:\/\/www.luigistudio.com\/es\/wp-json\/wp\/v2\/media?parent=102"}],"curies":[{"name":"wp","href":"https:\/\/api.w.org\/{rel}","templated":true}]}}