{"id":16,"date":"2016-11-02T10:29:39","date_gmt":"2016-11-02T09:29:39","guid":{"rendered":"https:\/\/www.luigistudio.com\/es\/?page_id=16"},"modified":"2025-10-28T16:26:47","modified_gmt":"2025-10-28T15:26:47","slug":"luigi","status":"publish","type":"page","link":"https:\/\/www.luigistudio.com\/es\/luigi\/","title":{"rendered":"Luigi"},"content":{"rendered":"\t\t<div data-elementor-type=\"wp-page\" data-elementor-id=\"16\" class=\"elementor elementor-16\" data-elementor-post-type=\"page\">\n\t\t\t\t\t\t<section class=\"wd-negative-gap elementor-section elementor-top-section elementor-element elementor-element-8ff06c2 elementor-section-boxed elementor-section-height-default elementor-section-height-default\" data-id=\"8ff06c2\" data-element_type=\"section\">\n\t\t\t\t\t\t<div class=\"elementor-container elementor-column-gap-default\">\n\t\t\t\t\t<div class=\"elementor-column elementor-col-50 elementor-top-column elementor-element elementor-element-82b6e7a\" data-id=\"82b6e7a\" data-element_type=\"column\">\n\t\t\t<div class=\"elementor-widget-wrap elementor-element-populated\">\n\t\t\t\t\t\t<div class=\"elementor-element elementor-element-f55e3b1 elementor-widget elementor-widget-heading\" data-id=\"f55e3b1\" data-element_type=\"widget\" data-widget_type=\"heading.default\">\n\t\t\t\t<div class=\"elementor-widget-container\">\n\t\t\t\t\t<h2 class=\"elementor-heading-title elementor-size-default\">Luigi Studio, Sevilla<\/h2>\t\t\t\t<\/div>\n\t\t\t\t<\/div>\n\t\t\t\t<div class=\"elementor-element elementor-element-3f0398e1 color-scheme-inherit text-left elementor-widget elementor-widget-text-editor\" data-id=\"3f0398e1\" data-element_type=\"widget\" data-widget_type=\"text-editor.default\">\n\t\t\t\t<div class=\"elementor-widget-container\">\n\t\t\t\t\t\t\t\t\t<p class=\"texto\">Luigi Studio es una empresa dedicada a la peluquer\u00eda en Sevilla con m\u00e1s de 25 a\u00f1os a\u00f1os de reconocida y demostrada experiencia. Concretamente, el 14 de diciembre de 1989 Antonio Luis Garc\u00eda Amador inici\u00f3 esta andadura en el mundo de la est\u00e9tica abriendo el primer sal\u00f3n con el nombre de Luigi Studio. Desde estos inicios, la atenci\u00f3n personalizada al cliente y la calidad profesional han sido nuestros dos pilares fundamentales para conseguir consolidarnos como unos de los principales referentes en el sector de la belleza y la est\u00e9tica.<\/p><p class=\"texto\">Tras unos a\u00f1os de duro trabajo y una evoluci\u00f3n constante, adem\u00e1s de la gran aceptaci\u00f3n que tuvo nuestro servicio, en 1996 Luigi Studio se centr\u00f3 en la apertura de otro sal\u00f3n de peluquer\u00eda en Sevilla, concretamente en Triana, con trabajos m\u00e1s amplios para dar cabida a la gran demanda de clientes, poniendo todo nuestro empe\u00f1o en seguir dando la atenci\u00f3n exclusiva que tanto nos caracteriza. M\u00e1s tarde, concretamente en 1999 modificamos todas las instalaciones de nuestro primer sal\u00f3n para dar un servicio m\u00e1s profesional y en 2001 ampliamos el local situado en Triana debido al aumento del volumen de clientes.<\/p><p class=\"texto\">El gran art\u00edfice de este ambicioso proyecto es Antonio Luis Garc\u00eda Amador, un gran profesional con un bagaje en el mundo de la peluquer\u00eda que le ha permitido situarse como uno de los mejores peluqueros a nivel nacional, abri\u00e9ndose camino hacia terrenos internacionales. Ha realizado numerosos trabajos con firmas internacionalmente reconocidas, adem\u00e1s de haber aprendido de los mejores profesionales en lugares como Londres, Nueva York, Los \u00c1ngeles, San Francisco, Las Vegas o Miami, la mayor\u00eda de ellos celebrados por la prestigiosa firma de productos para el cabello Sebastian Professional.<\/p>\t\t\t\t\t\t\t\t<\/div>\n\t\t\t\t<\/div>\n\t\t\t\t\t<\/div>\n\t\t<\/div>\n\t\t\t\t<div class=\"elementor-column elementor-col-50 elementor-top-column elementor-element elementor-element-a29fe75\" data-id=\"a29fe75\" data-element_type=\"column\">\n\t\t\t<div class=\"elementor-widget-wrap elementor-element-populated\">\n\t\t\t\t\t\t<div class=\"elementor-element elementor-element-c6b00cc elementor-widget elementor-widget-wd_image_or_svg\" data-id=\"c6b00cc\" data-element_type=\"widget\" data-widget_type=\"wd_image_or_svg.default\">\n\t\t\t\t<div class=\"elementor-widget-container\">\n\t\t\t\t\t\n\t\t<div class=\"wd-image text-left\">\n\t\t\t\t\t\t\t\t<img  title=\"Luigi - Luigi Studio\" fetchpriority=\"high\" decoding=\"async\" width=\"750\" height=\"750\" src=\"https:\/\/www.luigistudio.com\/es\/wp-content\/uploads\/2022\/02\/luigi-studio-peluqueria-en-sevilla.png\" class=\"attachment-full size-full\" alt=\"\" srcset=\"https:\/\/www.luigistudio.com\/es\/wp-content\/uploads\/2022\/02\/luigi-studio-peluqueria-en-sevilla.png 750w, https:\/\/www.luigistudio.com\/es\/wp-content\/uploads\/2022\/02\/luigi-studio-peluqueria-en-sevilla-300x300.png 300w, https:\/\/www.luigistudio.com\/es\/wp-content\/uploads\/2022\/02\/luigi-studio-peluqueria-en-sevilla-150x150.png 150w, https:\/\/www.luigistudio.com\/es\/wp-content\/uploads\/2022\/02\/luigi-studio-peluqueria-en-sevilla-430x430.png 430w\" sizes=\"(max-width: 750px) 100vw, 750px\" \/>\t\t\t\t\t<\/div>\n\n\t\t\t\t\t\t<\/div>\n\t\t\t\t<\/div>\n\t\t\t\t\t<\/div>\n\t\t<\/div>\n\t\t\t\t\t<\/div>\n\t\t<\/section>\n\t\t\t\t<section class=\"wd-negative-gap elementor-section elementor-top-section elementor-element elementor-element-515869b wd-section-stretch-content elementor-section-boxed elementor-section-height-default elementor-section-height-default\" data-id=\"515869b\" data-element_type=\"section\">\n\t\t\t\t\t\t<div class=\"elementor-container elementor-column-gap-default\">\n\t\t\t\t\t<div class=\"elementor-column elementor-col-100 elementor-top-column elementor-element elementor-element-b9ff9a8\" data-id=\"b9ff9a8\" data-element_type=\"column\">\n\t\t\t<div class=\"elementor-widget-wrap elementor-element-populated\">\n\t\t\t\t\t\t<div class=\"elementor-element elementor-element-33dad57 elementor-arrows-position-inside elementor-widget elementor-widget-image-carousel\" data-id=\"33dad57\" data-element_type=\"widget\" data-settings=\"{&quot;slides_to_show&quot;:&quot;5&quot;,&quot;slides_to_scroll&quot;:&quot;1&quot;,&quot;navigation&quot;:&quot;arrows&quot;,&quot;pause_on_hover&quot;:&quot;no&quot;,&quot;pause_on_interaction&quot;:&quot;no&quot;,&quot;autoplay&quot;:&quot;yes&quot;,&quot;autoplay_speed&quot;:5000,&quot;infinite&quot;:&quot;yes&quot;,&quot;speed&quot;:500}\" data-widget_type=\"image-carousel.default\">\n\t\t\t\t<div class=\"elementor-widget-container\">\n\t\t\t\t\t\t\t<div class=\"elementor-image-carousel-wrapper swiper\" role=\"region\" aria-roledescription=\"carousel\" aria-label=\"Carrusel de im\u00e1genes\" dir=\"ltr\">\n\t\t\t<div class=\"elementor-image-carousel swiper-wrapper\" aria-live=\"off\">\n\t\t\t\t\t\t\t\t<div class=\"swiper-slide\" role=\"group\" aria-roledescription=\"slide\" aria-label=\"1 de 8\"><figure class=\"swiper-slide-inner\"><img decoding=\"async\" class=\"swiper-slide-image\" src=\"https:\/\/www.luigistudio.com\/es\/wp-content\/uploads\/elementor\/thumbs\/logo-ghd-r96d6bb6k9cp2m60rcg746i0zwdgbkukis94ow3ubo.png\" alt=\"logo-ghd\" \/><\/figure><\/div><div class=\"swiper-slide\" role=\"group\" aria-roledescription=\"slide\" aria-label=\"2 de 8\"><figure class=\"swiper-slide-inner\"><img decoding=\"async\" class=\"swiper-slide-image\" src=\"https:\/\/www.luigistudio.com\/es\/wp-content\/uploads\/elementor\/thumbs\/logo-elumen-r96d6bb6k9cp2m60rcg746i0zwdgbkukis94ow3ubo.png\" alt=\"logo-elumen\" \/><\/figure><\/div><div class=\"swiper-slide\" role=\"group\" aria-roledescription=\"slide\" aria-label=\"3 de 8\"><figure class=\"swiper-slide-inner\"><img decoding=\"async\" class=\"swiper-slide-image\" src=\"https:\/\/www.luigistudio.com\/es\/wp-content\/uploads\/elementor\/thumbs\/logo-olaplex-r96d6bb6k9cp2m60rcg746i0zwdgbkukis94ow3ubo.png\" alt=\"logo-olaplex\" \/><\/figure><\/div><div class=\"swiper-slide\" role=\"group\" aria-roledescription=\"slide\" aria-label=\"4 de 8\"><figure class=\"swiper-slide-inner\"><img decoding=\"async\" class=\"swiper-slide-image\" src=\"https:\/\/www.luigistudio.com\/es\/wp-content\/uploads\/elementor\/thumbs\/marca-opi-luigi-studio-r96d6bb6k9cp2m60rcg746i0zwdgbkukis94ow3ubo.jpg\" alt=\"marca-opi-luigi-studio\" \/><\/figure><\/div><div class=\"swiper-slide\" role=\"group\" aria-roledescription=\"slide\" aria-label=\"5 de 8\"><figure class=\"swiper-slide-inner\"><img decoding=\"async\" class=\"swiper-slide-image\" src=\"https:\/\/www.luigistudio.com\/es\/wp-content\/uploads\/elementor\/thumbs\/ad721535-0f3d-4820-bdb9-3cf69be31a20-r96d6bb6k9cp2m60rcg746i0zwdgbkukis94ow3ubo.png\" alt=\"ad721535-0f3d-4820-bdb9-3cf69be31a20\" \/><\/figure><\/div><div class=\"swiper-slide\" role=\"group\" aria-roledescription=\"slide\" aria-label=\"6 de 8\"><figure class=\"swiper-slide-inner\"><img decoding=\"async\" class=\"swiper-slide-image\" src=\"https:\/\/www.luigistudio.com\/es\/wp-content\/uploads\/elementor\/thumbs\/logo-Wella-r96d6bb6k9cp2m60rcg746i0zwdgbkukis94ow3ubo.png\" alt=\"logo-Wella\" \/><\/figure><\/div><div class=\"swiper-slide\" role=\"group\" aria-roledescription=\"slide\" aria-label=\"7 de 8\"><figure class=\"swiper-slide-inner\"><img decoding=\"async\" class=\"swiper-slide-image\" src=\"https:\/\/www.luigistudio.com\/es\/wp-content\/uploads\/elementor\/thumbs\/IMG_2353-r96d6bb6k9cp2m60rcg746i0zwdgbkukis94ow3ubo.png\" alt=\"IMG_2353\" \/><\/figure><\/div><div class=\"swiper-slide\" role=\"group\" aria-roledescription=\"slide\" aria-label=\"8 de 8\"><figure class=\"swiper-slide-inner\"><img decoding=\"async\" class=\"swiper-slide-image\" src=\"https:\/\/www.luigistudio.com\/es\/wp-content\/uploads\/elementor\/thumbs\/1dfca293a94b65159c0c19341376954b-r96d69fi6la4fe8r2bmxz6z3t4mpw6n3uiy5qc6mo4.png\" alt=\"1dfca293a94b65159c0c19341376954b\" \/><\/figure><\/div>\t\t\t<\/div>\n\t\t\t\t\t\t\t\t\t\t\t\t<div class=\"elementor-swiper-button elementor-swiper-button-prev\" role=\"button\" tabindex=\"0\">\n\t\t\t\t\t\t<i aria-hidden=\"true\" class=\"eicon-chevron-left\"><\/i>\t\t\t\t\t<\/div>\n\t\t\t\t\t<div class=\"elementor-swiper-button elementor-swiper-button-next\" role=\"button\" tabindex=\"0\">\n\t\t\t\t\t\t<i aria-hidden=\"true\" class=\"eicon-chevron-right\"><\/i>\t\t\t\t\t<\/div>\n\t\t\t\t\n\t\t\t\t\t\t\t\t\t<\/div>\n\t\t\t\t\t\t<\/div>\n\t\t\t\t<\/div>\n\t\t\t\t\t<\/div>\n\t\t<\/div>\n\t\t\t\t\t<\/div>\n\t\t<\/section>\n\t\t\t\t<section class=\"wd-negative-gap elementor-section elementor-top-section elementor-element elementor-element-5672c382 elementor-section-boxed elementor-section-height-default elementor-section-height-default\" data-id=\"5672c382\" data-element_type=\"section\">\n\t\t\t\t\t\t<div class=\"elementor-container elementor-column-gap-default\">\n\t\t\t\t\t<div class=\"elementor-column elementor-col-100 elementor-top-column elementor-element elementor-element-4567e49b\" data-id=\"4567e49b\" data-element_type=\"column\">\n\t\t\t<div class=\"elementor-widget-wrap elementor-element-populated\">\n\t\t\t\t\t\t<div class=\"elementor-element elementor-element-2986267 color-scheme-inherit text-left elementor-widget elementor-widget-text-editor\" data-id=\"2986267\" data-element_type=\"widget\" data-widget_type=\"text-editor.default\">\n\t\t\t\t<div class=\"elementor-widget-container\">\n\t\t\t\t\t\t\t\t\t<h2>Peluquer\u00eda especializada en tratamientos para el pelo<\/h2><p class=\"texto\">Actualmente, cada sal\u00f3n de peluquer\u00eda en Sevilla de Luigi Studio est\u00e1 en continuo proceso de transformaci\u00f3n para seguir ofreciendo posibilidades integrales centradas en la mejora de la imagen personal, teniendo en cuenta las nuevas tendencias y las preferencias de cada cliente.<\/p><p class=\"texto\">El equipo humano de Luigi Studio se caracteriza por ofrecer un asesoramiento de calidad, personalizado y enfocado a ayudar a conseguir el mejor look a cada cliente. Nuestros servicios se centrar\u00e1n en todo lo relacionado para mantener un cabello elegante, acorde al estilo de cada cliente.<\/p><p class=\"texto\">Nos gusta definirnos como una peluquer\u00eda especializada en tratamientos para el pelo en Sevilla, tanto para mujeres como para hombres. Gracias a ser vendedores oficiales de los mejores productos para el cabello, nuestra entrega con el cliente se extiende tambi\u00e9n al compromiso de asegurar un mantenimiento eficaz y duradero del cabello.<\/p>\t\t\t\t\t\t\t\t<\/div>\n\t\t\t\t<\/div>\n\t\t\t\t\t<\/div>\n\t\t<\/div>\n\t\t\t\t\t<\/div>\n\t\t<\/section>\n\t\t\t\t<section class=\"wd-negative-gap elementor-section elementor-top-section elementor-element elementor-element-829c898 elementor-section-full_width elementor-section-height-default elementor-section-height-default\" data-id=\"829c898\" data-element_type=\"section\">\n\t\t\t\t\t\t<div class=\"elementor-container elementor-column-gap-default\">\n\t\t\t\t\t<div class=\"elementor-column elementor-col-100 elementor-top-column elementor-element elementor-element-fe8ebd7\" data-id=\"fe8ebd7\" data-element_type=\"column\">\n\t\t\t<div class=\"elementor-widget-wrap elementor-element-populated\">\n\t\t\t\t\t\t<div class=\"elementor-element elementor-element-d1b8073 elementor-widget elementor-widget-image-carousel\" data-id=\"d1b8073\" data-element_type=\"widget\" data-settings=\"{&quot;slides_to_show&quot;:&quot;4&quot;,&quot;navigation&quot;:&quot;none&quot;,&quot;autoplay&quot;:&quot;yes&quot;,&quot;pause_on_hover&quot;:&quot;yes&quot;,&quot;pause_on_interaction&quot;:&quot;yes&quot;,&quot;autoplay_speed&quot;:5000,&quot;infinite&quot;:&quot;yes&quot;,&quot;speed&quot;:500}\" data-widget_type=\"image-carousel.default\">\n\t\t\t\t<div class=\"elementor-widget-container\">\n\t\t\t\t\t\t\t<div class=\"elementor-image-carousel-wrapper swiper\" role=\"region\" aria-roledescription=\"carousel\" aria-label=\"Carrusel de im\u00e1genes\" dir=\"ltr\">\n\t\t\t<div class=\"elementor-image-carousel swiper-wrapper\" aria-live=\"off\">\n\t\t\t\t\t\t\t\t<div class=\"swiper-slide\" role=\"group\" aria-roledescription=\"slide\" aria-label=\"1 de 5\"><figure class=\"swiper-slide-inner\"><img decoding=\"async\" class=\"swiper-slide-image\" src=\"https:\/\/www.luigistudio.com\/es\/wp-content\/uploads\/elementor\/thumbs\/primer-plano-de-mujer-sensual-scaled-r9m7kktdck6pt1eg46d2m4ly6w4omxhmrfupi9y0lk.jpg\" alt=\"primer-plano-de-mujer-sensual\" \/><\/figure><\/div><div class=\"swiper-slide\" role=\"group\" aria-roledescription=\"slide\" aria-label=\"2 de 5\"><figure class=\"swiper-slide-inner\"><img decoding=\"async\" class=\"swiper-slide-image\" src=\"https:\/\/www.luigistudio.com\/es\/wp-content\/uploads\/elementor\/thumbs\/alta-moda-look-glamor-closeup-retrato-de-hermosa-sexy-elegante-caucasica-joven-modelo-con-maquillaje-moderno-brillante-con-cabello-corto-1-scaled-r9m7938dtggjwm3777l850z4tcr6k3vqikt2ciz8nc.jpg\" alt=\"alta-moda-look-glamor-closeup-retrato-de-hermosa-sexy-elegante-caucasica-joven-modelo-con-maquillaje-moderno-brillante-con-cabello-corto (1)\" \/><\/figure><\/div><div class=\"swiper-slide\" role=\"group\" aria-roledescription=\"slide\" aria-label=\"3 de 5\"><figure class=\"swiper-slide-inner\"><img decoding=\"async\" class=\"swiper-slide-image\" src=\"https:\/\/www.luigistudio.com\/es\/wp-content\/uploads\/elementor\/thumbs\/retrato-de-moda-de-belleza-de-la-joven-modelo-rubia-con-maquillaje-natural-y-piel-perfecta-posando-1-r9m5cju1hcmvc7n8f31jttm5gwkoamsc3cbhl6loco.jpg\" alt=\"retrato-de-moda-de-belleza-de-la-joven-modelo-rubia-con-maquillaje-natural-y-piel-perfecta-posando (1)\" \/><\/figure><\/div><div class=\"swiper-slide\" role=\"group\" aria-roledescription=\"slide\" aria-label=\"4 de 5\"><figure class=\"swiper-slide-inner\"><img decoding=\"async\" class=\"swiper-slide-image\" src=\"https:\/\/www.luigistudio.com\/es\/wp-content\/uploads\/elementor\/thumbs\/mujer-expresiva-posando-tiro-medio-1-scaled-r9m5beh54n295dbb4l5ys41vby8ivy859nm4h0azyg.jpg\" alt=\"mujer-expresiva-posando-tiro-medio (1)\" \/><\/figure><\/div><div class=\"swiper-slide\" role=\"group\" aria-roledescription=\"slide\" aria-label=\"5 de 5\"><figure class=\"swiper-slide-inner\"><img decoding=\"async\" class=\"swiper-slide-image\" src=\"https:\/\/www.luigistudio.com\/es\/wp-content\/uploads\/elementor\/thumbs\/8380-r9l9cwym3q4sregk5s7texm8auu6krvhf9y79o55s8.jpg\" alt=\"8380\" \/><\/figure><\/div>\t\t\t<\/div>\n\t\t\t\t\t\t\t\n\t\t\t\t\t\t\t\t\t<\/div>\n\t\t\t\t\t\t<\/div>\n\t\t\t\t<\/div>\n\t\t\t\t\t<\/div>\n\t\t<\/div>\n\t\t\t\t\t<\/div>\n\t\t<\/section>\n\t\t\t\t<\/div>\n\t\t","protected":false},"excerpt":{"rendered":"<p>Luigi Studio, Sevilla Luigi Studio es una empresa dedicada a la peluquer\u00eda en Sevilla con m\u00e1s de 25 a\u00f1os a\u00f1os<\/p>\n","protected":false},"author":2,"featured_media":0,"parent":0,"menu_order":0,"comment_status":"closed","ping_status":"closed","template":"elementor_header_footer","meta":{"_seopress_robots_primary_cat":"0","_seopress_titles_title":"Peluquer\u00eda Especializada en Tratamientos para el Pelo - Luigi Studio","_seopress_titles_desc":"Nos gusta definirnos como una peluquer\u00eda especializada en tratamientos para el pelo en Sevilla, tanto para mujeres como para hombres. Nuestra entrega con el cliente se extiende tambi\u00e9n al compromiso de asegurar un mantenimiento eficaz y duradero del cabello.","_seopress_robots_index":"","footnotes":""},"class_list":["post-16","page","type-page","status-publish","hentry"],"_links":{"self":[{"href":"https:\/\/www.luigistudio.com\/es\/wp-json\/wp\/v2\/pages\/16","targetHints":{"allow":["GET"]}}],"collection":[{"href":"https:\/\/www.luigistudio.com\/es\/wp-json\/wp\/v2\/pages"}],"about":[{"href":"https:\/\/www.luigistudio.com\/es\/wp-json\/wp\/v2\/types\/page"}],"author":[{"embeddable":true,"href":"https:\/\/www.luigistudio.com\/es\/wp-json\/wp\/v2\/users\/2"}],"replies":[{"embeddable":true,"href":"https:\/\/www.luigistudio.com\/es\/wp-json\/wp\/v2\/comments?post=16"}],"version-history":[{"count":21,"href":"https:\/\/www.luigistudio.com\/es\/wp-json\/wp\/v2\/pages\/16\/revisions"}],"predecessor-version":[{"id":37374,"href":"https:\/\/www.luigistudio.com\/es\/wp-json\/wp\/v2\/pages\/16\/revisions\/37374"}],"wp:attachment":[{"href":"https:\/\/www.luigistudio.com\/es\/wp-json\/wp\/v2\/media?parent=16"}],"curies":[{"name":"wp","href":"https:\/\/api.w.org\/{rel}","templated":true}]}}