{"id":283,"date":"2017-05-23T12:23:29","date_gmt":"2017-05-23T10:23:29","guid":{"rendered":"https:\/\/www.luigistudio.com\/es\/?page_id=283"},"modified":"2025-11-07T13:39:15","modified_gmt":"2025-11-07T12:39:15","slug":"tarifas","status":"publish","type":"page","link":"https:\/\/www.luigistudio.com\/es\/tarifas\/","title":{"rendered":"Tarifas"},"content":{"rendered":"\t\t<div data-elementor-type=\"wp-page\" data-elementor-id=\"283\" class=\"elementor elementor-283\" data-elementor-post-type=\"page\">\n\t\t\t\t\t\t<section class=\"wd-negative-gap elementor-section elementor-top-section elementor-element elementor-element-55b5bba elementor-section-boxed elementor-section-height-default elementor-section-height-default\" data-id=\"55b5bba\" data-element_type=\"section\">\n\t\t\t\t\t\t<div class=\"elementor-container elementor-column-gap-default\">\n\t\t\t\t\t<div class=\"elementor-column elementor-col-100 elementor-top-column elementor-element elementor-element-af00366\" data-id=\"af00366\" data-element_type=\"column\">\n\t\t\t<div class=\"elementor-widget-wrap elementor-element-populated\">\n\t\t\t\t\t\t<div class=\"elementor-element elementor-element-21678881 color-scheme-inherit text-left elementor-widget elementor-widget-text-editor\" data-id=\"21678881\" data-element_type=\"widget\" data-widget_type=\"text-editor.default\">\n\t\t\t\t<div class=\"elementor-widget-container\">\n\t\t\t\t\t\t\t\t\t<p>Para pedir presupuesto e informaci\u00f3n de nuestros servicios y productos, le recomendamos que llamen a nuestros salones:\u00a0<\/p><div class=\"one_half\">\u00a0<\/div>\t\t\t\t\t\t\t\t<\/div>\n\t\t\t\t<\/div>\n\t\t\t\t\t<\/div>\n\t\t<\/div>\n\t\t\t\t\t<\/div>\n\t\t<\/section>\n\t\t\t\t<section class=\"wd-negative-gap elementor-section elementor-top-section elementor-element elementor-element-209728aa elementor-section-boxed elementor-section-height-default elementor-section-height-default\" data-id=\"209728aa\" data-element_type=\"section\">\n\t\t\t\t\t\t<div class=\"elementor-container elementor-column-gap-default\">\n\t\t\t\t\t<div class=\"elementor-column elementor-col-50 elementor-top-column elementor-element elementor-element-7edf9e9c\" data-id=\"7edf9e9c\" data-element_type=\"column\">\n\t\t\t<div class=\"elementor-widget-wrap elementor-element-populated\">\n\t\t\t\t\t\t<div class=\"elementor-element elementor-element-a169e7f elementor-widget elementor-widget-wd_infobox\" data-id=\"a169e7f\" data-element_type=\"widget\" data-widget_type=\"wd_infobox.default\">\n\t\t\t\t<div class=\"elementor-widget-container\">\n\t\t\t\t\t\t\t<div class=\"info-box-wrapper\">\n\t\t\t<div class=\"wd-info-box text-center box-icon-align-left box-style-base color-scheme- wd-items-top with-btn box-btn-static\">\n\t\t\t\t\n\t\t\t\t<div class=\"info-box-content\">\n\t\t\t\t\t\n\t\t\t\t\t\t\t\t\t\t\t<h2\t\t\t\t\t\tclass=\"info-box-title title box-title-style-default wd-fontsize-m\" data-elementor-setting-key=\"title\">\n\t\t\t\t\t\t\t\tDISTRITO CENTRO\t\t\t\t\t\t<\/h2>\n\t\t\t\t\t\n\t\t\t\t\t<div class=\"info-box-inner reset-last-child\"data-elementor-setting-key=\"content\"><p>Av. Men\u00e9ndez Pelayo, 15<br \/>41003, Sevilla<\/p>\n<p>Tel.: <a href=\"tel:+34954420656\">954 42 06 56<\/a><\/p>\n<p>Mvl.: <a href=\"tel:+34606270819\">606 27 08 19<\/a><\/p>\n<\/div>\n\n\t\t\t\t\t\t\t\t\t\t\t<div class=\"info-btn-wrapper\">\n\t\t\t\t\t\t\t\t\t<div class=\"wd-button-wrapper text-center\" >\n\t\t\t<a class=\"btn btn-style-link btn-shape- btn-size-extra-large btn-icon-pos-right\"  href=\"https:\/\/wa.me\/606270819\">\n\t\t\t\t<span class=\"wd-btn-text\" data-elementor-setting-key=\"text\">\n\t\t\t\t\tESCRIBIR WHATSAPP\t\t\t\t<\/span>\n\n\t\t\t\t\t\t\t<\/a>\n\t\t<\/div>\n\t\t\t\t\t\t\t\t<\/div>\n\t\t\t\t\t\t\t\t\t<\/div>\n\n\t\t\t\t\t\t\t<\/div>\n\t\t<\/div>\n\t\t\t\t\t\t<\/div>\n\t\t\t\t<\/div>\n\t\t\t\t\t<\/div>\n\t\t<\/div>\n\t\t\t\t<div class=\"elementor-column elementor-col-50 elementor-top-column elementor-element elementor-element-eecd204\" data-id=\"eecd204\" data-element_type=\"column\">\n\t\t\t<div class=\"elementor-widget-wrap elementor-element-populated\">\n\t\t\t\t\t\t<div class=\"elementor-element elementor-element-1ed4e0d elementor-widget elementor-widget-wd_infobox\" data-id=\"1ed4e0d\" data-element_type=\"widget\" data-widget_type=\"wd_infobox.default\">\n\t\t\t\t<div class=\"elementor-widget-container\">\n\t\t\t\t\t\t\t<div class=\"info-box-wrapper\">\n\t\t\t<div class=\"wd-info-box text-center box-icon-align-left box-style-base color-scheme- wd-items-top with-btn box-btn-static\">\n\t\t\t\t\n\t\t\t\t<div class=\"info-box-content\">\n\t\t\t\t\t\n\t\t\t\t\t\t\t\t\t\t\t<h2\t\t\t\t\t\tclass=\"info-box-title title box-title-style-default wd-fontsize-m\" data-elementor-setting-key=\"title\">\n\t\t\t\t\t\t\t\tDISTRITO TRIANA\t\t\t\t\t\t<\/h2>\n\t\t\t\t\t\n\t\t\t\t\t<div class=\"info-box-inner reset-last-child\"data-elementor-setting-key=\"content\"><p>Av. Esperanza de Triana, 57<br \/>\n41010, Sevilla<\/p>\n<p>Tel.: <a href=\"tel:+34954273809\">954 27 38 09<\/a><\/p>\n<p>Mvl.: <a href=\"tel:+34689062245\">689 06 22 45<\/a><\/p>\n<\/div>\n\n\t\t\t\t\t\t\t\t\t\t\t<div class=\"info-btn-wrapper\">\n\t\t\t\t\t\t\t\t\t<div class=\"wd-button-wrapper text-center\" >\n\t\t\t<a class=\"btn btn-style-link btn-shape- btn-size-extra-large btn-icon-pos-right\"  href=\"https:\/\/wa.me\/689062245\">\n\t\t\t\t<span class=\"wd-btn-text\" data-elementor-setting-key=\"text\">\n\t\t\t\t\tESCRIBIR WHATSAPP\t\t\t\t<\/span>\n\n\t\t\t\t\t\t\t<\/a>\n\t\t<\/div>\n\t\t\t\t\t\t\t\t<\/div>\n\t\t\t\t\t\t\t\t\t<\/div>\n\n\t\t\t\t\t\t\t<\/div>\n\t\t<\/div>\n\t\t\t\t\t\t<\/div>\n\t\t\t\t<\/div>\n\t\t\t\t\t<\/div>\n\t\t<\/div>\n\t\t\t\t\t<\/div>\n\t\t<\/section>\n\t\t\t\t<section class=\"wd-negative-gap elementor-section elementor-top-section elementor-element elementor-element-29a0914 elementor-section-boxed elementor-section-height-default elementor-section-height-default\" data-id=\"29a0914\" data-element_type=\"section\">\n\t\t\t\t\t\t<div class=\"elementor-container elementor-column-gap-default\">\n\t\t\t\t\t<div class=\"elementor-column elementor-col-100 elementor-top-column elementor-element elementor-element-f35143c\" data-id=\"f35143c\" data-element_type=\"column\">\n\t\t\t<div class=\"elementor-widget-wrap elementor-element-populated\">\n\t\t\t\t\t\t<section class=\"wd-negative-gap elementor-section elementor-inner-section elementor-element elementor-element-95cce09 elementor-section-boxed elementor-section-height-default elementor-section-height-default\" data-id=\"95cce09\" data-element_type=\"section\">\n\t\t\t\t\t\t<div class=\"elementor-container elementor-column-gap-default\">\n\t\t\t\t\t<div class=\"elementor-column elementor-col-50 elementor-inner-column elementor-element elementor-element-74d0aa2\" data-id=\"74d0aa2\" data-element_type=\"column\">\n\t\t\t<div class=\"elementor-widget-wrap elementor-element-populated\">\n\t\t\t\t\t\t<div class=\"elementor-element elementor-element-ce94005 elementor-widget elementor-widget-html\" data-id=\"ce94005\" data-element_type=\"widget\" data-widget_type=\"html.default\">\n\t\t\t\t<div class=\"elementor-widget-container\">\n\t\t\t\t\t<table class=\"tabla-id\" border=\"0\" width=\"100%\">\n<tbody>\n<tr>\n<th align=\"left\" width=\"100%\">Cortes<\/th>\n<\/tr>\n<tr>\n<td>Corte Caballero<\/td>\n<\/tr>\n<tr>\n<td>Corte sin secar<\/td>\n<\/tr>\n<tr>\n<td>Corte + secado<\/td>\n<\/tr>\n<tr>\n<td>Corte + secado melena<\/td>\n<\/tr>\n<tr>\n<td>Repaso corte<\/td>\n<\/tr>\n<tr>\n<td>Corte flequillo<\/td>\n<\/tr>\n<\/tbody>\n<\/table>\t\t\t\t<\/div>\n\t\t\t\t<\/div>\n\t\t\t\t\t<\/div>\n\t\t<\/div>\n\t\t\t\t<div class=\"elementor-column elementor-col-50 elementor-inner-column elementor-element elementor-element-7202ad9\" data-id=\"7202ad9\" data-element_type=\"column\">\n\t\t\t<div class=\"elementor-widget-wrap elementor-element-populated\">\n\t\t\t\t\t\t<div class=\"elementor-element elementor-element-e318e0b elementor-widget elementor-widget-html\" data-id=\"e318e0b\" data-element_type=\"widget\" data-widget_type=\"html.default\">\n\t\t\t\t<div class=\"elementor-widget-container\">\n\t\t\t\t\t<table class=\"tabla-id\" border=\"0\" width=\"100%\">\n<tbody>\n<tr>\n<th align=\"left\" width=\"100%\">Color<\/th>\n<\/tr>\n<tr>\n<td>Corte Illumina (Wella Professional)<br>\n<small>Tinte de oxidaci\u00f3n.<\/small><\/td>\n<\/tr>\n<tr>\n<td>Koleston ME + (Wella Professional)<br>\n<small>Tinte de oxidaci\u00f3n con tecnolog\u00eda ME+, hasta 60 veces menos propenso a causar una nueva alergia a la coloraci\u00f3n capilar.<\/small><\/td>\n<\/tr>\n<tr>\n<td>Elumen (Goldwell)<br>\n<small>Coloraci\u00f3n de alto rendimiento sin oxidaci\u00f3n +&nbsp; Colores con una luminosidad, un brillo y una durabilidad excepcional + Sin per\u00f3xido, sin amoniaco ni olor a amoniaco.<\/small><\/td>\n<\/tr>\n<tr>\n<td>Elumen Play Parcial<\/td>\n<\/tr>\n<tr>\n<td>Elumen Play Completo<\/td>\n<\/tr>\n<tr>\n<td>Color Doc (Jean Paul Myn\u00e8)<br>\n<small>Coloraci\u00f3n vegana (no oxidativa). Contiene amea y aloe vera.<\/small><\/td>\n<\/tr>\n<tr>\n<td>Decoloraci\u00f3n<\/td>\n<\/tr>\n<\/tbody>\n<\/table>\t\t\t\t<\/div>\n\t\t\t\t<\/div>\n\t\t\t\t\t<\/div>\n\t\t<\/div>\n\t\t\t\t\t<\/div>\n\t\t<\/section>\n\t\t\t\t<section class=\"wd-negative-gap elementor-section elementor-inner-section elementor-element elementor-element-f39df6c elementor-section-boxed elementor-section-height-default elementor-section-height-default\" data-id=\"f39df6c\" data-element_type=\"section\">\n\t\t\t\t\t\t<div class=\"elementor-container elementor-column-gap-default\">\n\t\t\t\t\t<div class=\"elementor-column elementor-col-50 elementor-inner-column elementor-element elementor-element-cd8ec1b\" data-id=\"cd8ec1b\" data-element_type=\"column\">\n\t\t\t<div class=\"elementor-widget-wrap elementor-element-populated\">\n\t\t\t\t\t\t<div class=\"elementor-element elementor-element-ca270de elementor-widget elementor-widget-html\" data-id=\"ca270de\" data-element_type=\"widget\" data-widget_type=\"html.default\">\n\t\t\t\t<div class=\"elementor-widget-container\">\n\t\t\t\t\t<table class=\"tabla-id\" border=\"0\" width=\"100%\">\n<tbody>\n<tr>\n<th align=\"left\" width=\"100%\">Peinados<\/th>\n<\/tr>\n<tr>\n<td>Lavado + Secado<\/td>\n<\/tr>\n<tr>\n<td>Lavado + Secado melena<\/td>\n<\/tr>\n<tr>\n<td>Peinado Ondas<\/td>\n<\/tr>\n<tr>\n<td>Semi recogido<\/td>\n<\/tr>\n<tr>\n<td>Recogido<\/td>\n<\/tr>\n<tr>\n<td>Rulos<\/td>\n<\/tr>\n<\/tbody>\n<\/table>\t\t\t\t<\/div>\n\t\t\t\t<\/div>\n\t\t\t\t\t<\/div>\n\t\t<\/div>\n\t\t\t\t<div class=\"elementor-column elementor-col-50 elementor-inner-column elementor-element elementor-element-88eff91\" data-id=\"88eff91\" data-element_type=\"column\">\n\t\t\t<div class=\"elementor-widget-wrap elementor-element-populated\">\n\t\t\t\t\t\t<div class=\"elementor-element elementor-element-9e5795b elementor-widget elementor-widget-html\" data-id=\"9e5795b\" data-element_type=\"widget\" data-widget_type=\"html.default\">\n\t\t\t\t<div class=\"elementor-widget-container\">\n\t\t\t\t\t<table class=\"tabla-id\" border=\"0\" width=\"100%\">\n<tbody>\n<tr>\n<th align=\"left\" width=\"100%\">Mechas<\/th>\n<\/tr>\n<tr>\n<td>Mechas Balayage<\/td>\n<\/tr>\n<tr>\n<td>Mechas Californianas<\/td>\n<\/tr>\n<tr>\n<td>Mechas Gorro<\/td>\n<\/tr>\n<tr>\n<td>Mechas Plata<\/td>\n<\/tr>\n<\/tbody>\n<\/table>\t\t\t\t<\/div>\n\t\t\t\t<\/div>\n\t\t\t\t\t<\/div>\n\t\t<\/div>\n\t\t\t\t\t<\/div>\n\t\t<\/section>\n\t\t\t\t<section class=\"wd-negative-gap elementor-section elementor-inner-section elementor-element elementor-element-703614c elementor-section-boxed elementor-section-height-default elementor-section-height-default\" data-id=\"703614c\" data-element_type=\"section\">\n\t\t\t\t\t\t<div class=\"elementor-container elementor-column-gap-default\">\n\t\t\t\t\t<div class=\"elementor-column elementor-col-50 elementor-inner-column elementor-element elementor-element-180251e\" data-id=\"180251e\" data-element_type=\"column\">\n\t\t\t<div class=\"elementor-widget-wrap elementor-element-populated\">\n\t\t\t\t\t\t<div class=\"elementor-element elementor-element-06f060d elementor-widget elementor-widget-html\" data-id=\"06f060d\" data-element_type=\"widget\" data-widget_type=\"html.default\">\n\t\t\t\t<div class=\"elementor-widget-container\">\n\t\t\t\t\t<table class=\"tabla-id\" border=\"0\" width=\"100%\">\n<tbody>\n<tr>\n<th align=\"left\" width=\"100%\">Tratamientos<\/th>\n<\/tr>\n<tr>\n<td>Hydre (Sebastian Professional)<br>\n<small>Tratamiento hidratante intenso.<\/small><\/td>\n<\/tr>\n<tr>\n<td>Penetrait (Sebastian Professional)<br>\n<small>Tratamiento fortalecedor<\/small><\/td>\n<\/tr>\n<tr>\n<td>Rellenador molecular (System Professional)<\/td>\n<\/tr>\n<tr>\n<td>Dermoabrasic\u00f3n (Nioxin)<br>\n<small>Tratamiento para el cuero cabelludo<\/small><\/td>\n<\/tr>\n<tr>\n<td>Olaplex<br>\n<small>Tratamiento de reconstruye el cabello<\/small><\/td>\n<\/tr>\n<tr>\n<td>ColorShine (Sebastian Professional)<br>\n<small>Tratamiento para el brillo (ba\u00f1o de color)<\/small><\/td>\n<\/tr>\n<\/tbody>\n<\/table>\t\t\t\t<\/div>\n\t\t\t\t<\/div>\n\t\t\t\t\t<\/div>\n\t\t<\/div>\n\t\t\t\t<div class=\"elementor-column elementor-col-50 elementor-inner-column elementor-element elementor-element-206a967\" data-id=\"206a967\" data-element_type=\"column\">\n\t\t\t<div class=\"elementor-widget-wrap elementor-element-populated\">\n\t\t\t\t\t\t<div class=\"elementor-element elementor-element-e3deb78 elementor-widget elementor-widget-html\" data-id=\"e3deb78\" data-element_type=\"widget\" data-widget_type=\"html.default\">\n\t\t\t\t<div class=\"elementor-widget-container\">\n\t\t\t\t\t<table class=\"tabla-id\" border=\"0\" width=\"100%\">\n<tbody>\n<tr>\n<th align=\"left\" width=\"100%\">Especiales<\/th>\n<\/tr>\n<tr>\n<td>Peinado Novia<\/td>\n<\/tr>\n<tr>\n<td>Prueba peinado novia<\/td>\n<\/tr>\n<tr>\n<td>Prueba peinado madrina<\/td>\n<\/tr>\n<tr>\n<td>Colocaci\u00f3n mantilla<\/td>\n<\/tr>\n<\/tbody>\n<\/table>\t\t\t\t<\/div>\n\t\t\t\t<\/div>\n\t\t\t\t\t<\/div>\n\t\t<\/div>\n\t\t\t\t\t<\/div>\n\t\t<\/section>\n\t\t\t\t<section class=\"wd-negative-gap elementor-section elementor-inner-section elementor-element elementor-element-31a3e9e elementor-section-boxed elementor-section-height-default elementor-section-height-default\" data-id=\"31a3e9e\" data-element_type=\"section\">\n\t\t\t\t\t\t<div class=\"elementor-container elementor-column-gap-default\">\n\t\t\t\t\t<div class=\"elementor-column elementor-col-50 elementor-inner-column elementor-element elementor-element-a78da6e\" data-id=\"a78da6e\" data-element_type=\"column\">\n\t\t\t<div class=\"elementor-widget-wrap elementor-element-populated\">\n\t\t\t\t\t\t<div class=\"elementor-element elementor-element-e69dc4e elementor-widget elementor-widget-html\" data-id=\"e69dc4e\" data-element_type=\"widget\" data-widget_type=\"html.default\">\n\t\t\t\t<div class=\"elementor-widget-container\">\n\t\t\t\t\t<table class=\"tabla-id\" border=\"0\" width=\"100%\">\n<tbody>\n<tr>\n<th align=\"left\" width=\"100%\">Keratinas y Alisados<\/th>\n<\/tr>\n<tr>\n<td>One touch<\/td>\n<\/tr>\n<tr>\n<td>Perfect Brush<\/td>\n<\/tr>\n<\/tbody>\n<\/table>\t\t\t\t<\/div>\n\t\t\t\t<\/div>\n\t\t\t\t\t<\/div>\n\t\t<\/div>\n\t\t\t\t<div class=\"elementor-column elementor-col-50 elementor-inner-column elementor-element elementor-element-8169058\" data-id=\"8169058\" data-element_type=\"column\">\n\t\t\t<div class=\"elementor-widget-wrap elementor-element-populated\">\n\t\t\t\t\t\t<div class=\"elementor-element elementor-element-e13ffb0 elementor-widget elementor-widget-html\" data-id=\"e13ffb0\" data-element_type=\"widget\" data-widget_type=\"html.default\">\n\t\t\t\t<div class=\"elementor-widget-container\">\n\t\t\t\t\t<table class=\"tabla-id\" border=\"0\" width=\"100%\">\n<tbody>\n<tr>\n<th align=\"left\" width=\"100%\">Manicura<\/th>\n<\/tr>\n<tr>\n<td>Est\u00e9tica<\/td>\n<\/tr>\n<tr>\n<td>Manicura permanente<\/td>\n<\/tr>\n<\/tbody>\n<\/table>\t\t\t\t<\/div>\n\t\t\t\t<\/div>\n\t\t\t\t\t<\/div>\n\t\t<\/div>\n\t\t\t\t\t<\/div>\n\t\t<\/section>\n\t\t\t\t<section class=\"wd-negative-gap elementor-section elementor-inner-section elementor-element elementor-element-10c518e elementor-section-boxed elementor-section-height-default elementor-section-height-default\" data-id=\"10c518e\" data-element_type=\"section\">\n\t\t\t\t\t\t<div class=\"elementor-container elementor-column-gap-default\">\n\t\t\t\t\t<div class=\"elementor-column elementor-col-50 elementor-inner-column elementor-element elementor-element-9a258fb\" data-id=\"9a258fb\" data-element_type=\"column\">\n\t\t\t<div class=\"elementor-widget-wrap elementor-element-populated\">\n\t\t\t\t\t\t<div class=\"elementor-element elementor-element-183d8a1 elementor-widget elementor-widget-html\" data-id=\"183d8a1\" data-element_type=\"widget\" data-widget_type=\"html.default\">\n\t\t\t\t<div class=\"elementor-widget-container\">\n\t\t\t\t\t<table class=\"tabla-id\" border=\"0\" width=\"100%\">\n<tbody>\n<tr>\n<th align=\"left\" width=\"50%\">Presupuestos<\/th>\n<\/tr>\n<tr>\n<td>Capacidad para grupos<\/td>\n<\/tr>\n<tr>\n<td>Novias a domicilio<\/td>\n<\/tr>\n<tr>\n<td>Reservas con mucha antelaci\u00f3n<\/td>\n<\/tr>\n<tr>\n<td>Planes de peluquer\u00eda y est\u00e9tica para novias y novios<br>\n<small>Prep\u00e1rate para casarte. Tratamientos faciales, corporales y del cabello, depilaci\u00f3n, etc. Para lucir espectacular el gran d\u00eda.<\/small><\/td>\n<\/tr>\n<\/tbody>\n<\/table>\t\t\t\t<\/div>\n\t\t\t\t<\/div>\n\t\t\t\t\t<\/div>\n\t\t<\/div>\n\t\t\t\t<div class=\"elementor-column elementor-col-50 elementor-inner-column elementor-element elementor-element-f8daeaf\" data-id=\"f8daeaf\" data-element_type=\"column\">\n\t\t\t<div class=\"elementor-widget-wrap elementor-element-populated\">\n\t\t\t\t\t\t<div class=\"elementor-element elementor-element-b98d56b elementor-widget elementor-widget-html\" data-id=\"b98d56b\" data-element_type=\"widget\" data-widget_type=\"html.default\">\n\t\t\t\t<div class=\"elementor-widget-container\">\n\t\t\t\t\t<table class=\"tabla-id\" border=\"0\" width=\"100%\">\n<tbody>\n<tr>\n<th align=\"left\" width=\"50%\">Servicios gratuitos<\/th>\n<\/tr>\n<tr>\n<td>Consulta capilar<\/td>\n<\/tr>\n<tr>\n<td>Diagn\u00f3stico capilar (c\u00e1mara)<\/td>\n<\/tr>\n<\/tbody>\n<\/table>\t\t\t\t<\/div>\n\t\t\t\t<\/div>\n\t\t\t\t\t<\/div>\n\t\t<\/div>\n\t\t\t\t\t<\/div>\n\t\t<\/section>\n\t\t\t\t\t<\/div>\n\t\t<\/div>\n\t\t\t\t\t<\/div>\n\t\t<\/section>\n\t\t\t\t<section class=\"wd-negative-gap elementor-section elementor-top-section elementor-element elementor-element-82f1958 elementor-section-boxed elementor-section-height-default elementor-section-height-default\" data-id=\"82f1958\" data-element_type=\"section\">\n\t\t\t\t\t\t<div class=\"elementor-container elementor-column-gap-default\">\n\t\t\t\t\t<div class=\"elementor-column elementor-col-100 elementor-top-column elementor-element elementor-element-f72bd75\" data-id=\"f72bd75\" data-element_type=\"column\">\n\t\t\t<div class=\"elementor-widget-wrap elementor-element-populated\">\n\t\t\t\t\t\t<div class=\"elementor-element elementor-element-7486700 color-scheme-inherit text-left elementor-widget elementor-widget-text-editor\" data-id=\"7486700\" data-element_type=\"widget\" data-widget_type=\"text-editor.default\">\n\t\t\t\t<div class=\"elementor-widget-container\">\n\t\t\t\t\t\t\t\t\t<p>En nuestros salones disponemos de unos bonos de fidelidad con los que podr\u00e1s disfrutar de un corte totalmente gratuito si vienes y sellas seis veces. Para los secados, la caducidad es de 4 meses y para cortes masculinos y femeninos, la fecha de vencimiento se extiende hasta los 14 meses.<\/p>\n\t\t\t\t\t\t\t\t<\/div>\n\t\t\t\t<\/div>\n\t\t\t\t\t<\/div>\n\t\t<\/div>\n\t\t\t\t\t<\/div>\n\t\t<\/section>\n\t\t\t\t<\/div>\n\t\t","protected":false},"excerpt":{"rendered":"<p>Para pedir presupuesto e informaci\u00f3n de nuestros servicios y productos, le recomendamos que llamen a nuestros salones:\u00a0 \u00a0 DISTRITO CENTRO<\/p>\n","protected":false},"author":2,"featured_media":0,"parent":0,"menu_order":0,"comment_status":"closed","ping_status":"closed","template":"elementor_header_footer","meta":{"_seopress_robots_primary_cat":"0","_seopress_titles_title":"Tarifas en Peluquer\u00eda y Est\u00e9tica en Luigi Studio, Sevilla","_seopress_titles_desc":"Nuestros precios siempre incluyen los champ\u00fas acondicionadores y todos los cuidados que el cliente necesita. Adem\u00e1s, siempre podr\u00e1 probar nuestras recomendaciones de manera gratuita. Accede a la web y comprueba las tarifas de las que disponemos o contacta con nosotros. \u00a1Te esperamos!","_seopress_robots_index":"","footnotes":""},"class_list":["post-283","page","type-page","status-publish","hentry"],"_links":{"self":[{"href":"https:\/\/www.luigistudio.com\/es\/wp-json\/wp\/v2\/pages\/283","targetHints":{"allow":["GET"]}}],"collection":[{"href":"https:\/\/www.luigistudio.com\/es\/wp-json\/wp\/v2\/pages"}],"about":[{"href":"https:\/\/www.luigistudio.com\/es\/wp-json\/wp\/v2\/types\/page"}],"author":[{"embeddable":true,"href":"https:\/\/www.luigistudio.com\/es\/wp-json\/wp\/v2\/users\/2"}],"replies":[{"embeddable":true,"href":"https:\/\/www.luigistudio.com\/es\/wp-json\/wp\/v2\/comments?post=283"}],"version-history":[{"count":17,"href":"https:\/\/www.luigistudio.com\/es\/wp-json\/wp\/v2\/pages\/283\/revisions"}],"predecessor-version":[{"id":37639,"href":"https:\/\/www.luigistudio.com\/es\/wp-json\/wp\/v2\/pages\/283\/revisions\/37639"}],"wp:attachment":[{"href":"https:\/\/www.luigistudio.com\/es\/wp-json\/wp\/v2\/media?parent=283"}],"curies":[{"name":"wp","href":"https:\/\/api.w.org\/{rel}","templated":true}]}}