{"id":442,"date":"2017-09-12T13:35:51","date_gmt":"2017-09-12T11:35:51","guid":{"rendered":"https:\/\/www.luigistudio.com\/es\/?page_id=442"},"modified":"2022-09-21T16:05:54","modified_gmt":"2022-09-21T14:05:54","slug":"terminos-y-condiciones","status":"publish","type":"page","link":"https:\/\/www.luigistudio.com\/es\/terminos-y-condiciones\/","title":{"rendered":"T\u00e9rminos y condiciones"},"content":{"rendered":"<h2>1. Registro comercial<\/h2>\n<p class=\"texto\">Luigi Studio Sevilla S.L.U.<\/p>\n<p class=\"texto\">Avenida Men\u00e9ndez Pelayo n\u00ba15. Sevilla 41003<\/p>\n<p class=\"texto\">Estos t\u00e9rminos y condiciones (T\u00e9rminos y Condiciones de venta\u201d) aplican a todas las transacciones de venta de mercanc\u00eda que se efect\u00faen a trav\u00e9s de este sitio web. S\u00edrvase leer cuidadosamente la totalidad de estos T\u00e9rminos y Condiciones de venta antes de realizar cualquier transacci\u00f3n. Por favor, tenga en cuenta que el uso de este sitio de web contin\u00faa sujeto a nuestros T\u00e9rminos y Condiciones generales a los que pod\u00e9is acceder haciendo clic aqu\u00ed.<\/p>\n<p class=\"texto\">Nos reservamos el derecho a realizar cambios a estos T\u00e9rminos y Condiciones de venta en cualquier momento y sin aviso previo, y es su responsabilidad releer estos T\u00e9rminos y Condiciones de venta antes de enviar cada orden de compra. Todo t\u00e9rmino modificado entrar\u00e1 en vigencia a partir de la fecha en que se publique en este sitio web.<\/p>\n<p class=\"texto\">El presente sitio web www.luigistudio.com, es operado por Luigi Studio Sevilla S.L.U. (cuyo nombre comercial es LUIGI STUDIO), empresa constituida Espa\u00f1a con CIF B91115410, con domicilio social en Avenida Men\u00e9ndez Pelayo n\u00ba15. Sevilla 41003 y registrada en el registro mercantil de Sevilla, Hoja n\u00ba SE-43623 tomo 3227, folio 92, (denominadas conjuntamente como \u201cnosotros\u00bb). Puede contactar con nosotros en la direcci\u00f3n arriba indicada.<\/p>\n<p class=\"texto\">Agradecemos su inter\u00e9s en los productos y servicios ofrecidos en el Sitio web y su visita a nuestro Sitio web.<br \/>\nSi tiene alguna pregunta relacionada con el Sitio web o con la informaci\u00f3n o los materiales contenidos en \u00e9l, p\u00f3ngase en contacto con nosotros por correo electr\u00f3nico en\u00a0info@luigistudio.com<\/p>\n<p class=\"texto\">El uso de este Sitio web est\u00e1 sujeto a las presentes Condiciones de Uso que regulan las normas b\u00e1sicas para su utilizaci\u00f3n. \u00a0Le rogamos que lea atentamente las presentes Condiciones de Uso. Al utilizar el Sitio web usted confirma la aceptaci\u00f3n de estas Condiciones de Uso y su sujeci\u00f3n a las mismas.\u00a0 Si no acepta las presentes Condiciones de Uso le rogamos que no utilice el Sitio web.<\/p>\n<div class=\"margen-2\"><\/div>\n<div class=\"linea-blanca\"><\/div>\n<div class=\"margen-2\"><\/div>\n<h2>2. C\u00f3mo ingresar una orden de compra<\/h2>\n<p class=\"texto\">1. Para realizar un pedido de un producto a trav\u00e9s de este sitio web, simplemente haga clic en la imagen del producto que desee comprar. Esto le brindar\u00e1 m\u00e1s informaci\u00f3n acerca del producto. Si es el producto correcto, haga clic en el bot\u00f3n \u201ccomprar\u201d.<\/p>\n<p class=\"texto\">2. Puede continuar comprando hasta que la \u201ccesta de la compra\u201d contenga todos los productos que desee comprar. Se pueden eliminar productos de la \u201ccesta de la compra\u201d en cualquier momento, as\u00ed como aumentar o disminuir la cantidad de productos seg\u00fan se requiera, insertando la informaci\u00f3n relevante y haciendo clic en el bot\u00f3n \u201cactualizar\u201d en la cesta de la compra. Una vez tenga sus productos en \u201cla cesta de la compra\u201d, haga clic en el bot\u00f3n de \u201cproceder a pagar\u201d.<\/p>\n<p class=\"texto\">3. Se abrir\u00e1 la \u201cP\u00e1gina de Pago\u201d donde se le pedir\u00e1 que rellene sus datos de contacto, direcci\u00f3n de entrega y de facturaci\u00f3n, y su forma de pago deseada. Una vez completado, haga click en el bot\u00f3n \u201crevisar pedido\u201d.<\/p>\n<p class=\"texto\">4. Se le mostrar\u00e1 una pantalla de Revisi\u00f3n de pedido, con la descripci\u00f3n del producto, la cantidad solicitada, las direcciones de entrega y facturaci\u00f3n, el m\u00e9todo de pago y el precio total a pagar. Tiene la oportunidad de controlar y corregir cualquier error en el pedido hasta el momento de la confirmaci\u00f3n, al hacer clic en el bot\u00f3n \u201chacer el pedido\u201c.<\/p>\n<p class=\"texto\">5. Una vez confirmado el pedido, y pasados unos segundos, en la pantalla se mostrar\u00e1 la confirmaci\u00f3n con el n\u00famero de pedido y nos indica que ha enviado la confirmaci\u00f3n de pedido al correo electr\u00f3nico.<\/p>\n<p class=\"texto\">6. Todos los pedidos que solicite a trav\u00e9s de este sitio web est\u00e1n sujetos a nuestra aprobaci\u00f3n de acuerdo con la cl\u00e1usula 4.6. Nos reservamos el derecho de retirar cualquier producto de este sitio Web o de no aceptar el pedido por cualquier raz\u00f3n y, en tales circunstancias, no seremos responsables ante usted ni ante ninguna otra persona. Tenga en cuenta que la p\u00e1gina de Informaci\u00f3n de pedidos a la que se refiere la cl\u00e1usula 2.5 no implica que hayamos \u00a0aceptado el pedido.<\/p>\n<div class=\"margen-2\"><\/div>\n<div class=\"linea-blanca\"><\/div>\n<div class=\"margen-2\"><\/div>\n<h2>3. Precios y promociones<\/h2>\n<p class=\"texto\">1. Todos los precios y gastos de este sitio web se muestran euros. Los precios indicados excluyen los gastos de env\u00edo. Los gastos de env\u00edo, de ser pertinentes, se muestran en la pantalla de Revisi\u00f3n del pedido. No nos responsabilizamos por cualquier otro impuesto a la importaci\u00f3n, impuesto a la venta, u otros gastos que puedan aplicarse en el destino de entrega.<\/p>\n<p class=\"texto\">2. Si bien procuramos que todos los precios que se muestran en este sitio web sean exactos, ocasionalmente puede incurrirse alg\u00fan error y los productos pueden exhibir precios equivocados. En caso de que notemos que existe un error en el precio de un producto, se lo informaremos tan pronto como sea posible y le consultaremos si desea mantener el pedido con el precio correcto o si desea cancelarlo. Si por alguna raz\u00f3n no pudi\u00e9ramos contactarle, consideraremos que su pedido ha sido cancelado. El dinero pagado por pedidos cancelados se reembolsar\u00e1 por completo dentro de los treinta (30) d\u00edas realizada la cancelaci\u00f3n.<\/p>\n<p class=\"texto\">3. En el caso de que los precios se hayan rebajado como parte de una promoci\u00f3n, dichos precios ser\u00e1n v\u00e1lidos \u00fanicamente mientras dure la promoci\u00f3n y s\u00f3lo ser\u00e1n aplicables a los pedidos aceptados dentro de ese per\u00edodo.<\/p>\n<p class=\"texto\">4. Nos reservamos el derecho de ajustar los precios de los productos, las ofertas, los productos, y las especificaciones de los productos disponibles a trav\u00e9s de este sitio web a nuestra discreci\u00f3n, en cualquier momento previo a la aceptaci\u00f3n de su pedido.<\/p>\n<div class=\"margen-2\"><\/div>\n<div class=\"linea-blanca\"><\/div>\n<div class=\"margen-2\"><\/div>\n<h2>4. Pago<\/h2>\n<p class=\"texto\">1. Todos los pedidos de productos que se realicen a trav\u00e9s de este sitio web se deben pagar utilizando alguna de las siguientes tarjetas de cr\u00e9dito o d\u00e9bito de Espa\u00f1a: Mastercard; Visa o Visa d\u00e9bito, o por transferencia bancaria.<\/p>\n<p class=\"texto\">2. El pago de los productos solicitados se cargar\u00e1 en la cuenta asociada a su tarjeta. En el pago por transferencia, el importe total del producto se abona en nuestra cuenta y despues se enviar\u00e1 el producto cuando comprobemos el ingreso.<\/p>\n<p class=\"texto\">3. El coste total de su pedido consiste en el precio de los productos m\u00e1s los gastos de env\u00edo, tal como se muestra en la pantalla de confirmaci\u00f3n del pedido. Todos los pagos con tarjetas de cr\u00e9dito se procesan a trav\u00e9s de Sis-T.Redsys<\/p>\n<p class=\"texto\">4. Debe confirmar que usted es el titular de la tarjeta de cr\u00e9dito o d\u00e9bito que est\u00e1 utilizando para la compra de productos a trav\u00e9s de este sitio web. Todos los titulares de tarjetas de cr\u00e9dito o d\u00e9bito est\u00e1n sujetos a controles de autorizaci\u00f3n y validaci\u00f3n por parte del emisor de la tarjeta. Si el emisor de su tarjeta se niega a autorizar el pago por cualquier raz\u00f3n, nosotros no aceptaremos su pedido y, en consecuencia, no seremos responsables de la demora de la entrega o no entregar el producto. No estamos obligados a informarle sobre la raz\u00f3n del rechazo.<\/p>\n<p class=\"texto\">5. No seremos responsables en caso de que el emisor de su tarjeta y\/o el banco le cobre gastos por el procesamiento de su pago con tarjeta de cr\u00e9dito o d\u00e9bito.<\/p>\n<p class=\"texto\">6. La aceptaci\u00f3n del pedido y la celebraci\u00f3n del contrato tendr\u00e1 lugar una vez que el emisor de su tarjeta de cr\u00e9dito o d\u00e9bito haya autorizado el pago del coste de los productos solicitados y nosotros le hayamos enviado un correo electr\u00f3nico con la confirmaci\u00f3n del pedido (\u201cConfirmaci\u00f3n por correo electr\u00f3nico\u201d). La Confirmaci\u00f3n por correo electr\u00f3nico confirmar\u00e1 su n\u00famero de pedido; la descripci\u00f3n, el precio y la cantidad de los productos pedidos; las direcciones de entrega y facturaci\u00f3n; el m\u00e9todo de pago y el total.<\/p>\n<p class=\"texto\">7. Los productos est\u00e1n sujetos a disponibilidad. Si por alguna raz\u00f3n despu\u00e9s de la aceptaci\u00f3n del pedido no pudi\u00e9ramos enviarle los productos solicitados dentro del plazo de entrega estimado, le informaremos tan pronto como sea posible y le daremos la opci\u00f3n de cancelar el pedido y de recibir el reembolso total de su dinero.<\/p>\n<div class=\"margen-2\"><\/div>\n<div class=\"linea-blanca\"><\/div>\n<div class=\"margen-2\"><\/div>\n<h2>5. Entrega, titularidad y riesgos<\/h2>\n<p class=\"texto\">1. Los productos que se adquieren a trav\u00e9s de este sitio web solo podr\u00e1n enviarse dentro de Espa\u00f1a. Los productos ser\u00e1n entregados en la direcci\u00f3n especificada en el pedido. No seremos responsables de los errores en la direcci\u00f3n de entrega.<\/p>\n<p class=\"texto\">2. En todos los casos, la entrega se realizar\u00e1 a trav\u00e9s de una empresa de mensajer\u00eda.<\/p>\n<p class=\"texto\">3. El plazo de entrega del pedido que especificamos en la Confirmaci\u00f3n por correo electr\u00f3nico es aproximado (Entre 3 y 5 d\u00edas laborables).<\/p>\n<p class=\"texto\">Si bien nos esforzaremos por cumplir con la entrega del pedido dentro de ese per\u00edodo, no asumimos ninguna responsabilidad por las entregas fuera de t\u00e9rmino debido a circunstancias externas que escapen a nuestro control, en todo caso el plazo m\u00e1ximo de entrega ser\u00e1 en 30 d\u00edas.<\/p>\n<p class=\"texto\">4. La propiedad de los productos solicitados le corresponder\u00e1 una vez recibido el pago total. Una vez que haya recibido los productos, usted ser\u00e1 responsable de cualquier da\u00f1o o p\u00e9rdida de los mismos. Si decidiera cancelar el pedido de acuerdo con la cl\u00e1usula 6, deber\u00e1 mantener los productos en un razonable estado de conservaci\u00f3n hasta que nos sean devueltos.<\/p>\n<div class=\"margen-2\"><\/div>\n<div class=\"linea-blanca\"><\/div>\n<div class=\"margen-2\"><\/div>\n<h2>6. Cancelaci\u00f3n pedido online y devoluci\u00f3n de productos<\/h2>\n<p class=\"texto\">1. Si desea devolver el pedido online, podr\u00e1 hacerlo en cualquier momento dentro de catorce (14) d\u00edas naturales inclusive a partir de la recepci\u00f3n de los productos. Toda cancelaci\u00f3n deber\u00e1 ser comunicada por escrito a trav\u00e9s del correo electr\u00f3nico <a href=\"mailto:info@luigistudio.com\" rel=\"noopener\" target=\"_blank\">info@luigistudio.com<\/a>. Puede descargar el formulario de desistimiento haciendo click <a href=\"https:\/\/www.luigistudio.com\/es\/wp-content\/uploads\/2022\/09\/6.-LSSICE.Formulario-de-Desistimiento.pdf\" rel=\"noopener\" target=\"_blank\">AQU\u00cd<\/a><\/p>\n<p class=\"texto\">2. Una vez realizada la petici\u00f3n de devoluci\u00f3n del pedido, todos los productos deber\u00e1n devolverse inmediatamente y, en cualquier caso, dentro de los catorce (14) d\u00edas naturales. Por razones de higiene, el producto debe estar sin utilizar y en perfectas condiciones. Incluyendo accesorios, documentaci\u00f3n y embalaje original. Para evitar dudas, todo producto que ha sido usado y\/o alterado no se considerar\u00e1 en condiciones a los fines de la cl\u00e1usula 6.2.<\/p>\n<p class=\"texto\">3. El riesgo que incurra la devoluci\u00f3n est\u00e1 bajo su responsabilidad y (seg\u00fan la cl\u00e1usula 6.5) bajo su coste. Recomendamos que los productos sean devueltos por medio de un servicio de mensajer\u00eda con un seguro para minimizar los riesgos de p\u00e9rdida.<\/p>\n<p class=\"texto\">4. Salvo lo dispuesto en la cl\u00e1usula 6.4, el dinero abonado por los productos que se detallan en el pedido cancelado se reembolsar\u00e1 a su tarjeta de cr\u00e9dito o de d\u00e9bito dentro de los 30 d\u00edas de haber recibido el aviso de cancelaci\u00f3n.<\/p>\n<p class=\"texto\">5. En caso de que incumpliera con la devoluci\u00f3n de los productos de acuerdo a lo dispuesto en la cl\u00e1usula 6.2, tendremos el derecho, seg\u00fan la cl\u00e1usula 6.3, a deducir del reembolso los gastos en los que incurramos para recuperar los productos.<\/p>\n<p class=\"texto\">6. Luigi Studio no realiza cambios, en todo caso podr\u00e1 devolver el pedido y realizar uno nuevo a trav\u00e9s de la tienda online.<\/p>\n<p class=\"texto\">7. No aceptamos devoluciones de productos que no se hayan realizado a trav\u00e9s de la tienda online oficial de luigi Studio (www.luigistudio.com)<\/p>\n<p class=\"texto\">8. Si ha comprado un producto ghd fuera de este canal (peluquer\u00eda u otra web) deber\u00e1 contactar con el mismo sitio donde la adquiri\u00f3.<\/p>\n<div class=\"margen-2\"><\/div>\n<div class=\"linea-blanca\"><\/div>\n<div class=\"margen-2\"><\/div>\n<h2>7. Informaci\u00f3n sobre el ejercicio del derecho de desistimiento<\/h2>\n<p class=\"texto\">1. Tiene usted derecho a desistir del presente contrato en un plazo de 14 d\u00edas naturales sin necesidad de justificaci\u00f3n.<\/p>\n<p class=\"texto\">2. El plazo de desistimiento expirar\u00e1 a los 14 d\u00edas naturales del d\u00eda que usted o un tercero por usted indicado, distinto del transportista, adquiri\u00f3 la posesi\u00f3n material de los bienes.<\/p>\n<p class=\"texto\">3. Para ejercer el derecho de desistimiento, deber\u00e1 usted notificar a Luigi Studio Sevilla S.L.U.., en Avenida Men\u00e9ndez Pelayo n\u00ba15. Sevilla 41003, \u00a0su decisi\u00f3n de desistir del contrato a trav\u00e9s de una declaraci\u00f3n inequ\u00edvoca (por ejemplo, una carta enviada por correo postal, fax o correo electr\u00f3nico). Podr\u00e1 utilizar el modelo de formulario de desistimiento que figura a continuaci\u00f3n, aunque su uso no es obligatorio. . Puede descargar el formulario de reclamaciones haciendo click <a href=\"https:\/\/www.luigistudio.com\/es\/wp-content\/uploads\/2022\/09\/7.-LSSICE.Formulario-de-Reclamaciones.pdf\" rel=\"noopener\" target=\"_blank\">AQU\u00cd<\/a><\/p>\n<p class=\"texto\">4. Para cumplir el plazo de desistimiento, basta con que la comunicaci\u00f3n relativa al ejercicio por su parte de este derecho sea enviada antes de que venza el plazo correspondiente.<\/p>\n<p class=\"texto\">5. Consecuencias del desistimiento:<\/p>\n<ul>\n<li>En caso de desistimiento por su parte, le devolveremos todos los pagos recibidos de usted, incluidos los gastos de entrega (en caso de que se le haya cobrado por hacer un pedido menor a 40\u20ac) sin ninguna demora indebida y, en todo caso, a m\u00e1s tardar 14 d\u00edas naturales a partir de la fecha en la que se nos informe de su decisi\u00f3n de desistir del presente contrato. Procederemos a efectuar dicho reembolso utilizando el mismo medio de pago empleado por usted para la transacci\u00f3n inicial, a no ser que haya usted dispuesto expresamente lo contrario; en todo caso, no incurrir\u00e1 en ning\u00fan gasto como consecuencia del reembolso. Si deber\u00e1 hacerse cargo del coste del env\u00edo de la devoluci\u00f3n. Podremos retener el reembolso hasta que usted haya presentado una prueba de la devoluci\u00f3n de los mismos, seg\u00fan qu\u00e9 condici\u00f3n se cumpla primero.<\/li>\n<li>Deber\u00e1 usted devolvernos o entregarnos directamente los bienes a por Luigi Studio Sevilla S.L.U en Avenida Men\u00e9ndez Pelayo n\u00ba15. Sevilla 41003, sin ninguna demora indebida y, en cualquier caso, a m\u00e1s tardar en el plazo de 14 d\u00edas naturales a partir de la fecha en que nos comunique su decisi\u00f3n de desistimiento del contrato. Se considerar\u00e1 cumplido el plazo si efect\u00faa la devoluci\u00f3n de los bienes antes de que haya concluido dicho plazo. Deber\u00e1 usted asumir el coste directo del env\u00edo en la devoluci\u00f3n de los bienes. Solo ser\u00e1 usted responsable de la disminuci\u00f3n de valor de los bienes resultante de una manipulaci\u00f3n distinta a la necesaria para establecer la naturaleza, las caracter\u00edsticas y el funcionamiento de los bienes.<\/li>\n<\/ul>\n<div class=\"margen-2\"><\/div>\n<div class=\"linea-blanca\"><\/div>\n<div class=\"margen-2\"><\/div>\n<h2>8.Propiedad intelectual<\/h2>\n<p class=\"texto\">1. Somos los titulares o licenciatarios de todos los derechos de autor, derechos sobre los dise\u00f1os, bases de datos, y otros derechos de propiedad intelectual e industrial relacionados con este Sitio web. \u00a0El uso que usted pueda hacer del Sitio web no le confiere ning\u00fan derecho sobre nuestros derechos de propiedad intelectual o industrial ni sobre los derechos de terceros. \u00a0Quedan reservados todos los derechos no expresamente cedidos.<\/p>\n<p class=\"texto\">2. Usted solo puede acceder al Sitio web para participar en el mismo, realizar Contribuciones (tal como se define a continuaci\u00f3n) o para realizar un pedido de Productos. Cualquier otro uso queda prohibido, salvo que nosotros lo autoricemos por escrito. Usted se compromete a no modificar ni eliminar los avisos de titularidad de los materiales descargados o impresos desde el Sitio web.<\/p>\n<p class=\"texto\">3. Usted no puede modificar, copiar, traducir, difundir, ejecutar, distribuir, enmarcar, reproducir, publicar, mostrar, transmitir ni vender los contenidos ni ninguna otra creaci\u00f3n protegida por la legislaci\u00f3n de propiedad intelectual e industrial que aparecen en este Sitio web.<\/p>\n<p class=\"texto\">4. Si usted imprime, copia o descarga cualquier parte de este Sitio web infringiendo estas Condiciones de Uso, su derecho a utilizar el Sitio web cesar\u00e1 de inmediato y deber\u00e1, a nuestro criterio, devolver o destruir todas las copias de los materiales que haya realizado.<\/p>\n<div class=\"margen-2\"><\/div>\n<h3>1. Garant\u00edas y responsabilidad<\/h3>\n<p class=\"texto\">1. Garantizamos en el momento de la entrega de los productos, \u00e9stos ser\u00e1n de una calidad satisfactoria, se ajustar\u00e1n a la descripci\u00f3n ofrecida en el sitio web y ser\u00e1n aptos para cumplir su prop\u00f3sito. A excepci\u00f3n del prop\u00f3sito generalmente aceptado de los productos comercializados a trav\u00e9s de este sitio web, usted no ha identificado ning\u00fan otro prop\u00f3sito espec\u00edfico.<\/p>\n<p class=\"texto\">2. Deber\u00e1 notificar al servicio t\u00e9cnico oficial de ghd.<\/p>\n<div class=\"margen-2\"><\/div>\n<h3>2. Renuncia a derechos<\/h3>\n<p class=\"texto\">1. Ni el incumplimiento ni la demora de alguna de las partes en hacer cumplir, en cualquier momento, uno o m\u00e1s de los t\u00e9rminos de estos T\u00e9rminos y Condiciones de venta ser\u00e1n considerados como un renuncia por la parte mencionada al t\u00e9rmino o derecho aqu\u00ed incluido, ni impedir\u00e1 a esa parte en cualquier momento posterior hacer cumplir todos los t\u00e9rminos de estos T\u00e9rminos y Condiciones de venta. Los derechos y recursos aqu\u00ed expuestos son acumulativos y no excluyen ning\u00fan derecho ni recurso estipulado por ley.<\/p>\n<div class=\"margen-2\"><\/div>\n<h3>3. Cese<\/h3>\n<p class=\"texto\">1. Si cualquier disposici\u00f3n o t\u00e9rmino de estos T\u00e9rminos y Condiciones de venta se convirtieran o declararan en conflicto con la ley o con la pol\u00edtica p\u00fablica o fuera considerado ilegal, nulo o no exigible por cualquier motivo, dicho t\u00e9rmino o disposici\u00f3n ser\u00e1 eliminado y considerado como eliminado de estos T\u00e9rminos y Condiciones de venta.<\/p>\n<div class=\"margen-2\"><\/div>\n<h3>4. Acuerdo completo<\/h3>\n<p class=\"texto\">1. Estos T\u00e9rminos y Condiciones de venta son la base de cualquier contrato celebrado entre usted y nuestra compa\u00f1\u00eda.<\/p>\n<div class=\"margen-2\"><\/div>\n<h3>5. Interpretaci\u00f3n<\/h3>\n<p class=\"texto\">1. En estos T\u00e9rminos y Condiciones de venta, donde el contexto admite:<\/p>\n<p class=\"texto\">2. referencias a cualquier otro documento, se refiere a aquel documento que haya sido cambiado, alterado o complementado de vez en cuando;<\/p>\n<p class=\"texto\">3. las referencias a cl\u00e1usula(s) son referencias a cl\u00e1usula(s) de estos T\u00e9rminos y Condiciones de venta;<\/p>\n<p class=\"texto\">4. la referencia al singular incluye el plural, y el masculino incluye el femenino.<\/p>\n<p class=\"texto\">5. Los t\u00edtulos y subt\u00edtulos se insertan \u00fanicamente con fines de practicidad y no deben afectar la interpretaci\u00f3n de estos T\u00e9rminos y Condiciones de venta.<\/p>\n<div class=\"margen-2\"><\/div>\n<h3>6. Terceros<\/h3>\n<p class=\"texto\">Estos t\u00e9rminos y Condiciones de venta no crean ni interfieren en ning\u00fan derecho de acuerdo con la legislaci\u00f3n espa\u00f1ola, cuyo cumplimiento puede ser exigido por cualquier persona que no sea parte de ning\u00fan contrato celebrado seg\u00fan estos T\u00e9rminos y Condiciones de venta.<\/p>\n<div class=\"margen-2\"><\/div>\n<h3>7. Derecho aplicable<\/h3>\n<p class=\"texto\">Estos T\u00e9rminos y Condiciones de venta se regir\u00e1n de acuerdo con la ley espa\u00f1ola.<\/p>\n<div class=\"margen-2\"><\/div>\n<h3>Cont\u00e1ctanos<\/h3>\n<p class=\"texto\">1. Si desea hacer preguntas o comentarios acerca de esta Pol\u00edtica de Privacidad y Protecci\u00f3n de Datos o sobre cualquier otro aspecto de este sitio web, por favor comun\u00edquese con:<\/p>\n<p class=\"texto\"><strong>Luigi Studio Sevilla S.L.U.\u2028<\/strong><br \/>\nA trav\u00e9s de email: info@luigistudio.com<\/p>\n","protected":false},"excerpt":{"rendered":"<p>1. Registro comercial Luigi Studio Sevilla S.L.U. Avenida Men\u00e9ndez Pelayo n\u00ba15. Sevilla 41003 Estos t\u00e9rminos y condiciones (T\u00e9rminos y Condiciones<\/p>\n","protected":false},"author":2,"featured_media":0,"parent":0,"menu_order":0,"comment_status":"closed","ping_status":"closed","template":"elementor_header_footer","meta":{"_seopress_robots_primary_cat":"0","_seopress_titles_title":"","_seopress_titles_desc":"","_seopress_robots_index":"","footnotes":""},"class_list":["post-442","page","type-page","status-publish","hentry"],"_links":{"self":[{"href":"https:\/\/www.luigistudio.com\/es\/wp-json\/wp\/v2\/pages\/442","targetHints":{"allow":["GET"]}}],"collection":[{"href":"https:\/\/www.luigistudio.com\/es\/wp-json\/wp\/v2\/pages"}],"about":[{"href":"https:\/\/www.luigistudio.com\/es\/wp-json\/wp\/v2\/types\/page"}],"author":[{"embeddable":true,"href":"https:\/\/www.luigistudio.com\/es\/wp-json\/wp\/v2\/users\/2"}],"replies":[{"embeddable":true,"href":"https:\/\/www.luigistudio.com\/es\/wp-json\/wp\/v2\/comments?post=442"}],"version-history":[{"count":0,"href":"https:\/\/www.luigistudio.com\/es\/wp-json\/wp\/v2\/pages\/442\/revisions"}],"wp:attachment":[{"href":"https:\/\/www.luigistudio.com\/es\/wp-json\/wp\/v2\/media?parent=442"}],"curies":[{"name":"wp","href":"https:\/\/api.w.org\/{rel}","templated":true}]}}