{"id":86,"date":"2016-11-22T17:44:22","date_gmt":"2016-11-22T16:44:22","guid":{"rendered":"https:\/\/www.luigistudio.com\/es\/?page_id=86"},"modified":"2022-02-02T17:32:19","modified_gmt":"2022-02-02T16:32:19","slug":"peluqueria-mujer","status":"publish","type":"page","link":"https:\/\/www.luigistudio.com\/es\/servicios\/peluqueria-mujer\/","title":{"rendered":"Peluquer\u00eda Mujer"},"content":{"rendered":"\t\t<div data-elementor-type=\"wp-page\" data-elementor-id=\"86\" class=\"elementor elementor-86\" data-elementor-post-type=\"page\">\n\t\t\t\t\t\t<section class=\"wd-negative-gap elementor-section elementor-top-section elementor-element elementor-element-3dd83cc elementor-section-boxed elementor-section-height-default elementor-section-height-default\" data-id=\"3dd83cc\" data-element_type=\"section\">\n\t\t\t\t\t\t<div class=\"elementor-container elementor-column-gap-default\">\n\t\t\t\t\t<div class=\"elementor-column elementor-col-66 elementor-top-column elementor-element elementor-element-a598add\" data-id=\"a598add\" data-element_type=\"column\">\n\t\t\t<div class=\"elementor-widget-wrap elementor-element-populated\">\n\t\t\t\t\t\t<div class=\"elementor-element elementor-element-91f6c89 color-scheme-inherit text-left elementor-widget elementor-widget-text-editor\" data-id=\"91f6c89\" data-element_type=\"widget\" data-widget_type=\"text-editor.default\">\n\t\t\t\t<div class=\"elementor-widget-container\">\n\t\t\t\t\t\t\t\t\t<div class=\"one_half last\"><p class=\"texto\">Hoy en d\u00eda, lucir una melena brillante y reluciente puede ser una tarea dif\u00edcil si no se tienen los mejores productos en tratamientos para el pelo. En Luigi Studio, gracias a nuestros profesionales del cabello, ofrecemos un servicio integral para conseguir que los clientes se sientan satisfechos. Primero de todo, el asesoramiento es una parte muy importante para conseguir un gran resultado, a partir de aqu\u00ed, seg\u00fan el gusto del cliente y los consejos de nuestros profesionales, se empezar\u00e1 a trabajar con el pelo.<\/p><p class=\"texto\">Las opciones de peinado son muy amplias, desde un recogido total o parcial, hasta mechas californianas o una permanente. Sin embargo, no solo nos centramos en un servicio de peluquer\u00eda, sino que gracias a nuestra dilatada experiencia podemos ofrecer tratamientos de salud para el cabello, aplicando t\u00e9cnicas y productos para conseguir el un gran resultado.<\/p><\/div><div class=\"clear\">\u00a0<\/div><div class=\"margen-2\">\u00a0<\/div><h2>LUIGI STUDIO, REFERENCIA EN TRATAMIENTOS DE SALUD PARA EL CABELLO EN SEVILLA<\/h2><div class=\"dos-columnas\"><p class=\"texto\">Si buscas un tratamiento de keratina en Sevilla, Luigi Studio alberga la mejor metodolog\u00eda para aplicar este proceso de mejora del cabello. Este tratamiento se centra sobre todo en corregir el encrespamiento y el pelo seco para ayudar a aquellas personas que tengan un pelo muy abierto con un rizo muy poroso.<\/p><p class=\"texto\">De esta manera, la melena adquirir\u00e1 un aspecto y textura m\u00e1s natural. Este tratamiento de keratina nunca da\u00f1ar\u00e1 al cabello, ya que est\u00e1 compuesto de keratina totalmente natural, creando a su vez una coraza que lo protege de los da\u00f1os externos. La duraci\u00f3n oscila entre los 3 y 6 meses.<\/p><p class=\"texto\">Por otra parte, otro de los tratamientos para el pelo es el tratamiento de elumen. Es un tinte totalmente diferente a los dem\u00e1s: mientras que en el resto se utilizan agua oxigenada, amoniaco y reacciones qu\u00edmicas, el elumen no da\u00f1a al cabello en absoluto ya que pega los pigmentos al cabello mediante iones. Sus resultados son incre\u00edbles: color intenso, brillo inigualable y un cabello excepcionalmente sano.<\/p><\/div>\t\t\t\t\t\t\t\t<\/div>\n\t\t\t\t<\/div>\n\t\t\t\t\t<\/div>\n\t\t<\/div>\n\t\t\t\t<div class=\"elementor-column elementor-col-33 elementor-top-column elementor-element elementor-element-e6bb2af\" data-id=\"e6bb2af\" data-element_type=\"column\">\n\t\t\t<div class=\"elementor-widget-wrap elementor-element-populated\">\n\t\t\t\t\t\t<div class=\"elementor-element elementor-element-672fdf4 elementor-widget elementor-widget-wd_image_or_svg\" data-id=\"672fdf4\" data-element_type=\"widget\" data-widget_type=\"wd_image_or_svg.default\">\n\t\t\t\t<div class=\"elementor-widget-container\">\n\t\t\t\t\t\n\t\t<div class=\"wd-image text-left\">\n\t\t\t\t\t\t\t\t<img  title=\"Peluquer\u00eda Mujer - Luigi Studio\" fetchpriority=\"high\" decoding=\"async\" width=\"500\" height=\"500\" src=\"https:\/\/www.luigistudio.com\/es\/wp-content\/uploads\/2016\/11\/peluqueria-mujer.jpg\" class=\"attachment-full size-full\" alt=\"\" srcset=\"https:\/\/www.luigistudio.com\/es\/wp-content\/uploads\/2016\/11\/peluqueria-mujer.jpg 500w, https:\/\/www.luigistudio.com\/es\/wp-content\/uploads\/2016\/11\/peluqueria-mujer-430x430.jpg 430w, https:\/\/www.luigistudio.com\/es\/wp-content\/uploads\/2016\/11\/peluqueria-mujer-150x150.jpg 150w, https:\/\/www.luigistudio.com\/es\/wp-content\/uploads\/2016\/11\/peluqueria-mujer-300x300.jpg 300w, https:\/\/www.luigistudio.com\/es\/wp-content\/uploads\/2016\/11\/peluqueria-mujer-120x120.jpg 120w\" sizes=\"(max-width: 500px) 100vw, 500px\" \/>\t\t\t\t\t<\/div>\n\n\t\t\t\t\t\t<\/div>\n\t\t\t\t<\/div>\n\t\t\t\t\t<\/div>\n\t\t<\/div>\n\t\t\t\t\t<\/div>\n\t\t<\/section>\n\t\t\t\t<section class=\"wd-negative-gap elementor-section elementor-top-section elementor-element elementor-element-7b3e09b5 elementor-section-boxed elementor-section-height-default elementor-section-height-default\" data-id=\"7b3e09b5\" data-element_type=\"section\">\n\t\t\t\t\t\t<div class=\"elementor-container elementor-column-gap-default\">\n\t\t\t\t\t<div class=\"elementor-column elementor-col-100 elementor-top-column elementor-element elementor-element-79e8f68c\" data-id=\"79e8f68c\" data-element_type=\"column\">\n\t\t\t<div class=\"elementor-widget-wrap elementor-element-populated\">\n\t\t\t\t\t\t<div class=\"elementor-element elementor-element-439d82e4 color-scheme-inherit text-left elementor-widget elementor-widget-text-editor\" data-id=\"439d82e4\" data-element_type=\"widget\" data-widget_type=\"text-editor.default\">\n\t\t\t\t<div class=\"elementor-widget-container\">\n\t\t\t\t\t\t\t\t\t<h2>Los mejores productos en tratamientos para el pelo<\/h2><div class=\"dos-columnas\"><p class=\"texto\">Luigi Studio solo trabaja con las mejores marcas del mercado. Por ello, tratamientos como el de keratina son de la prestigiosa firma Godwell.<\/p><p class=\"texto\">Tambi\u00e9n contamos con otras marcas de primera calidad, reconocidas en todo el mundo como Sebastian Professional. Para la prevenci\u00f3n de la ca\u00edda del cabello tenemos en nuestros centros la marca de Nioxin, as\u00ed como Moroccanoil, un noveodoso producto que aporta brillo y fortalece al cuero cabelludo, lo hidrata en profundidad y le da mucho volumen al pelo.<\/p><p class=\"texto\">Por otro lado, contamos con el certificado de vendedores oficiales de la prestigiosa marca de planchas GHD, referentes en el sector de peinado para mujeres.<\/p><\/div>\t\t\t\t\t\t\t\t<\/div>\n\t\t\t\t<\/div>\n\t\t\t\t\t<\/div>\n\t\t<\/div>\n\t\t\t\t\t<\/div>\n\t\t<\/section>\n\t\t\t\t<\/div>\n\t\t","protected":false},"excerpt":{"rendered":"<p>Hoy en d\u00eda, lucir una melena brillante y reluciente puede ser una tarea dif\u00edcil si no se tienen los mejores<\/p>\n","protected":false},"author":2,"featured_media":0,"parent":10,"menu_order":0,"comment_status":"closed","ping_status":"closed","template":"elementor_header_footer","meta":{"_seopress_robots_primary_cat":"0","_seopress_titles_title":"Peluquer\u00edas para Mujeres en Sevilla - Peluquer\u00eda y Est\u00e9tica Luigi Studio","_seopress_titles_desc":"Las opciones de peinado son muy amplias, desde un recogido total o parcial, hasta mechas californianas o una permanente. Adem\u00e1s podemos ofrecer tratamientos de salud para el cabello, aplicando t\u00e9cnicas y productos para conseguir el un gran resultado.","_seopress_robots_index":"","footnotes":""},"class_list":["post-86","page","type-page","status-publish","hentry"],"_links":{"self":[{"href":"https:\/\/www.luigistudio.com\/es\/wp-json\/wp\/v2\/pages\/86","targetHints":{"allow":["GET"]}}],"collection":[{"href":"https:\/\/www.luigistudio.com\/es\/wp-json\/wp\/v2\/pages"}],"about":[{"href":"https:\/\/www.luigistudio.com\/es\/wp-json\/wp\/v2\/types\/page"}],"author":[{"embeddable":true,"href":"https:\/\/www.luigistudio.com\/es\/wp-json\/wp\/v2\/users\/2"}],"replies":[{"embeddable":true,"href":"https:\/\/www.luigistudio.com\/es\/wp-json\/wp\/v2\/comments?post=86"}],"version-history":[{"count":0,"href":"https:\/\/www.luigistudio.com\/es\/wp-json\/wp\/v2\/pages\/86\/revisions"}],"up":[{"embeddable":true,"href":"https:\/\/www.luigistudio.com\/es\/wp-json\/wp\/v2\/pages\/10"}],"wp:attachment":[{"href":"https:\/\/www.luigistudio.com\/es\/wp-json\/wp\/v2\/media?parent=86"}],"curies":[{"name":"wp","href":"https:\/\/api.w.org\/{rel}","templated":true}]}}