{"id":95,"date":"2016-11-23T11:30:57","date_gmt":"2016-11-23T10:30:57","guid":{"rendered":"https:\/\/www.luigistudio.com\/es\/?page_id=95"},"modified":"2022-02-02T17:38:07","modified_gmt":"2022-02-02T16:38:07","slug":"peluqueria-hombre","status":"publish","type":"page","link":"https:\/\/www.luigistudio.com\/es\/servicios\/peluqueria-hombre\/","title":{"rendered":"Peluquer\u00eda Hombre"},"content":{"rendered":"\t\t<div data-elementor-type=\"wp-page\" data-elementor-id=\"95\" class=\"elementor elementor-95\" data-elementor-post-type=\"page\">\n\t\t\t\t\t\t<section class=\"wd-negative-gap elementor-section elementor-top-section elementor-element elementor-element-2084180 elementor-section-boxed elementor-section-height-default elementor-section-height-default\" data-id=\"2084180\" data-element_type=\"section\">\n\t\t\t\t\t\t<div class=\"elementor-container elementor-column-gap-default\">\n\t\t\t\t\t<div class=\"elementor-column elementor-col-66 elementor-top-column elementor-element elementor-element-784192f\" data-id=\"784192f\" data-element_type=\"column\">\n\t\t\t<div class=\"elementor-widget-wrap elementor-element-populated\">\n\t\t\t\t\t\t<div class=\"elementor-element elementor-element-6b99886 color-scheme-inherit text-left elementor-widget elementor-widget-text-editor\" data-id=\"6b99886\" data-element_type=\"widget\" data-widget_type=\"text-editor.default\">\n\t\t\t\t<div class=\"elementor-widget-container\">\n\t\t\t\t\t\t\t\t\t<div class=\"one_half last\"><p class=\"texto\">Cada vez los hombres son m\u00e1s conscientes del cuidado de su imagen y prueba de ello es el auge de las tendencias y los servicios en est\u00e9tica y peluquer\u00eda para ellos. Su principal preocupaci\u00f3n es el cuidado del cabello tanto en salud como en imagen. Por ello, Luigi Studio ofrece las \u00faltimas novedades de corte para caballeros, con un asesoramiento \u00fanico y exclusivo para conseguir un estilismo acorde a la personalidad de cada cliente.<\/p><p>Ofrecemos cortes elegantes, funcionales y bien marcados con influencias de las \u00faltimas novedades en peinados gracias a la experiencia de nuestro personal cualificado.<\/p><div class=\"margen-2\"><h2>\u00daltimas tendencias en cortes para caballero en Sevilla<\/h2><p class=\"texto\">El equipo humano de Luigi Studio ha asistido a numerosas convenciones nacionales e internacionales para absorber las nuevas tendencias en corte masculino para que luego, una vez est\u00e9 con el cliente, pueda dar consejo sobre el mejor estilo para cada caso.<\/p><p class=\"texto\">Nuestra atenci\u00f3n a la est\u00e9tica en los cortes para caballero en Sevilla tambi\u00e9n se centra en los productos para el tratamiento del cabello, sobre todo para evitar la ca\u00edda del mismo. Tambi\u00e9n contamos con champ\u00fas y mascarillas para potenciar el brillo y el volumen. Para el peinado trabajamos con Sebastian Profesional, una de las marcas cabecera del mercado.<\/p><\/div><\/div>\t\t\t\t\t\t\t\t<\/div>\n\t\t\t\t<\/div>\n\t\t\t\t\t<\/div>\n\t\t<\/div>\n\t\t\t\t<div class=\"elementor-column elementor-col-33 elementor-top-column elementor-element elementor-element-126baa0\" data-id=\"126baa0\" data-element_type=\"column\">\n\t\t\t<div class=\"elementor-widget-wrap elementor-element-populated\">\n\t\t\t\t\t\t<div class=\"elementor-element elementor-element-5efb1a4 elementor-widget elementor-widget-wd_image_or_svg\" data-id=\"5efb1a4\" data-element_type=\"widget\" data-widget_type=\"wd_image_or_svg.default\">\n\t\t\t\t<div class=\"elementor-widget-container\">\n\t\t\t\t\t\n\t\t<div class=\"wd-image text-left\">\n\t\t\t\t\t\t\t\t<img  title=\"Peluquer\u00eda Hombre - Luigi Studio\" fetchpriority=\"high\" decoding=\"async\" width=\"500\" height=\"500\" src=\"https:\/\/www.luigistudio.com\/es\/wp-content\/uploads\/2016\/11\/peluqueria-hombre-1.jpg\" class=\"attachment-full size-full\" alt=\"\" srcset=\"https:\/\/www.luigistudio.com\/es\/wp-content\/uploads\/2016\/11\/peluqueria-hombre-1.jpg 500w, https:\/\/www.luigistudio.com\/es\/wp-content\/uploads\/2016\/11\/peluqueria-hombre-1-430x430.jpg 430w, https:\/\/www.luigistudio.com\/es\/wp-content\/uploads\/2016\/11\/peluqueria-hombre-1-150x150.jpg 150w, https:\/\/www.luigistudio.com\/es\/wp-content\/uploads\/2016\/11\/peluqueria-hombre-1-300x300.jpg 300w, https:\/\/www.luigistudio.com\/es\/wp-content\/uploads\/2016\/11\/peluqueria-hombre-1-120x120.jpg 120w\" sizes=\"(max-width: 500px) 100vw, 500px\" \/>\t\t\t\t\t<\/div>\n\n\t\t\t\t\t\t<\/div>\n\t\t\t\t<\/div>\n\t\t\t\t\t<\/div>\n\t\t<\/div>\n\t\t\t\t\t<\/div>\n\t\t<\/section>\n\t\t\t\t<\/div>\n\t\t","protected":false},"excerpt":{"rendered":"<p>Cada vez los hombres son m\u00e1s conscientes del cuidado de su imagen y prueba de ello es el auge de<\/p>\n","protected":false},"author":2,"featured_media":0,"parent":10,"menu_order":0,"comment_status":"closed","ping_status":"closed","template":"elementor_header_footer","meta":{"_seopress_robots_primary_cat":"0","_seopress_titles_title":"Peluquer\u00edas para Hombres en Sevilla - Peluquer\u00eda y Est\u00e9tica Luigi Studio","_seopress_titles_desc":"Luigi Studio ofrece las \u00faltimas novedades de corte para caballeros, con un asesoramiento \u00fanico y exclusivo para conseguir un estilismo acorde a la personalidad de cada cliente. Ofrecemos cortes elegantes, funcionales y bien marcados con influencias de las \u00faltimas novedades en peinados.","_seopress_robots_index":"","footnotes":""},"class_list":["post-95","page","type-page","status-publish","hentry"],"_links":{"self":[{"href":"https:\/\/www.luigistudio.com\/es\/wp-json\/wp\/v2\/pages\/95","targetHints":{"allow":["GET"]}}],"collection":[{"href":"https:\/\/www.luigistudio.com\/es\/wp-json\/wp\/v2\/pages"}],"about":[{"href":"https:\/\/www.luigistudio.com\/es\/wp-json\/wp\/v2\/types\/page"}],"author":[{"embeddable":true,"href":"https:\/\/www.luigistudio.com\/es\/wp-json\/wp\/v2\/users\/2"}],"replies":[{"embeddable":true,"href":"https:\/\/www.luigistudio.com\/es\/wp-json\/wp\/v2\/comments?post=95"}],"version-history":[{"count":0,"href":"https:\/\/www.luigistudio.com\/es\/wp-json\/wp\/v2\/pages\/95\/revisions"}],"up":[{"embeddable":true,"href":"https:\/\/www.luigistudio.com\/es\/wp-json\/wp\/v2\/pages\/10"}],"wp:attachment":[{"href":"https:\/\/www.luigistudio.com\/es\/wp-json\/wp\/v2\/media?parent=95"}],"curies":[{"name":"wp","href":"https:\/\/api.w.org\/{rel}","templated":true}]}}