{"id":98,"date":"2016-11-23T11:37:53","date_gmt":"2016-11-23T10:37:53","guid":{"rendered":"https:\/\/www.luigistudio.com\/es\/?page_id=98"},"modified":"2022-02-02T17:43:17","modified_gmt":"2022-02-02T16:43:17","slug":"peluqueria-especializada-bodas","status":"publish","type":"page","link":"https:\/\/www.luigistudio.com\/es\/servicios\/peluqueria-especializada-bodas\/","title":{"rendered":"Peluquer\u00eda especializada en bodas"},"content":{"rendered":"\t\t<div data-elementor-type=\"wp-page\" data-elementor-id=\"98\" class=\"elementor elementor-98\" data-elementor-post-type=\"page\">\n\t\t\t\t\t\t<section class=\"wd-negative-gap elementor-section elementor-top-section elementor-element elementor-element-8ab70d7 elementor-section-boxed elementor-section-height-default elementor-section-height-default\" data-id=\"8ab70d7\" data-element_type=\"section\">\n\t\t\t\t\t\t<div class=\"elementor-container elementor-column-gap-default\">\n\t\t\t\t\t<div class=\"elementor-column elementor-col-66 elementor-top-column elementor-element elementor-element-f3e697c\" data-id=\"f3e697c\" data-element_type=\"column\">\n\t\t\t<div class=\"elementor-widget-wrap elementor-element-populated\">\n\t\t\t\t\t\t<div class=\"elementor-element elementor-element-9867c3c color-scheme-inherit text-left elementor-widget elementor-widget-text-editor\" data-id=\"9867c3c\" data-element_type=\"widget\" data-widget_type=\"text-editor.default\">\n\t\t\t\t<div class=\"elementor-widget-container\">\n\t\t\t\t\t\t\t\t\t<p class=\"texto\">A la hora de celebrar una boda todos los detalles deben estar bajo control y no hay nada que pueda salir mal. Por ello, una de las cosas m\u00e1s importantes de esta ceremonia es la imagen y la est\u00e9tica tanto de los novios como de los invitados. Prueba de ello son la cantidad de d\u00edas de antelaci\u00f3n con los que empezamos a organizar y preparar nuestro estilismo.<\/p>\n<p class=\"texto\">Luigi Studio, en su af\u00e1n por ofrecer un servicio integral en este \u00e1mbito, ha puesto todo su esfuerzo y sus conocimientos para ocuparse de los peinados para bodas, tanto en la novia como en todos los invitados.<\/p>\n<h2>Peluquer\u00eda especializada en bodas<\/h2>\n<p class=\"texto\">Despu\u00e9s de haber recibido numerosos encargos por parte de hoteles para realizar peinados para bodas en Sevilla, hemos querido ofrecer este servicio para todo aquel que necesite una peluquer\u00eda especializada en bodas. Gracias a nuestra versatilidad y nuestra experiencia, podremos dar un gran resultado tanto a hombres como a mujeres, adapt\u00e1ndonos a las circunstancias de estilismo de cada uno de los invitados. Desde recogidos completos, parciales, rizos o corte y secado para mujeres, hasta el corte de caballero adecuado para el evento.<\/p>\n<p class=\"texto\">Este apartado est\u00e1 altamente recomendado a aquellas bodas que se celebran en Sevilla en las cuales los invitados vienen de fuera de la provincia y necesitan encontrar una peluquer\u00eda para darle forma a su cabello y encontrar el look perfecto para el d\u00eda de la ceremonia. Gracias a la espl\u00e9ndida localizaci\u00f3n de nuestros centros, los invitados no tendr\u00e1n ning\u00fan problema para desplazarse a alguno de ellos.<\/p>\n<p class=\"texto\">Entendemos los momentos de desconcierto y nerviosismo que se generan alrededor de estos eventos, por lo que Luigi Studio se encargar\u00e1 de otorgar todas las comodidades y facilidades para hacer de este d\u00eda un momento inolvidable.<\/p>\n\t\t\t\t\t\t\t\t<\/div>\n\t\t\t\t<\/div>\n\t\t\t\t\t<\/div>\n\t\t<\/div>\n\t\t\t\t<div class=\"elementor-column elementor-col-33 elementor-top-column elementor-element elementor-element-ed963b0\" data-id=\"ed963b0\" data-element_type=\"column\">\n\t\t\t<div class=\"elementor-widget-wrap elementor-element-populated\">\n\t\t\t\t\t\t<div class=\"elementor-element elementor-element-ff33791 elementor-widget elementor-widget-wd_image_or_svg\" data-id=\"ff33791\" data-element_type=\"widget\" data-widget_type=\"wd_image_or_svg.default\">\n\t\t\t\t<div class=\"elementor-widget-container\">\n\t\t\t\t\t\n\t\t<div class=\"wd-image text-left\">\n\t\t\t\t\t\t\t\t<img  title=\"Peluquer\u00eda especializada en bodas - Luigi Studio\" fetchpriority=\"high\" decoding=\"async\" width=\"500\" height=\"500\" src=\"https:\/\/www.luigistudio.com\/es\/wp-content\/uploads\/2016\/11\/peluqueria-boda.jpg\" class=\"attachment-full size-full\" alt=\"\" srcset=\"https:\/\/www.luigistudio.com\/es\/wp-content\/uploads\/2016\/11\/peluqueria-boda.jpg 500w, https:\/\/www.luigistudio.com\/es\/wp-content\/uploads\/2016\/11\/peluqueria-boda-430x430.jpg 430w, https:\/\/www.luigistudio.com\/es\/wp-content\/uploads\/2016\/11\/peluqueria-boda-150x150.jpg 150w, https:\/\/www.luigistudio.com\/es\/wp-content\/uploads\/2016\/11\/peluqueria-boda-300x300.jpg 300w, https:\/\/www.luigistudio.com\/es\/wp-content\/uploads\/2016\/11\/peluqueria-boda-120x120.jpg 120w\" sizes=\"(max-width: 500px) 100vw, 500px\" \/>\t\t\t\t\t<\/div>\n\n\t\t\t\t\t\t<\/div>\n\t\t\t\t<\/div>\n\t\t\t\t\t<\/div>\n\t\t<\/div>\n\t\t\t\t\t<\/div>\n\t\t<\/section>\n\t\t\t\t<section class=\"wd-negative-gap elementor-section elementor-top-section elementor-element elementor-element-b68da62 elementor-section-boxed elementor-section-height-default elementor-section-height-default\" data-id=\"b68da62\" data-element_type=\"section\">\n\t\t\t\t\t\t<div class=\"elementor-container elementor-column-gap-default\">\n\t\t\t\t\t<div class=\"elementor-column elementor-col-100 elementor-top-column elementor-element elementor-element-32c181b\" data-id=\"32c181b\" data-element_type=\"column\">\n\t\t\t<div class=\"elementor-widget-wrap elementor-element-populated\">\n\t\t\t\t\t\t\t<\/div>\n\t\t<\/div>\n\t\t\t\t\t<\/div>\n\t\t<\/section>\n\t\t\t\t<\/div>\n\t\t","protected":false},"excerpt":{"rendered":"<p>A la hora de celebrar una boda todos los detalles deben estar bajo control y no hay nada que pueda<\/p>\n","protected":false},"author":2,"featured_media":0,"parent":10,"menu_order":0,"comment_status":"closed","ping_status":"closed","template":"elementor_header_footer","meta":{"_seopress_robots_primary_cat":"0","_seopress_titles_title":"Peluquer\u00eda especializada en Bodas en Sevilla - Luigi Studio","_seopress_titles_desc":"Luigi Studio, en su af\u00e1n por ofrecer un servicio integral en este \u00e1mbito, ha puesto todo su esfuerzo y sus conocimientos para ocuparse de los peinados para bodas, tanto en la novia como en todos los invitados.","_seopress_robots_index":"","footnotes":""},"class_list":["post-98","page","type-page","status-publish","hentry"],"_links":{"self":[{"href":"https:\/\/www.luigistudio.com\/es\/wp-json\/wp\/v2\/pages\/98","targetHints":{"allow":["GET"]}}],"collection":[{"href":"https:\/\/www.luigistudio.com\/es\/wp-json\/wp\/v2\/pages"}],"about":[{"href":"https:\/\/www.luigistudio.com\/es\/wp-json\/wp\/v2\/types\/page"}],"author":[{"embeddable":true,"href":"https:\/\/www.luigistudio.com\/es\/wp-json\/wp\/v2\/users\/2"}],"replies":[{"embeddable":true,"href":"https:\/\/www.luigistudio.com\/es\/wp-json\/wp\/v2\/comments?post=98"}],"version-history":[{"count":0,"href":"https:\/\/www.luigistudio.com\/es\/wp-json\/wp\/v2\/pages\/98\/revisions"}],"up":[{"embeddable":true,"href":"https:\/\/www.luigistudio.com\/es\/wp-json\/wp\/v2\/pages\/10"}],"wp:attachment":[{"href":"https:\/\/www.luigistudio.com\/es\/wp-json\/wp\/v2\/media?parent=98"}],"curies":[{"name":"wp","href":"https:\/\/api.w.org\/{rel}","templated":true}]}}