{"id":19713,"date":"2023-07-11T14:47:41","date_gmt":"2023-07-11T12:47:41","guid":{"rendered":"https:\/\/www.luigistudio.com\/es\/?post_type=product&#038;p=19713"},"modified":"2026-05-08T14:02:03","modified_gmt":"2026-05-08T12:02:03","slug":"secador-de-viaje-ghd-flight","status":"publish","type":"product","link":"https:\/\/www.luigistudio.com\/es\/secador-de-viaje-ghd-flight\/","title":{"rendered":"Secador de viaje GHD FLIGHT+"},"content":{"rendered":"<p>Compacto pero potente<br \/>\nCon un 78% de la potencia de un secador de tama\u00f1o normal*, ghd flight+ cuenta con un motor DC y una resistencia mejorada para un secado r\u00e1pido en todo momento.<\/p>\n<p>Secador plegable<br \/>\nUn 49% m\u00e1s ligero* y un 25% m\u00e1s peque\u00f1o*, ghd flight+ es el secador de viaje definitivo. Proporciona un secado r\u00e1pido, sin esfuerzo y de larga duraci\u00f3n en todo tipo de cabello gracias a su avanzada tecnolog\u00eda i\u00f3nica. Adem\u00e1s, cuenta con un mango plegable que lo hace muy f\u00e1cil de llevar en tu maleta lo que te permitir\u00e1 ahorrar mucho espacio.<\/p>\n<p>Una caracter\u00edstica que no pod\u00eda faltar este secador de viaje es su voltaje dual, lo que lo convertir\u00e1 en tu mayor imprescindible en cada viaje.<\/p>\n<p>Descubre la \u00faltima novedad de ghd en secadores de viaje y disfruta de la s\u00faper potencia del secador de pelo ghd flight+, \u00a1m\u00e1s ligero y m\u00e1s potente que nunca!<\/p>\n<p>Di adi\u00f3s a los secadores de hotel y d\u00ed hola a los good hair days con el nuevo secador de viaje ghd flight+.<\/p>\n","protected":false},"excerpt":{"rendered":"<p>El nuevo secador de viaje ghd flight+ es potente, premium, plegable y port\u00e1til. \u00a1Las vacaciones son para todo el a\u00f1o y los secadores de viaje tambi\u00e9n!<\/p>\n","protected":false},"featured_media":28149,"template":"","meta":{"_seopress_robots_primary_cat":"162","_seopress_titles_title":"","_seopress_titles_desc":"","_seopress_robots_index":""},"product_brand":[],"product_cat":[162,21],"product_tag":[],"class_list":{"0":"post-19713","1":"product","2":"type-product","3":"status-publish","4":"has-post-thumbnail","6":"product_cat-ghd","7":"product_cat-secadores","9":"first","10":"instock","11":"sale","12":"featured","13":"taxable","14":"shipping-taxable","15":"purchasable","16":"product-type-simple"},"_links":{"self":[{"href":"https:\/\/www.luigistudio.com\/es\/wp-json\/wp\/v2\/product\/19713","targetHints":{"allow":["GET"]}}],"collection":[{"href":"https:\/\/www.luigistudio.com\/es\/wp-json\/wp\/v2\/product"}],"about":[{"href":"https:\/\/www.luigistudio.com\/es\/wp-json\/wp\/v2\/types\/product"}],"version-history":[{"count":3,"href":"https:\/\/www.luigistudio.com\/es\/wp-json\/wp\/v2\/product\/19713\/revisions"}],"predecessor-version":[{"id":20745,"href":"https:\/\/www.luigistudio.com\/es\/wp-json\/wp\/v2\/product\/19713\/revisions\/20745"}],"wp:featuredmedia":[{"embeddable":true,"href":"https:\/\/www.luigistudio.com\/es\/wp-json\/wp\/v2\/media\/28149"}],"wp:attachment":[{"href":"https:\/\/www.luigistudio.com\/es\/wp-json\/wp\/v2\/media?parent=19713"}],"wp:term":[{"taxonomy":"product_brand","embeddable":true,"href":"https:\/\/www.luigistudio.com\/es\/wp-json\/wp\/v2\/product_brand?post=19713"},{"taxonomy":"product_cat","embeddable":true,"href":"https:\/\/www.luigistudio.com\/es\/wp-json\/wp\/v2\/product_cat?post=19713"},{"taxonomy":"product_tag","embeddable":true,"href":"https:\/\/www.luigistudio.com\/es\/wp-json\/wp\/v2\/product_tag?post=19713"}],"curies":[{"name":"wp","href":"https:\/\/api.w.org\/{rel}","templated":true}]}}