{"id":30914,"date":"2025-04-25T14:31:01","date_gmt":"2025-04-25T12:31:01","guid":{"rendered":"https:\/\/www.luigistudio.com\/es\/?post_type=product&#038;p=30914"},"modified":"2025-12-22T11:49:45","modified_gmt":"2025-12-22T10:49:45","slug":"tenacilla-triple-ghd-wave","status":"publish","type":"product","link":"https:\/\/www.luigistudio.com\/es\/tenacilla-triple-ghd-wave\/","title":{"rendered":"Tenacilla triple GHD WAVE"},"content":{"rendered":"<p>ghd Wave ser\u00e1 tu nueva aliada para conseguir ondas surferas y duraderas. Un look que atraer\u00e1 todas las miradas. Tu arma secreta para tener un good hair day todos los d\u00edas.<br \/>\nAvanzada Tecnolog\u00eda ghd<br \/>\nDise\u00f1ado con la tecnolog\u00eda avanzada de ghd, ghd Wave mantiene una temperatura \u00f3ptima de peinado a 185\u00baC, garantizando que tus ondas luzcan intactas durante todo el d\u00eda.<br \/>\nDi adi\u00f3s a las marcas y pliegues de las tenacillas convencionales. Con su innovadora pinza, ghd Wave cuenta con bordes suaves y curvados que garantizan unas ondas perfectas de la ra\u00edz a las puntas sin dejar se\u00f1al, dejando en tu pelo un aspecto natural sin esfuerzo. Los tres cilindros ergon\u00f3micos redise\u00f1ados con un revestimiento anodizado profesional, proporcionan hasta un 30% m\u00e1s de brillo\u00b3 y x2 veces menos de encrespamiento\u00b9, para conseguir unas ondas no s\u00f3lo bonitas sino tambi\u00e9n suaves en s\u00f3lo tres segundos.<br \/>\nModo suspensi\u00f3n<br \/>\nEquipada con un soporte de seguridad, su modo reposo autom\u00e1tico, la suspende tras 60 minutos de inactividad. Su punta fr\u00eda facilita su uso garantizando que tus sesiones de peinado sean seguras. Adem\u00e1s, con ghd Wave, al igual que con el resto de herramientas ghd, dispondr\u00e1s de 3 c\u00f3modos a\u00f1os de garant\u00eda.<\/p>\n<p>\u00b9 Prueba t\u00e9cnica en laboratorio sobre cabello encrespado, frente a cabello secado de forma natural<br \/>\n\u00b2 Da\u00f1o extremo por calor es una reducci\u00f3n fraccional de la resistencia a la tracci\u00f3n en h\u00famedo por ciclo superior a 0,005, medida en al menos 100 ciclos en cabello casta\u00f1o cauc\u00e1sico (una \u00abReducci\u00f3n de la resistencia\u00bb)<br \/>\n\u00b3 Prueba t\u00e9cnica de laboratorio en cabello casta\u00f1o, medida en comparaci\u00f3n con el cabello secado naturalmente.<\/p>\n","protected":false},"excerpt":{"rendered":"<p>Tenacilla triple ghd Wave<br \/>\nDa rienda suelta a la sirena que llevas dentro con la nueva tenacilla triple ghd Wave. Para las amantes del efecto \u00abafter beach\u00bb. Experimenta un peinado brillante, elegante y sin ning\u00fan esfuerzo.<\/p>\n","protected":false},"featured_media":30996,"template":"","meta":{"_seopress_robots_primary_cat":"none","_seopress_titles_title":"","_seopress_titles_desc":"","_seopress_robots_index":""},"product_brand":[],"product_cat":[162,22,194],"product_tag":[],"class_list":{"0":"post-30914","1":"product","2":"type-product","3":"status-publish","4":"has-post-thumbnail","6":"product_cat-ghd","7":"product_cat-rizadores","8":"product_cat-nuevo","10":"first","11":"outofstock","12":"sale","13":"featured","14":"taxable","15":"shipping-taxable","16":"purchasable","17":"product-type-simple"},"_links":{"self":[{"href":"https:\/\/www.luigistudio.com\/es\/wp-json\/wp\/v2\/product\/30914","targetHints":{"allow":["GET"]}}],"collection":[{"href":"https:\/\/www.luigistudio.com\/es\/wp-json\/wp\/v2\/product"}],"about":[{"href":"https:\/\/www.luigistudio.com\/es\/wp-json\/wp\/v2\/types\/product"}],"version-history":[{"count":1,"href":"https:\/\/www.luigistudio.com\/es\/wp-json\/wp\/v2\/product\/30914\/revisions"}],"predecessor-version":[{"id":30918,"href":"https:\/\/www.luigistudio.com\/es\/wp-json\/wp\/v2\/product\/30914\/revisions\/30918"}],"wp:featuredmedia":[{"embeddable":true,"href":"https:\/\/www.luigistudio.com\/es\/wp-json\/wp\/v2\/media\/30996"}],"wp:attachment":[{"href":"https:\/\/www.luigistudio.com\/es\/wp-json\/wp\/v2\/media?parent=30914"}],"wp:term":[{"taxonomy":"product_brand","embeddable":true,"href":"https:\/\/www.luigistudio.com\/es\/wp-json\/wp\/v2\/product_brand?post=30914"},{"taxonomy":"product_cat","embeddable":true,"href":"https:\/\/www.luigistudio.com\/es\/wp-json\/wp\/v2\/product_cat?post=30914"},{"taxonomy":"product_tag","embeddable":true,"href":"https:\/\/www.luigistudio.com\/es\/wp-json\/wp\/v2\/product_tag?post=30914"}],"curies":[{"name":"wp","href":"https:\/\/api.w.org\/{rel}","templated":true}]}}