{"id":32846,"date":"2025-07-15T12:26:34","date_gmt":"2025-07-15T10:26:34","guid":{"rendered":"https:\/\/www.luigistudio.com\/es\/?post_type=product&#038;p=32846"},"modified":"2026-05-05T14:32:42","modified_gmt":"2026-05-05T12:32:42","slug":"rizador-ghd-chronos-curve-conical","status":"publish","type":"product","link":"https:\/\/www.luigistudio.com\/es\/rizador-ghd-chronos-curve-conical\/","title":{"rendered":"Rizador GHD CHRONOS CURVE CONICAL"},"content":{"rendered":"<p>Dise\u00f1o del barril<br \/>\nDise\u00f1ado con un elegante barril de forma c\u00f3nica de 28-23 mm, este rizador profesional permite conseguir de forma f\u00e1cil ondas y rizos de alta definici\u00f3n x3 veces m\u00e1s r\u00e1pidas\u00b9. Su tecnolog\u00eda avanzada Curl Responsive, responde intuitivamente a tus movimientos para mantener la temperatura \u00f3ptima de 185\u00b0C de la ra\u00edz a las puntas, por lo que cada giro, envoltura y movimiento, crea resultados uniformes y ultrabrillantes en tan s\u00f3lo 3 segundos.<br \/>\nResultados obtenidos<br \/>\nEste rizador ha sido especialmente pensado para crear una textura desenfadada sin esfuerzo, unas ondas naturales a la vez que elegantes. Su forma c\u00f3nica ha sido dise\u00f1ada para conseguir unos rizos imperfectos y un peinado duradero\u00b3 con una fijaci\u00f3n del rizo de hasta 24 horas\u00b3. Hasta un 50% m\u00e1s de suavidad en el cabello,\u2076 un 50% m\u00e1s de brillo,\u2075 y unas ondas suaves y definidas que atraer\u00e1n todas las miradas.<br \/>\nLuce unas ondas ultrasuaves y sin encrespamiento\u00b2 gracias al cilindro de alto rendimiento, recubierto de material anodizado para un mayor control y un deslizamiento de lujo.<\/p>\n<p>Este rizador tambi\u00e9n cuenta con una punta fr\u00eda, soporte de seguridad integrado, voltaje universal y modo de reposo autom\u00e1tico tras 20 minutos sin uso. Adem\u00e1s, el cable profesional de 2,7 m y el guante de peinado incluido hacen que su uso sea una aut\u00e9ntica fantas\u00eda.<\/p>\n<p>Tanto si te apetece lucir un peinado playero y relajado como un peinado glamuroso y elegante, el rizador c\u00f3nico ghd Chronos Curve ser\u00e1 tu mejor aliado para conseguir unos rizos perfectos, con mucho brillo y poder de fijaci\u00f3n.<\/p>\n<p>\u00b9 Vs Rizador de la competencia a 190oC. Prueba de laboratorio. Medici\u00f3n del tiempo necesario para formar la misma longitud de rizo (excluyendo la varilla m\u00e1xima)<br \/>\n180-190oC para 26mm, 190oC para 32mm y c\u00f3nico. Tiempo de medici\u00f3n en laboratorio para formar el mismo rizo.<br \/>\n\u00b2 Pruebas de consumidores, enero-febrero&#8217;24. una media del 73% de 921 consumidores est\u00e1 de acuerdo en que ghd chronos curve forma rizos y ondas sin encrespamiento.<br \/>\nCuando se utiliza con spray fijador de rizos. Prueba t\u00e9cnica que mide la retenci\u00f3n del rizo en una c\u00e1mara h\u00fameda al 50% de humedad relativa.<br \/>\n\u2074 Da\u00f1o extremo por calor es una reducci\u00f3n fraccional de la resistencia a la tracci\u00f3n en h\u00famedo por ciclo superior a 0,005, medida durante al menos 100 ciclos en cabello casta\u00f1o cauc\u00e1sico (una \u00abReducci\u00f3n de la resistencia\u00bb)<br \/>\n\u2075 Prueba t\u00e9cnica en laboratorio en cabello moreno, frente a cabello secado naturalmente<br \/>\n\u2076 Prueba de consumidores para 26mm &#038; Concial, enero-febrero&#8217;24. El 80% de 107 consumidores est\u00e1n de acuerdo en que ghd chronos curve hace rizos y ondas r\u00e1pidos y f\u00e1ciles. Prueba t\u00e9cnica para 32mm &#038; Jasmine Vs rizador de la competencia ajustado a 185oC. Prueba de laboratorio que mide el tiempo necesario para formar la misma longitud de rizo.<\/p>\n","protected":false},"excerpt":{"rendered":"<p>Rizador ghd Chronos Curve Conical<br \/>\nPresentamos el rizador c\u00f3nico ghd Chronos Curve Conical para unas ondas surferas sin esfuerzo que mantienen su forma pasadas 24 horas.<\/p>\n","protected":false},"featured_media":43593,"template":"","meta":{"_seopress_robots_primary_cat":"none","_seopress_titles_title":"","_seopress_titles_desc":"","_seopress_robots_index":""},"product_brand":[],"product_cat":[162,22,194],"product_tag":[],"class_list":{"0":"post-32846","1":"product","2":"type-product","3":"status-publish","4":"has-post-thumbnail","6":"product_cat-ghd","7":"product_cat-rizadores","8":"product_cat-nuevo","10":"first","11":"instock","12":"sale","13":"taxable","14":"shipping-taxable","15":"purchasable","16":"product-type-simple"},"_links":{"self":[{"href":"https:\/\/www.luigistudio.com\/es\/wp-json\/wp\/v2\/product\/32846","targetHints":{"allow":["GET"]}}],"collection":[{"href":"https:\/\/www.luigistudio.com\/es\/wp-json\/wp\/v2\/product"}],"about":[{"href":"https:\/\/www.luigistudio.com\/es\/wp-json\/wp\/v2\/types\/product"}],"version-history":[{"count":1,"href":"https:\/\/www.luigistudio.com\/es\/wp-json\/wp\/v2\/product\/32846\/revisions"}],"predecessor-version":[{"id":32855,"href":"https:\/\/www.luigistudio.com\/es\/wp-json\/wp\/v2\/product\/32846\/revisions\/32855"}],"wp:featuredmedia":[{"embeddable":true,"href":"https:\/\/www.luigistudio.com\/es\/wp-json\/wp\/v2\/media\/43593"}],"wp:attachment":[{"href":"https:\/\/www.luigistudio.com\/es\/wp-json\/wp\/v2\/media?parent=32846"}],"wp:term":[{"taxonomy":"product_brand","embeddable":true,"href":"https:\/\/www.luigistudio.com\/es\/wp-json\/wp\/v2\/product_brand?post=32846"},{"taxonomy":"product_cat","embeddable":true,"href":"https:\/\/www.luigistudio.com\/es\/wp-json\/wp\/v2\/product_cat?post=32846"},{"taxonomy":"product_tag","embeddable":true,"href":"https:\/\/www.luigistudio.com\/es\/wp-json\/wp\/v2\/product_tag?post=32846"}],"curies":[{"name":"wp","href":"https:\/\/api.w.org\/{rel}","templated":true}]}}