{"id":32856,"date":"2025-07-15T12:27:04","date_gmt":"2025-07-15T10:27:04","guid":{"rendered":"https:\/\/www.luigistudio.com\/es\/?post_type=product&#038;p=32856"},"modified":"2026-05-05T14:36:35","modified_gmt":"2026-05-05T12:36:35","slug":"tenacilla-ghd-chronos-curve-classic","status":"publish","type":"product","link":"https:\/\/www.luigistudio.com\/es\/tenacilla-ghd-chronos-curve-classic\/","title":{"rendered":"Tenacilla GHD CHRONOS CURVE CLASSIC"},"content":{"rendered":"<p>Resultados obtenidos<br \/>\nConsigue rizos y ondas definidas con un acabado esculpido. Hasta un 50% m\u00e1s suave\u2077 y un 50% m\u00e1s de brillo\u2075. Tanto para un look formal y elegante como si le das un toque especial a tu look diario, la tenacilla ghd Chronos Classic, te ofrece unas ondas definidas que duran hasta 24 horas\u00b3.<\/p>\n<p>El barril de alto rendimiento cuanta con un revestimiento anodizado para un mayor control y precisi\u00f3n, mientras que la punta fr\u00eda, el soporte de seguridad incorporado y el guante de peinado incluido, hacen que el peinado sea seguro y sin esfuerzo.<\/p>\n<p>La tenacilla se apaga autom\u00e1ticamente tras 20 minutos de inactividad, para que puedas dejar de usarla sin preocupaciones. Con voltaje universal, un cable profesional de 2,7 m y un dise\u00f1o elegante que sienta tan bien como parece, \u00e9ste es tu atajo para conseguir unos rizos que atraer\u00e1n todas las miradas, r\u00e1pidamente.<\/p>\n<p>Atrae todas las miradas, peina con precisi\u00f3n y consigue que tu cabello quede m\u00e1s brillante con la tenacilla ghd Chronos Curve Classic que todos necesitamos tener.<\/p>\n<p>\u00b9 Vs rizador de la competencia a 190\u00b0C. Pruebas de laboratorio para medir el tiempo necesario para formar el mismo rizo (excluyendo la varilla m\u00e1xima) 180-190\u00b0C para 26mm, 190\u00b0C para 32mm y c\u00f3nico. Prueba de laboratorio para medir el tiempo necesario para formar el mismo rizo.<br \/>\n\u00b2 Pruebas con consumidores, enero-febrero&#8217;24. una media del 73% de 921 consumidores est\u00e1 de acuerdo en que ghd chronos curve consigue rizos y ondas sin encrespamiento.<br \/>\nCuando se utiliza con spray fijador de rizos. Prueba t\u00e9cnica que mide la retenci\u00f3n del rizo en una c\u00e1mara h\u00fameda con una humedad relativa del 50%<br \/>\n\u2074 El da\u00f1o extremo por calor es una reducci\u00f3n fraccional de la resistencia a la tracci\u00f3n en h\u00famedo por ciclo superior a 0,005, medida durante al menos 100 ciclos en cabello casta\u00f1o cauc\u00e1sico (una \u00abReducci\u00f3n de la resistencia\u00bb)<br \/>\n\u2075 Prueba t\u00e9cnica en laboratorio en cabello moreno, medida frente a cabello secado naturalmente<br \/>\n\u2076 El 72% de 111 consumidores est\u00e1 de acuerdo: Proporciona un rizado\/afeitado ultrarr\u00e1pido<br \/>\n\u2077 Prueba t\u00e9cnica en laboratorio en cabello encrespado que mide la reducci\u00f3n del encrespamiento tras el rizado frente al cabello secado natural como medida de suavidad<\/p>\n","protected":false},"excerpt":{"rendered":"<p>Tenacilla ghd Chronos Curve Classic para ondas definidas<br \/>\nLa tenacilla ghd Chronos Curve Classic es tu nueva elecci\u00f3n para conseguir rizos r\u00e1pidos\u2076, impecables y de alta definici\u00f3n que se mantienen de d\u00eda y de noche.<br \/>\nNo se trata de una tenacilla cualquiera, sino de la tecnolog\u00eda que responde a tus movimentos y se adapta a tu forma de peinado. Esta tenacilla cuenta con un barril profesional de 26mm que se adapta al peinado y una pinza ergon\u00f3mica para crear ondas sin esfuerzo, manteniendo la temperatura \u00f3ptima de 185\u00b0C de la ra\u00edz a las puntas para un peinado r\u00e1pido\u2076. Resultados de alta definici\u00f3n, sea cual sea tu tipo de cabello.<\/p>\n","protected":false},"featured_media":43596,"template":"","meta":{"_seopress_robots_primary_cat":"none","_seopress_titles_title":"","_seopress_titles_desc":"","_seopress_robots_index":""},"product_brand":[],"product_cat":[162,22,194],"product_tag":[],"class_list":{"0":"post-32856","1":"product","2":"type-product","3":"status-publish","4":"has-post-thumbnail","6":"product_cat-ghd","7":"product_cat-rizadores","8":"product_cat-nuevo","10":"first","11":"instock","12":"sale","13":"taxable","14":"shipping-taxable","15":"purchasable","16":"product-type-simple"},"_links":{"self":[{"href":"https:\/\/www.luigistudio.com\/es\/wp-json\/wp\/v2\/product\/32856","targetHints":{"allow":["GET"]}}],"collection":[{"href":"https:\/\/www.luigistudio.com\/es\/wp-json\/wp\/v2\/product"}],"about":[{"href":"https:\/\/www.luigistudio.com\/es\/wp-json\/wp\/v2\/types\/product"}],"version-history":[{"count":1,"href":"https:\/\/www.luigistudio.com\/es\/wp-json\/wp\/v2\/product\/32856\/revisions"}],"predecessor-version":[{"id":32864,"href":"https:\/\/www.luigistudio.com\/es\/wp-json\/wp\/v2\/product\/32856\/revisions\/32864"}],"wp:featuredmedia":[{"embeddable":true,"href":"https:\/\/www.luigistudio.com\/es\/wp-json\/wp\/v2\/media\/43596"}],"wp:attachment":[{"href":"https:\/\/www.luigistudio.com\/es\/wp-json\/wp\/v2\/media?parent=32856"}],"wp:term":[{"taxonomy":"product_brand","embeddable":true,"href":"https:\/\/www.luigistudio.com\/es\/wp-json\/wp\/v2\/product_brand?post=32856"},{"taxonomy":"product_cat","embeddable":true,"href":"https:\/\/www.luigistudio.com\/es\/wp-json\/wp\/v2\/product_cat?post=32856"},{"taxonomy":"product_tag","embeddable":true,"href":"https:\/\/www.luigistudio.com\/es\/wp-json\/wp\/v2\/product_tag?post=32856"}],"curies":[{"name":"wp","href":"https:\/\/api.w.org\/{rel}","templated":true}]}}