{"id":32873,"date":"2025-07-15T12:27:33","date_gmt":"2025-07-15T10:27:33","guid":{"rendered":"https:\/\/www.luigistudio.com\/es\/?post_type=product&#038;p=32873"},"modified":"2026-05-05T14:30:53","modified_gmt":"2026-05-05T12:30:53","slug":"tenacilla-ghd-chronos-curve-grand","status":"publish","type":"product","link":"https:\/\/www.luigistudio.com\/es\/tenacilla-ghd-chronos-curve-grand\/","title":{"rendered":"Tenacilla GHD CHRONOS CURVE GRAND"},"content":{"rendered":"<p>Barril m\u00e1s ancho<br \/>\nUn barril profesional de 32mm, que proporciona a esta tenacilla, el dise\u00f1o perfecto para conseguir resultados sin esfuerzo a la vez que duraderos. Ya sea para un look glamuroso o para a\u00f1adir un toque diferente y con personalidad a tu look diario, la tenacilla ghd Chronos Curve Grand, te ayudar\u00e1 a conseguir un peinado espectacular, y lo mejor de todo, en tiempo r\u00e9cord.<br \/>\nTecnolog\u00eda Curl Responsive<br \/>\nGracias a su tecnolog\u00eda inteligente, esta herramienta se adapta a tu forma de peinarte, manteniendo una temperatura constante de 185\u00b0C en todo el barril para conseguir resultados suaves\u2076 de la ra\u00edz a las puntas durante todo el peinado. Sin da\u00f1os extremos por el calor\u2074. Unos rizos definidos que lucen como si acabaras de salir de un sal\u00f3n de belleza.<\/p>\n<p>El barril de alto rendimiento, acabado con un revestimiento anodizado, ofrece un control total y un deslizamiento sin esfuerzo, proporcionando un acabado perfecto sin encrespamiento\u00b2 y hasta un 50% m\u00e1s de suavidad \u2077 y un 50% m\u00e1s de brillo\u2075 con cada giro.Tus rizos mantendr\u00e1n su volumen inicial pasadas 24 horas\u00b3 desde su peinado, sin necesidad de retocar.<br \/>\nExtra de seguridad<br \/>\nSu punta fr\u00eda, el soporte integrado y el modo de reposo autom\u00e1tico despu\u00e9s de 20 minutos, te proporcionan una tranquilidad total, mientras que el voltaje universal, el guante moldeador y el cable profesional de 2,7 m de longitud facilitan el peinado, tanto si est\u00e1s en casa como de viaje.<\/p>\n<p>Para unos rizos con volumen, brillo y resistencia, la tenacilla ghd Chronos Curve Grand est\u00e1 lista para subir el list\u00f3n de looks impecables y elegantes.<\/p>\n<p>\u00b9 Vs rizador de la competencia a 190\u00b0C. Prueba de laboratorio de medici\u00f3n del tiempo necesario para formar la misma longitud de rizo (excluyendo la varilla m\u00e1xima)<br \/>\n180-190oC para 26mm, 190\u00b0C para 32mm y c\u00f3nico. Prueba de laboratorio para medir el tiempo necesario para formar el mismo rizo.<br \/>\n\u00b2 Pruebas de consumidores, enero-febrero&#8217;24. una media del 73% de 921 consumidores est\u00e1 de acuerdo en que ghd chronos curve forma rizos y ondas sin encrespamiento.<br \/>\nCuando se utiliza con spray fijador de rizos. Prueba t\u00e9cnica que mide la retenci\u00f3n de los rizos en una c\u00e1mara h\u00fameda al 50% de humedad relativa<br \/>\n\u2074 El da\u00f1o extremo por calor es una reducci\u00f3n fraccional de la resistencia a la tracci\u00f3n en h\u00famedo por ciclo superior a 0,005, medida en al menos 100 ciclos en cabello casta\u00f1o cauc\u00e1sico (una \u00abReducci\u00f3n de la resistencia\u00bb)<br \/>\n\u2075 Prueba t\u00e9cnica en laboratorio en cabello moreno, frente a cabello secado de forma natural<br \/>\n\u2076 El 81% de 110 consumidores est\u00e1 de acuerdo: Proporciona resultados suaves<br \/>\n\u2077 Prueba t\u00e9cnica en laboratorio sobre cabello encrespado que mide la reducci\u00f3n del encrespamiento tras el rizado frente al cabello secado de forma natural como medida de suavidad.<\/p>\n","protected":false},"excerpt":{"rendered":"<p>Tenacilla ghd Chronos Curve Grand<br \/>\nLa nueva tenacilla ghd Chronos Curve Grand es todo lo que necesitas para conseguir un peinado de rizos grandes y voluminosos. D\u00f3nde sacar el m\u00e1ximo partido a tu cabello es solo cuesti\u00f3n de minutos. Un peinado sin esfuerzo y brillante con un acabado volumiososo que atraer\u00e1 todas las miradas.<\/p>\n","protected":false},"featured_media":43592,"template":"","meta":{"_seopress_robots_primary_cat":"none","_seopress_titles_title":"","_seopress_titles_desc":"","_seopress_robots_index":""},"product_brand":[],"product_cat":[162,22,194],"product_tag":[],"class_list":{"0":"post-32873","1":"product","2":"type-product","3":"status-publish","4":"has-post-thumbnail","6":"product_cat-ghd","7":"product_cat-rizadores","8":"product_cat-nuevo","10":"first","11":"instock","12":"sale","13":"taxable","14":"shipping-taxable","15":"purchasable","16":"product-type-simple"},"_links":{"self":[{"href":"https:\/\/www.luigistudio.com\/es\/wp-json\/wp\/v2\/product\/32873","targetHints":{"allow":["GET"]}}],"collection":[{"href":"https:\/\/www.luigistudio.com\/es\/wp-json\/wp\/v2\/product"}],"about":[{"href":"https:\/\/www.luigistudio.com\/es\/wp-json\/wp\/v2\/types\/product"}],"version-history":[{"count":2,"href":"https:\/\/www.luigistudio.com\/es\/wp-json\/wp\/v2\/product\/32873\/revisions"}],"predecessor-version":[{"id":35756,"href":"https:\/\/www.luigistudio.com\/es\/wp-json\/wp\/v2\/product\/32873\/revisions\/35756"}],"wp:featuredmedia":[{"embeddable":true,"href":"https:\/\/www.luigistudio.com\/es\/wp-json\/wp\/v2\/media\/43592"}],"wp:attachment":[{"href":"https:\/\/www.luigistudio.com\/es\/wp-json\/wp\/v2\/media?parent=32873"}],"wp:term":[{"taxonomy":"product_brand","embeddable":true,"href":"https:\/\/www.luigistudio.com\/es\/wp-json\/wp\/v2\/product_brand?post=32873"},{"taxonomy":"product_cat","embeddable":true,"href":"https:\/\/www.luigistudio.com\/es\/wp-json\/wp\/v2\/product_cat?post=32873"},{"taxonomy":"product_tag","embeddable":true,"href":"https:\/\/www.luigistudio.com\/es\/wp-json\/wp\/v2\/product_tag?post=32873"}],"curies":[{"name":"wp","href":"https:\/\/api.w.org\/{rel}","templated":true}]}}