{"id":37438,"date":"2025-10-31T14:20:47","date_gmt":"2025-10-31T13:20:47","guid":{"rendered":"https:\/\/www.luigistudio.com\/es\/?post_type=product&#038;p=37438"},"modified":"2026-05-08T13:59:00","modified_gmt":"2026-05-08T11:59:00","slug":"cepillo-secador-2-en-1-ghd-duet-blowdry-cherry-chic","status":"publish","type":"product","link":"https:\/\/www.luigistudio.com\/es\/cepillo-secador-2-en-1-ghd-duet-blowdry-cherry-chic\/","title":{"rendered":"Cepillo secador 2 en 1 GHD DUET BLOWDRY CHERRY CHIC"},"content":{"rendered":"<p>Tecnolog\u00eda Heat-Air Xchange<br \/>\nEquipado con la tecnolog\u00eda Heat-Air Xchange Technology&#x2122;, su motor compacto a la vez que potente, impulsa el flujo de aire a trav\u00e9s de un calentador energ\u00e9ticamente eficiente que transforma el flujo de aire en energ\u00eda t\u00e9rmica. Esta tecnolog\u00eda impulsa el aire a trav\u00e9s del exclusivo barril el\u00edptico y las cerdas sin fricci\u00f3n para secar y dar forma a tu cabello simult\u00e1neamente, logrando resultados profesionales sin calor extremo\u2075.<\/p>\n<p>Los sensores avanzados controlan el calor 400 veces por segundo, manteniendo temperaturas bajas y constantes, mientras que las salidas de aire estrat\u00e9gicamente situadas mejoran el rendimiento. El resultado es un acabado suave y sin encrespamiento para un secado f\u00e1cil y suave, hasta un 50 % m\u00e1s de brillo\u2074 y un cabello visiblemente m\u00e1s sano.<br \/>\nDise\u00f1ado para ofrecer rendimiento y eficiencia, ghd Duet Blowdry&#x2122; consume hasta un 40 % menos de energ\u00eda\u2075 sin sacrificar los resultados. Con un cable profesional de 2,7 m de longitud, modo de suspensi\u00f3n autom\u00e1tico tras 30 minutos de inactividad y 3 a\u00f1os de garant\u00eda, es la opci\u00f3n inteligente y potente para peinados con mucho volumen.<\/p>\n<p>Crema voluminizadora ghd Volume Forever<br \/>\nghd Volume Forever: transforma tu pr\u00f3ximo secado con este producto estrella para dar volumen. La crema para secado ghd Volume Forever, con el sistema de protecci\u00f3n t\u00e9rmica ghd, levanta y realza tu peinado con cuerpo, forma y elasticidad. Apta para todo tipo de cabello, ser\u00e1 tu aliada para aumentar el volumen e intensificar los resultados del cepillo secador 2 en 1.<br \/>\nCepillo ghd paddle<br \/>\nCepillo ovalado ghd The Dresser: esta herramienta de acabado de alta calidad cuenta con cerdas de nailon antiest\u00e1ticas para suavizar, pulir y perfeccionar tu look, tanto si buscas un acabado liso como si quieres mejorar tu secado, ser\u00e1 el proximo imrescindible para tu rutina. <\/p>\n<p>\u00b9 No se detect\u00f3 da\u00f1o t\u00e9rmico en el cabello tras 100 ciclos de 4 pasadas sobre cabello completamente secado con toalla.<br \/>\n\u00b2 La funda no es resistente al calor y no est\u00e1 dise\u00f1ada para utilizarse con herramientas calientes.<br \/>\n\u00b3 La alfombrilla t\u00e9rmica incluida est\u00e1 dise\u00f1ada para utilizarse \u00fanicamente con el secador ghd duet y proporciona un lugar seguro donde apoyar la plancha mientras se enfr\u00eda.<br \/>\n\u2074 Prueba t\u00e9cnica realizada en laboratorio con cabello casta\u00f1o, comparado con cabello secado al aire.<br \/>\n\u2075 En comparaci\u00f3n con el secador ghd con cepillo, dependiendo del uso del consumidor.<br \/>\n\u2076 Prueba realizada con 148 mujeres, julio de 2023.<br \/>\n\u2077 vs cabello secado al aire.<\/p>\n","protected":false},"excerpt":{"rendered":"<p>Cepillo secador 2 en 1 ghd Duet Blowdry cherry<br \/>\nEmpieza con glamour estas fiestas con la colecci\u00f3n Cherry Chic de ghd. Dise\u00f1ado en un seductor tono cereza e inspirado en los viajes de lujo, este set de regalo edici\u00f3n limitada ghd Duet Blowdry, te invita a disfrutar de un cabello seductor y atemporal. A este set cepillo secador profesional 2 en 1 ghd Duet Blowdry&#x2122; le acompa\u00f1a la crema voluminizadora para secado ghd Volume Forever&#x2122;, el cepillo ghd paddle, un cepillo de limpieza y una alfombrilla resistente al calor\u00b3. Todo ello en un lujoso cofre-neceser inspirado en los viajes cinco estrella\u00b2.<br \/>\nghd Duet Blowdry&#x2122;: descubre nuestro primer cepillo secador 2 en 1, dise\u00f1ado por expertos para secar y peinar el cabello al mismo tiempo y conseguir un secado profesional, suave y con volumen en casa de la forma m\u00e1s r\u00e1pida. Dise\u00f1ado para todo tipo de cabellos, permite un secado f\u00e1cil y suave sin da\u00f1os por calor.<\/p>\n","protected":false},"featured_media":37441,"template":"","meta":{"_seopress_robots_primary_cat":"","_seopress_titles_title":"","_seopress_titles_desc":"","_seopress_robots_index":""},"product_brand":[],"product_cat":[162,23,62],"product_tag":[],"class_list":{"0":"post-37438","1":"product","2":"type-product","3":"status-publish","4":"has-post-thumbnail","6":"product_cat-ghd","7":"product_cat-ghd-collection","8":"product_cat-cepillos-electricos","10":"first","11":"instock","12":"sale","13":"taxable","14":"shipping-taxable","15":"purchasable","16":"product-type-simple"},"_links":{"self":[{"href":"https:\/\/www.luigistudio.com\/es\/wp-json\/wp\/v2\/product\/37438","targetHints":{"allow":["GET"]}}],"collection":[{"href":"https:\/\/www.luigistudio.com\/es\/wp-json\/wp\/v2\/product"}],"about":[{"href":"https:\/\/www.luigistudio.com\/es\/wp-json\/wp\/v2\/types\/product"}],"version-history":[{"count":2,"href":"https:\/\/www.luigistudio.com\/es\/wp-json\/wp\/v2\/product\/37438\/revisions"}],"predecessor-version":[{"id":41365,"href":"https:\/\/www.luigistudio.com\/es\/wp-json\/wp\/v2\/product\/37438\/revisions\/41365"}],"wp:featuredmedia":[{"embeddable":true,"href":"https:\/\/www.luigistudio.com\/es\/wp-json\/wp\/v2\/media\/37441"}],"wp:attachment":[{"href":"https:\/\/www.luigistudio.com\/es\/wp-json\/wp\/v2\/media?parent=37438"}],"wp:term":[{"taxonomy":"product_brand","embeddable":true,"href":"https:\/\/www.luigistudio.com\/es\/wp-json\/wp\/v2\/product_brand?post=37438"},{"taxonomy":"product_cat","embeddable":true,"href":"https:\/\/www.luigistudio.com\/es\/wp-json\/wp\/v2\/product_cat?post=37438"},{"taxonomy":"product_tag","embeddable":true,"href":"https:\/\/www.luigistudio.com\/es\/wp-json\/wp\/v2\/product_tag?post=37438"}],"curies":[{"name":"wp","href":"https:\/\/api.w.org\/{rel}","templated":true}]}}