{"id":40071,"date":"2026-01-30T14:30:47","date_gmt":"2026-01-30T13:30:47","guid":{"rendered":"https:\/\/www.luigistudio.com\/es\/?post_type=product&#038;p=40071"},"modified":"2026-04-14T11:28:09","modified_gmt":"2026-04-14T09:28:09","slug":"secador-profesional-ghd-speed-gris","status":"publish","type":"product","link":"https:\/\/www.luigistudio.com\/es\/secador-profesional-ghd-speed-gris\/","title":{"rendered":"Secador i\u00f3nico profesional GHD SPEED NEGRO TITANIO"},"content":{"rendered":"<p>Equilibrio entre potencia y velocidad<br \/>\nDesarrollado por nuestros ingenieros en colaboraci\u00f3n con estilistas profesionales de ghd, m\u00e1s de 4.000 consumidores participaron en las pruebas y el desarrollo del secador ghd Speed. Dise\u00f1ado para ofrecer un secado ultra-r\u00e1pido: hemos probado cientos de secadores y ninguno se acerca a la velocidad de ghd Speed. Impulsado por nuestro motor m\u00e1s r\u00e1pido de \u00faltima generaci\u00f3n, que gira a 118.000 RPM\u00b2, ghd Speed genera un flujo de aire de alta presi\u00f3n de hasta 176 km\/h, secando el cabello r\u00e1pidamente desde la ra\u00edz hasta las puntas con el equilibrio perfecto entre velocidad, potencia y control.<br \/>\nResultados r\u00e1pidos<br \/>\nEl secador de cabello profesional ghd Speed permite resultados ultra-r\u00e1pidos sin calor extremo. Un halo de aire fr\u00edo rodea el flujo de aire caliente, permiti\u00e9ndote acercarte m\u00e1s que nunca a las ra\u00edces y protegiendo el cuero cabelludo para un secado m\u00e1s fresco y delicado. El barril del secador y los accesorios magn\u00e9ticos, permanecen fr\u00edos al tacto incluso en la temperatura m\u00e1s alta, para que puedas sujetar tu ghd Speed como prefieras y disfrutar de un peinado c\u00f3modo y sin esfuerzo. Esto lo convierte en el secador de cabello ideal para acabados pulidos y con mayor volumen.<br \/>\nLa potencia se une al control con un dise\u00f1o inteligente que incluye cuatro ajustes de temperatura, cuatro velocidades, shot de aire fr\u00edo y una memoria inteligente que recuerda y bloquea los \u00faltimos ajustes utilizados cuando se activa el bot\u00f3n de bloqueo, permiti\u00e9ndote retomar exactamente donde lo dejaste y sacar el m\u00e1ximo partido a tu secador ghd.<br \/>\n\u00bfQu\u00e9 incluye la caja de ghd Speed?<br \/>\nJunto a tu secador ghd Speed negro titanio, recibir\u00e1s la boquilla magn\u00e9tica ghd Halo, con un dise\u00f1o contorneado que canaliza el aire caliente y fr\u00edo por separado para elevar las ra\u00edces hasta x2,2 veces\u2074 as\u00ed como alisar el cabello con precisi\u00f3n, manteni\u00e9ndose fr\u00edo al tacto.<br \/>\nLos accesorios adicionales se venden por separado para ampliar a\u00fan m\u00e1s tus opciones de peinado.<\/p>\n<p>Respaldado por una garant\u00eda de 3 a\u00f1os, el secador i\u00f3nico m\u00e1s r\u00e1pido hasta la fecha, ghd Speed, es la herramienta definitiva para lograr secados ultra-r\u00e1pidos, c\u00f3modos y con calidad profesional en cada uso.<\/p>\n<p>\u00b9 No se detectaron da\u00f1os t\u00e9rmicos tras 3 pasadas de secado con un cepillo plano y una boquilla concentradora de peinado halo con la temperatura y la velocidad del ventilador al m\u00e1ximo vs cabello secado al aire.<br \/>\n\u00b2 En la velocidad m\u00e1xima.<br \/>\n\u2074 Con el concentrador de peinado halo y en comparaci\u00f3n con el cabello casta\u00f1o medio secado al aire, dependiendo del uso del consumidor.<br \/>\n\u2075 vs ghd Helios.<br \/>\n\u2076 vs cabello casta\u00f1o medio secado al aire, dependiendo del uso del consumidor. (53 % en EE. UU.)<\/p>\n","protected":false},"excerpt":{"rendered":"<p>Secador de pelo profesional ghd Speed negro titanio<br \/>\nNuestro secador de pelo m\u00e1s r\u00e1pido hasta la fecha: descubre una nueva era del secado con el secador i\u00f3nico profesional ghd Speed y su innovadora tecnolog\u00eda ghd Halo&#x2122; con doble flujo de aire. La combinaci\u00f3n perfecta entre potencia y control para ofrecer sensaci\u00f3n de frescura al tacto, sin da\u00f1o por calor\u00b9. Transforma tu rutina de peinado con un secado ultra-r\u00e1pido y resultados brillantes, suaves y con un acabado profesional de sal\u00f3n.<\/p>\n","protected":false},"featured_media":41284,"template":"","meta":{"_seopress_robots_primary_cat":"none","_seopress_titles_title":"","_seopress_titles_desc":"","_seopress_robots_index":""},"product_brand":[],"product_cat":[162,21,194,61],"product_tag":[],"class_list":{"0":"post-40071","1":"product","2":"type-product","3":"status-publish","4":"has-post-thumbnail","6":"product_cat-ghd","7":"product_cat-secadores","8":"product_cat-nuevo","9":"product_cat-sin-categorizar","11":"first","12":"instock","13":"sale","14":"taxable","15":"shipping-taxable","16":"purchasable","17":"product-type-simple"},"_links":{"self":[{"href":"https:\/\/www.luigistudio.com\/es\/wp-json\/wp\/v2\/product\/40071","targetHints":{"allow":["GET"]}}],"collection":[{"href":"https:\/\/www.luigistudio.com\/es\/wp-json\/wp\/v2\/product"}],"about":[{"href":"https:\/\/www.luigistudio.com\/es\/wp-json\/wp\/v2\/types\/product"}],"version-history":[{"count":3,"href":"https:\/\/www.luigistudio.com\/es\/wp-json\/wp\/v2\/product\/40071\/revisions"}],"predecessor-version":[{"id":41292,"href":"https:\/\/www.luigistudio.com\/es\/wp-json\/wp\/v2\/product\/40071\/revisions\/41292"}],"wp:featuredmedia":[{"embeddable":true,"href":"https:\/\/www.luigistudio.com\/es\/wp-json\/wp\/v2\/media\/41284"}],"wp:attachment":[{"href":"https:\/\/www.luigistudio.com\/es\/wp-json\/wp\/v2\/media?parent=40071"}],"wp:term":[{"taxonomy":"product_brand","embeddable":true,"href":"https:\/\/www.luigistudio.com\/es\/wp-json\/wp\/v2\/product_brand?post=40071"},{"taxonomy":"product_cat","embeddable":true,"href":"https:\/\/www.luigistudio.com\/es\/wp-json\/wp\/v2\/product_cat?post=40071"},{"taxonomy":"product_tag","embeddable":true,"href":"https:\/\/www.luigistudio.com\/es\/wp-json\/wp\/v2\/product_tag?post=40071"}],"curies":[{"name":"wp","href":"https:\/\/api.w.org\/{rel}","templated":true}]}}