{"id":414,"date":"2017-09-12T12:43:46","date_gmt":"2017-09-12T10:43:46","guid":{"rendered":"https:\/\/www.luigistudio.com\/es\/?post_type=product&#038;p=414"},"modified":"2026-05-08T14:03:35","modified_gmt":"2026-05-08T12:03:35","slug":"styler-ghd-original","status":"publish","type":"product","link":"https:\/\/www.luigistudio.com\/es\/styler-ghd-original\/","title":{"rendered":"Plancha de pelo GHD ORIGINAL STYLER"},"content":{"rendered":"<div class=\"one_third\">\n<div class=\"product-details-item ng-star-inserted\">\n<div class=\"product-details-thumb ng-star-inserted\">\n<p><strong>La plancha cl\u00e1sica de ghd con tecnolog\u00eda cer\u00e1mica single-zone&#x2122;<\/strong><br \/>\nLa tecnolog\u00eda cer\u00e1mica single-zone&#x2122; de nueva generaci\u00f3n mantiene la temperatura \u00f3ptima de peinado de 185\u00b0C en ambas placas, para obtener resultados duraderos sin calor extremo. La plancha de pelo ghd original es un incre\u00edble todoterreno para el peinado del d\u00eda a d\u00eda en todo tipo de cabello, con un barril redondeado que te permitir\u00e1 crear sin esfuerzo ondas suaves, rizos llenos de vitalidad o looks lisos extra pulidos. Sus ic\u00f3nicas placas cer\u00e1micas de nueva generaci\u00f3n cuentan con revestimiento gloss que ofrecen resultados pulidos, suaves y brillantes, 8\/10 afirman*.<\/p>\n<p>Con voltaje universal y un tiempo de calentamiento de 30 segundos, podr\u00e1s crear r\u00e1pidamente tu propio estilo en cualquier parte del mundo, mientras que el modo de suspensi\u00f3n autom\u00e1tico te aportar\u00e1 la tranquilidad de que tu styler se apagar\u00e1 despu\u00e9s de 30 minutos de inactividad. El dise\u00f1o ergon\u00f3mico y el cable giratorio de 360\u00b0 permiten una amplitud de movimientos\u00a0para que puedas lograr un \u00abgood hair day\u00bb\u00a0con total facilidad.<\/p>\n<p>Experimenta el ic\u00f3nico regreso de ghd original styler: la nueva y mejorada plancha de pelo original de ghd recomendada por estilistas.<\/p>\n<p>EL PRECIO INCLUYE:<\/p>\n<p>La ic\u00f3nica plancha de pelo ghd original styler recomendada por estilistas para un cabello liso pulido, suave y brillante garantizado.<\/p>\n<\/div>\n<\/div>\n<div class=\"product-details-item ng-star-inserted\">\n<div>CARACTER\u00cdSTICAS:<\/div>\n<div><\/div>\n<div class=\"product-details-thumb ng-star-inserted\">Con temperaturas por encima de 185\u00ba, el cabello sufre da\u00f1os, y por debajo, el peinado no se moldea correctamente.<\/div>\n<\/div>\n<div class=\"product-details-item ng-star-inserted\">\n<div class=\"product-details-thumb ng-star-inserted\">La styler ghd original garantiza una distribuci\u00f3n uniforme del calor en ambas placas cer\u00e1micas.<\/div>\n<\/div>\n<div class=\"product-details-item ng-star-inserted\">\n<div class=\"product-details-thumb ng-star-inserted\">Para un acabado pulido sin esfuerzo que deja el cabello con una sensaci\u00f3n m\u00e1s suave*.<\/div>\n<\/div>\n<div class=\"product-details-item ng-star-inserted\">\n<div class=\"product-details-thumb ng-star-inserted\">Para alisar y hacer ondas con la plancha r\u00e1pidamente gracias a su facilidad de deslizamiento.<\/div>\n<\/div>\n<div class=\"product-details-item ng-star-inserted\">\n<div class=\"product-details-thumb ng-star-inserted\">Bot\u00f3n de encendido\/apagado modernizado con indicadores de luz y sonido.<\/div>\n<\/div>\n<div class=\"product-details-item ng-star-inserted\">\n<div class=\"product-details-thumb ng-star-inserted\">Incorpora un cable giratorio de longitud profesional para facilitar el peinado. Enchufe europeo.<\/div>\n<\/div>\n<div class=\"product-details-item ng-star-inserted\">\n<div class=\"product-details-thumb ng-star-inserted\">La styler profesional se apaga tras 30 minutos de inactividad.<\/div>\n<\/div>\n<div class=\"product-details-item ng-star-inserted\">\n<div class=\"product-details-thumb ng-star-inserted\">Para garantizar un rendimiento perfecto de la plancha de pelo en cualquier pa\u00eds del mundo.<\/div>\n<div class=\"product-details-thumb ng-star-inserted\">Para un peinado f\u00e1cil y r\u00e1pido cada d\u00eda con ghd original<\/div>\n<\/div>\n<\/div>\n","protected":false},"excerpt":{"rendered":"<p>Te presentamos la nueva styler ghd original, la plancha de pelo profesional que transform\u00f3 el mundo del styling. El cl\u00e1sico de culto que lo cambi\u00f3 todo, con tecnolog\u00eda y dise\u00f1o renovados y mejorados para asegurar un rendimiento profesional ghd.<\/p>\n","protected":false},"featured_media":9993,"template":"","meta":{"_seopress_robots_primary_cat":"20","_seopress_titles_title":"","_seopress_titles_desc":"","_seopress_robots_index":""},"product_brand":[],"product_cat":[20],"product_tag":[24,168,25],"class_list":{"0":"post-414","1":"product","2":"type-product","3":"status-publish","4":"has-post-thumbnail","6":"product_cat-stylers","7":"product_tag-ghd","8":"product_tag-nueva","9":"product_tag-original","11":"first","12":"instock","13":"sale","14":"taxable","15":"shipping-taxable","16":"purchasable","17":"product-type-simple"},"_links":{"self":[{"href":"https:\/\/www.luigistudio.com\/es\/wp-json\/wp\/v2\/product\/414","targetHints":{"allow":["GET"]}}],"collection":[{"href":"https:\/\/www.luigistudio.com\/es\/wp-json\/wp\/v2\/product"}],"about":[{"href":"https:\/\/www.luigistudio.com\/es\/wp-json\/wp\/v2\/types\/product"}],"version-history":[{"count":4,"href":"https:\/\/www.luigistudio.com\/es\/wp-json\/wp\/v2\/product\/414\/revisions"}],"predecessor-version":[{"id":28285,"href":"https:\/\/www.luigistudio.com\/es\/wp-json\/wp\/v2\/product\/414\/revisions\/28285"}],"wp:featuredmedia":[{"embeddable":true,"href":"https:\/\/www.luigistudio.com\/es\/wp-json\/wp\/v2\/media\/9993"}],"wp:attachment":[{"href":"https:\/\/www.luigistudio.com\/es\/wp-json\/wp\/v2\/media?parent=414"}],"wp:term":[{"taxonomy":"product_brand","embeddable":true,"href":"https:\/\/www.luigistudio.com\/es\/wp-json\/wp\/v2\/product_brand?post=414"},{"taxonomy":"product_cat","embeddable":true,"href":"https:\/\/www.luigistudio.com\/es\/wp-json\/wp\/v2\/product_cat?post=414"},{"taxonomy":"product_tag","embeddable":true,"href":"https:\/\/www.luigistudio.com\/es\/wp-json\/wp\/v2\/product_tag?post=414"}],"curies":[{"name":"wp","href":"https:\/\/api.w.org\/{rel}","templated":true}]}}