{"id":42425,"date":"2026-03-23T13:28:24","date_gmt":"2026-03-23T12:28:24","guid":{"rendered":"https:\/\/www.luigistudio.com\/es\/?post_type=product&#038;p=42425"},"modified":"2026-03-25T14:33:57","modified_gmt":"2026-03-25T13:33:57","slug":"neceser-resistente-al-calor-para-secador-de-pelo-ghd","status":"publish","type":"product","link":"https:\/\/www.luigistudio.com\/es\/neceser-resistente-al-calor-para-secador-de-pelo-ghd\/","title":{"rendered":"NECESER RESISTENTE AL CALOR PARA SECADOR DE PELO GHD"},"content":{"rendered":"","protected":false},"excerpt":{"rendered":"<p>Nuevo neceser resistente al calor para secador de pelo ghd<br \/>\nMant\u00e9n protegido tu secador ghd con en este elegante neceser resistente al calor color negro con detalles dorados. Fabricado en elegante piel sint\u00e9tica, est\u00e1 dise\u00f1ado para soportar temperaturas de hasta 185 \u00baC, garantizando que tu secador se mantenga seguro y listo para tu pr\u00f3ximo peinado. Compacto e inteligente, es el compa\u00f1ero perfecto para viajar y para peinarte desde cualquier lugar con espacio suficiente para guardar tu secador de pelo ghd, sea cual sea el elegido adem\u00e1s de poder guardar tus imprescindibles de peinado que har\u00e1n que tu rutina luzca a\u00fan m\u00e1s perfecta. Dale a tus herramientas el cari\u00f1o que merecen, estos neceseres est\u00e1n pensando para ello.<\/p>\n","protected":false},"featured_media":42430,"template":"","meta":{"_seopress_robots_primary_cat":"","_seopress_titles_title":"","_seopress_titles_desc":"","_seopress_robots_index":""},"product_brand":[],"product_cat":[162,21],"product_tag":[],"class_list":{"0":"post-42425","1":"product","2":"type-product","3":"status-publish","4":"has-post-thumbnail","6":"product_cat-ghd","7":"product_cat-secadores","9":"first","10":"instock","11":"sale","12":"taxable","13":"shipping-taxable","14":"purchasable","15":"product-type-simple"},"_links":{"self":[{"href":"https:\/\/www.luigistudio.com\/es\/wp-json\/wp\/v2\/product\/42425","targetHints":{"allow":["GET"]}}],"collection":[{"href":"https:\/\/www.luigistudio.com\/es\/wp-json\/wp\/v2\/product"}],"about":[{"href":"https:\/\/www.luigistudio.com\/es\/wp-json\/wp\/v2\/types\/product"}],"version-history":[{"count":1,"href":"https:\/\/www.luigistudio.com\/es\/wp-json\/wp\/v2\/product\/42425\/revisions"}],"predecessor-version":[{"id":42431,"href":"https:\/\/www.luigistudio.com\/es\/wp-json\/wp\/v2\/product\/42425\/revisions\/42431"}],"wp:featuredmedia":[{"embeddable":true,"href":"https:\/\/www.luigistudio.com\/es\/wp-json\/wp\/v2\/media\/42430"}],"wp:attachment":[{"href":"https:\/\/www.luigistudio.com\/es\/wp-json\/wp\/v2\/media?parent=42425"}],"wp:term":[{"taxonomy":"product_brand","embeddable":true,"href":"https:\/\/www.luigistudio.com\/es\/wp-json\/wp\/v2\/product_brand?post=42425"},{"taxonomy":"product_cat","embeddable":true,"href":"https:\/\/www.luigistudio.com\/es\/wp-json\/wp\/v2\/product_cat?post=42425"},{"taxonomy":"product_tag","embeddable":true,"href":"https:\/\/www.luigistudio.com\/es\/wp-json\/wp\/v2\/product_tag?post=42425"}],"curies":[{"name":"wp","href":"https:\/\/api.w.org\/{rel}","templated":true}]}}