{"id":43494,"date":"2026-05-04T13:19:19","date_gmt":"2026-05-04T11:19:19","guid":{"rendered":"https:\/\/www.luigistudio.com\/es\/?post_type=product&#038;p=43494"},"modified":"2026-05-04T13:20:11","modified_gmt":"2026-05-04T11:20:11","slug":"plancha-de-pelo-ghd-chronos-max-jelly-miint","status":"publish","type":"product","link":"https:\/\/www.luigistudio.com\/es\/plancha-de-pelo-ghd-chronos-max-jelly-miint\/","title":{"rendered":"Plancha de pelo GHD CHRONOS MAX JELLY MIINT"},"content":{"rendered":"<p>Tecnolog\u00eda HD motion-responsive&#x2122; para m\u00e1xima precisi\u00f3n<br \/>\nLa plancha de pelo ghd Chronos Max incorpora la tecnolog\u00eda m\u00e1s avanzada de ghd hasta la fecha.<br \/>\nGracias a la tecnolog\u00eda HD motion-responsive&#x2122;, se adapta continuamente a cada movimiento, ajustando la potencia para mantener una temperatura \u00f3ptima de 185\u00b0C con total precisi\u00f3n.<br \/>\nEl resultado son peinados de alta definici\u00f3n que duran hasta 24 horas\u2074, incluso en cabellos m\u00e1s exigentes, con el doble de protecci\u00f3n frente a la rotura\u2075.<br \/>\nResultados de alto rendimiento en una sola pasada<br \/>\nDise\u00f1ada para optimizar la velocidad y la eficacia del peinado, esta plancha de pelo de placas anchas es hasta 3 veces m\u00e1s r\u00e1pida\u00b3 y 2 veces m\u00e1s reactiva\u00b2 que generaciones anteriores.<br \/>\nSus placas flotantes de cer\u00e1mica, un 85% m\u00e1s anchas\u2079, permiten trabajar m\u00e1s cabello en cada pasada, logrando:<br \/>\nun acabado hasta un 90% m\u00e1s brillante\u2076,<br \/>\nhasta 2,5 veces menos encrespamiento\u2077,<br \/>\ny un alisado m\u00e1s definido desde la primera pasada\u2078.<br \/>\nUna soluci\u00f3n ideal para quienes buscan resultados profesionales en menos tiempo.<br \/>\nDise\u00f1o ergon\u00f3mico para un control total<br \/>\nLa plancha de pelo ghd Chronos Max ha sido dise\u00f1ada para facilitar el peinado desde la ra\u00edz hasta las puntas.<br \/>\nSus placas anchas y bordes finos con dise\u00f1o curvado permiten un mayor control y precisi\u00f3n en cualquier \u00e1ngulo, adapt\u00e1ndose a todo tipo de estilos: lisos pulidos, puntas marcadas o ondas con volumen.<br \/>\nSu formato ergon\u00f3mico garantiza un deslizamiento fluido y c\u00f3modo con un simple giro de mu\u00f1eca.<br \/>\nSeguridad y comodidad en tu rutina<br \/>\nEsta ghd edici\u00f3n limitada incorpora funciones pensadas para el uso diario: modo de suspensi\u00f3n autom\u00e1tico tras 10 minutos de inactividad, voltaje universal, cable profesional de 2,7m, y protector de placas.<br \/>\nTodo lo necesario para un peinado eficiente, seguro y sin preocupaciones.<\/p>\n<p>\u00b9 Vs ghd Gold.<br \/>\n\u00b2 Vs ghd Max. Las pruebas t\u00e9cnicas realizadas en laboratorio demuestran que ghd Chronos Max es tres veces m\u00e1s r\u00e1pido a la hora de lograr el mismo alto nivel de reducci\u00f3n del encrespamiento en cabellos encrespados.<br \/>\n\u00b3 Pruebas con consumidores, noviembre de 2023. El 82 % de los 112 consumidores encuestados coincidi\u00f3 en que ghd Chronos Max proporcionaba un peinado que duraba 24 horas.<br \/>\n\u2074 Vs ghd platinum+ con tecnolog\u00eda Ultra-Zone.<br \/>\n\u2075 Vs una plancha de la competencia que funciona a 235 \u00b0C.<br \/>\n\u2076 Prueba t\u00e9cnica en laboratorio sobre cabello casta\u00f1o, comparado con cabello secado al aire.<br \/>\n\u2077 Prueba t\u00e9cnica en laboratorio sobre cabello encrespado, comparado con cabello secado al aire.<br \/>\n\u2078 Prueba t\u00e9cnica en laboratorio sobre cabello ondulado, comparado con cabello secado al aire.<br \/>\n\u2079 Vs ghd Max.<br \/>\n\u00b9\u2070 Se considera calor extremo cualquier tratamiento t\u00e9rmico que provoque una reducci\u00f3n fraccional de la resistencia a la tracci\u00f3n en h\u00famedo por ciclo superior a 0,001, medida a lo largo de al menos 100 ciclos en cabello casta\u00f1o cauc\u00e1sico (una \u00abreducci\u00f3n de la resistencia\u00bb). El da\u00f1o por calor extremo es una reducci\u00f3n de la resistencia superior a 0,005<br \/>\n\u00b9\u00b9 Vs ghd original. Resultados medidos por el brillo en cabello casta\u00f1o en comparaci\u00f3n con el secado natural, prueba de laboratorio.<br \/>\n\u00b9\u00b2 Prueba con consumidores, enero de 2021. El 86 % de 142 consumidores coincidi\u00f3 en que su peinado dur\u00f3 24 horas despu\u00e9s del peinado.<\/p>\n","protected":false},"excerpt":{"rendered":"<p>Plancha de pelo de placas anchas ghd Chronos Max Jelly Mint<br \/>\nConoce la nueva plancha de pelo que te har\u00e1 suspirar esta temporada, ghd Chronos Max en color jelly mint, ha sido pensada para elevar tu peinado al siguiente nivel, nuestra plancha profesional de placas anchas con tecnolog\u00eda HD motion-responsive&#x2122;, ahora en tonos dulces y brillantes que protagonizan esta colecci\u00f3n. x2 veces m\u00e1s reactiva\u2074, x3 veces m\u00e1s r\u00e1pida\u00b2 , ghd Chronos Max es perfecta para cabello largo, grueso o rizado en una sola pasada, sin da\u00f1o por calor extremo\u00b9\u2070. Incluye un lujoso neceser t\u00e9rmico a juego (valorado en 25\u20ac) como extra, para un estilo y un cabello totalmente irresistibles.<\/p>\n","protected":false},"featured_media":43498,"template":"","meta":{"_seopress_robots_primary_cat":"","_seopress_titles_title":"","_seopress_titles_desc":"","_seopress_robots_index":""},"product_brand":[],"product_cat":[162,23,20,194],"product_tag":[],"class_list":{"0":"post-43494","1":"product","2":"type-product","3":"status-publish","4":"has-post-thumbnail","6":"product_cat-ghd","7":"product_cat-ghd-collection","8":"product_cat-stylers","9":"product_cat-nuevo","11":"first","12":"instock","13":"sale","14":"taxable","15":"shipping-taxable","16":"purchasable","17":"product-type-simple"},"_links":{"self":[{"href":"https:\/\/www.luigistudio.com\/es\/wp-json\/wp\/v2\/product\/43494","targetHints":{"allow":["GET"]}}],"collection":[{"href":"https:\/\/www.luigistudio.com\/es\/wp-json\/wp\/v2\/product"}],"about":[{"href":"https:\/\/www.luigistudio.com\/es\/wp-json\/wp\/v2\/types\/product"}],"version-history":[{"count":1,"href":"https:\/\/www.luigistudio.com\/es\/wp-json\/wp\/v2\/product\/43494\/revisions"}],"predecessor-version":[{"id":43507,"href":"https:\/\/www.luigistudio.com\/es\/wp-json\/wp\/v2\/product\/43494\/revisions\/43507"}],"wp:featuredmedia":[{"embeddable":true,"href":"https:\/\/www.luigistudio.com\/es\/wp-json\/wp\/v2\/media\/43498"}],"wp:attachment":[{"href":"https:\/\/www.luigistudio.com\/es\/wp-json\/wp\/v2\/media?parent=43494"}],"wp:term":[{"taxonomy":"product_brand","embeddable":true,"href":"https:\/\/www.luigistudio.com\/es\/wp-json\/wp\/v2\/product_brand?post=43494"},{"taxonomy":"product_cat","embeddable":true,"href":"https:\/\/www.luigistudio.com\/es\/wp-json\/wp\/v2\/product_cat?post=43494"},{"taxonomy":"product_tag","embeddable":true,"href":"https:\/\/www.luigistudio.com\/es\/wp-json\/wp\/v2\/product_tag?post=43494"}],"curies":[{"name":"wp","href":"https:\/\/api.w.org\/{rel}","templated":true}]}}