{"id":43508,"date":"2026-05-04T13:25:32","date_gmt":"2026-05-04T11:25:32","guid":{"rendered":"https:\/\/www.luigistudio.com\/es\/?post_type=product&#038;p=43508"},"modified":"2026-05-04T13:26:00","modified_gmt":"2026-05-04T11:26:00","slug":"plancha-de-pelo-ghd-gold-jelly-mint","status":"publish","type":"product","link":"https:\/\/www.luigistudio.com\/es\/plancha-de-pelo-ghd-gold-jelly-mint\/","title":{"rendered":"Plancha de pelo GHD GOLD JELLY MINT"},"content":{"rendered":"<p>ecnolog\u00eda dual-zone: temperatura constante para resultados profesionales<br \/>\nLa plancha de pelo ghd Gold incorpora tecnolog\u00eda dual-zone, dise\u00f1ada para ofrecer un rendimiento constante y homog\u00e9neo. Cuenta con dos sensores de calor de \u00faltima generaci\u00f3n, uno en cada placa, que mantienen de forma uniforme la temperatura \u00f3ptima de peinado de 185\u00baC desde la ra\u00edz hasta las puntas.<br \/>\nEl resultado es un cabello visiblemente m\u00e1s pulido, suave y saludable desde la primera pasada\u00b9, sin necesidad de peinar con calor extremo.<br \/>\nPlacas ultrabrillantes y styling vers\u00e1til<br \/>\nGracias a sus placas de cer\u00e1mica con acabado ultrabrillante, la plancha de pelo ghd Gold se desliza suavemente por el cabello, ayudando a reducir el encrespamiento y potenciar el brillo natural en cada pasada.<br \/>\nSu dise\u00f1o redondeado permite crear todo tipo de looks con facilidad: desde lisos pulidos hasta ondas suaves o rizos definidos, sin tirones ni enredos.<br \/>\nUna herramienta vers\u00e1til pensada para adaptarse a tu estilo en cualquier momento.<br \/>\nDise\u00f1o ic\u00f3nico<br \/>\nEsta ghd edici\u00f3n limitada en jelly mint color no solo destaca por su est\u00e9tica, sino tambi\u00e9n por su funcionalidad pensada para el d\u00eda a d\u00eda.<br \/>\nIncluye modo de suspensi\u00f3n autom\u00e1tico que apaga la plancha tras 30 minutos de inactividad, aportando seguridad y tranquilidad en cada uso.<br \/>\nLa plancha de pelo ghd Gold edici\u00f3n limitada es una apuesta segura: una styler de referencia que combina tecnolog\u00eda, facilidad de uso y dise\u00f1o exclusivo en una colecci\u00f3n pensada para que este verano, brilles m\u00e1s que nunca.<\/p>\n<p>\u00b9 Diciembre de 2020. M\u00e1s del 71 % de las 79 consumidoras se mostraron de acuerdo en comparaci\u00f3n con su plancha habitual.<br \/>\n\u00b2 Se ha demostrado que aumenta el brillo en comparaci\u00f3n con el cabello secado al aire.<br \/>\n\u00b3 Prueba de consumidores, 101 mujeres, abril de 2020.<br \/>\n\u2074 El da\u00f1o extremo por calor es una reducci\u00f3n fraccional de la resistencia a la tracci\u00f3n en h\u00famedo por ciclo superior a 0,005, medida a lo largo de al menos 100 ciclos en cabello casta\u00f1o de tipo cauc\u00e1sico (una \u00abreducci\u00f3n de la resistencia\u00bb).<\/p>\n","protected":false},"excerpt":{"rendered":"<p>Plancha de pelo ghd Gold Jelly Mint<br \/>\nTu glow up de verano empieza aqu\u00ed con la plancha de pelo ghd Gold Jelly Mint, la styler ic\u00f3nica de ghd reinventada en un dise\u00f1o fresco, luminoso y lleno de energ\u00eda.<br \/>\nghd gold edici\u00f3n limitada llega en un exclusivo color verda menta o jelly mint con detalles met\u00e1licos en azul, convirti\u00e9ndose en una pieza irresistible dentro de la colecci\u00f3n ghd Jelly. Una combinaci\u00f3n perfecta entre rendimiento profesional y est\u00e9tica veraniega para conseguir un cabello m\u00e1s liso, suave y con un aspecto m\u00e1s saludable\u00b9.<br \/>\nIncluye neceser t\u00e9rmico a juego (valorado en 25\u20ac), ideal para proteger tu styler y acompa\u00f1arte en todos tus planes.<\/p>\n","protected":false},"featured_media":43511,"template":"","meta":{"_seopress_robots_primary_cat":"","_seopress_titles_title":"","_seopress_titles_desc":"","_seopress_robots_index":""},"product_brand":[],"product_cat":[162,23,20,194],"product_tag":[],"class_list":{"0":"post-43508","1":"product","2":"type-product","3":"status-publish","4":"has-post-thumbnail","6":"product_cat-ghd","7":"product_cat-ghd-collection","8":"product_cat-stylers","9":"product_cat-nuevo","11":"first","12":"instock","13":"sale","14":"taxable","15":"shipping-taxable","16":"purchasable","17":"product-type-simple"},"_links":{"self":[{"href":"https:\/\/www.luigistudio.com\/es\/wp-json\/wp\/v2\/product\/43508","targetHints":{"allow":["GET"]}}],"collection":[{"href":"https:\/\/www.luigistudio.com\/es\/wp-json\/wp\/v2\/product"}],"about":[{"href":"https:\/\/www.luigistudio.com\/es\/wp-json\/wp\/v2\/types\/product"}],"version-history":[{"count":1,"href":"https:\/\/www.luigistudio.com\/es\/wp-json\/wp\/v2\/product\/43508\/revisions"}],"predecessor-version":[{"id":43518,"href":"https:\/\/www.luigistudio.com\/es\/wp-json\/wp\/v2\/product\/43508\/revisions\/43518"}],"wp:featuredmedia":[{"embeddable":true,"href":"https:\/\/www.luigistudio.com\/es\/wp-json\/wp\/v2\/media\/43511"}],"wp:attachment":[{"href":"https:\/\/www.luigistudio.com\/es\/wp-json\/wp\/v2\/media?parent=43508"}],"wp:term":[{"taxonomy":"product_brand","embeddable":true,"href":"https:\/\/www.luigistudio.com\/es\/wp-json\/wp\/v2\/product_brand?post=43508"},{"taxonomy":"product_cat","embeddable":true,"href":"https:\/\/www.luigistudio.com\/es\/wp-json\/wp\/v2\/product_cat?post=43508"},{"taxonomy":"product_tag","embeddable":true,"href":"https:\/\/www.luigistudio.com\/es\/wp-json\/wp\/v2\/product_tag?post=43508"}],"curies":[{"name":"wp","href":"https:\/\/api.w.org\/{rel}","templated":true}]}}