{"id":43519,"date":"2026-05-04T13:32:12","date_gmt":"2026-05-04T11:32:12","guid":{"rendered":"https:\/\/www.luigistudio.com\/es\/?post_type=product&#038;p=43519"},"modified":"2026-05-04T13:33:57","modified_gmt":"2026-05-04T11:33:57","slug":"plancha-de-pelo-ghd-chronos-sun-kissed-peach","status":"publish","type":"product","link":"https:\/\/www.luigistudio.com\/es\/plancha-de-pelo-ghd-chronos-sun-kissed-peach\/","title":{"rendered":"Plancha de pelo GHD CHRONOS SUN-KISSED PEACH"},"content":{"rendered":"<p>Tecnolog\u00eda HD motion-responsive&#x2122;: precisi\u00f3n en cada pasada<br \/>\nExperimenta una transformaci\u00f3n revolucionaria con la tecnolog\u00eda HD motion-responsive&#x2122;, dise\u00f1ada para adaptarse continuamente a tus movimientos de peinado.<br \/>\nCon el doble de capacidad de respuesta\u00b2, la plancha de pelo ghd Chronos sun-kissed peach ofrece un peinado ultra-r\u00e1pido y personalizado, manteniendo una temperatura \u00f3ptima constante de 185\u00b0C, para resultados homog\u00e9neos en una sola pasada. Resultados inmediatos y duraderos que se mantienen hasta 24 horas\u00b2, junto con hasta x3 veces m\u00e1s protecci\u00f3n frente a la rotura\u2074.<br \/>\n85% m\u00e1s brillo y control total del encrespamiento<br \/>\nLa plancha de pelo ghd Chronos sun-kissed peach incorpora placas cer\u00e1micas de alto rendimiento con acabado ultrabrillante, dise\u00f1adas para un deslizamiento suave y preciso.<br \/>\nEl resultado: un peinado con hasta un 85% m\u00e1s de brillo\u2076, hasta 2 veces menos encrespamiento\u2076 y una sensaci\u00f3n de acabado profesional en cada uso.<br \/>\nGracias a su eje redise\u00f1ado, las placas permanecen perfectamente alineadas, ofreci\u00e9ndote el m\u00e1ximo control para crear desde looks lisos pulidos hasta ondas y rizos definidos con facilidad.<br \/>\nDise\u00f1o inteligente<br \/>\nEsta plancha ghd de edici\u00f3n limitada no solo destaca por su est\u00e9tica sun-kissed peach, sino tambi\u00e9n por su funcionalidad pensada para el d\u00eda a d\u00eda de un verano non stop.<br \/>\nIncluye modo de suspensi\u00f3n autom\u00e1tico que apaga la styler tras 10 minutos de inactividad, aportando seguridad y eficiencia en cada uso.<br \/>\nUna herramienta profesional que combina tecnolog\u00eda, dise\u00f1o y rendimiento en una pieza \u00fanica dentro de la colecci\u00f3n.<\/p>\n<p>\u00b9 Vs. ghd original. Resultados medidos por el brillo en el cabello moreno en comparaci\u00f3n con el secado natural, prueba de laboratorio.<br \/>\n\u00b2 Pruebas con consumidores, enero del 22. El 86% de las 142 consumidoras coincidieron en que su cabello dur\u00f3 24 horas despu\u00e9s del peinado y el 73% coincidieron en que ghd chronos cre\u00f3 un look superior al de su plancha actual.<br \/>\n\u2074 Vs herramienta de la competencia que trabaja a 235\u00baC.<br \/>\n\u2075 Prueba t\u00e9cnica realizada en laboratorio sobre cabello encrespado, en comparaci\u00f3n con cabello secado al aire.<br \/>\n\u2076 Prueba t\u00e9cnica en laboratorio sobre cabello moreno, medida frente a cabello secado naturalmente.<br \/>\n\u2077 Da\u00f1o extremo por calor es una reducci\u00f3n fraccional de la resistencia a la tracci\u00f3n en h\u00famedo por ciclo superior a 0,005, medida durante al menos 100 ciclos en cabello casta\u00f1o cauc\u00e1sico (una \u00abReducci\u00f3n de la resistencia\u00bb).<\/p>\n","protected":false},"excerpt":{"rendered":"<p>Plancha de pelo ghd Chronos sun-kissed peach<br \/>\nTe presentamos tu nuevo flechazo de la temporada: plancha de pelo ghd Chronos sun-kissed peach, nuestra styler m\u00e1s avanzada e inteligente dise\u00f1ada para que tu cabello brille con luz propia esta primavera verano.<br \/>\nNuestra top venta hasta el momento, se reinventa en esta edici\u00f3n limitada de ghd, combinando rendimiento profesional con un dise\u00f1o irresistible. Adem\u00e1s, incluye un lujoso neceser t\u00e9rmico a juego (valorado e n 25\u20ac), convirti\u00e9ndose el regalo o auto regalo definitivo para brillar m\u00e1s que nunca este verano.<br \/>\nComo parte de la nueva colecci\u00f3n ghd Jelly la plancha edici\u00f3n limitada sun-kissed peach ha sabido capturar a la perfeci\u00f3n una est\u00e9tica impregnada en la buena sensaci\u00f3n de un d\u00eda de soly playa, donde el glow junto al estilo effortless son protagonistas.<\/p>\n","protected":false},"featured_media":43522,"template":"","meta":{"_seopress_robots_primary_cat":"","_seopress_titles_title":"","_seopress_titles_desc":"","_seopress_robots_index":""},"product_brand":[],"product_cat":[162,23,20,194],"product_tag":[],"class_list":{"0":"post-43519","1":"product","2":"type-product","3":"status-publish","4":"has-post-thumbnail","6":"product_cat-ghd","7":"product_cat-ghd-collection","8":"product_cat-stylers","9":"product_cat-nuevo","11":"first","12":"instock","13":"sale","14":"taxable","15":"shipping-taxable","16":"purchasable","17":"product-type-simple"},"_links":{"self":[{"href":"https:\/\/www.luigistudio.com\/es\/wp-json\/wp\/v2\/product\/43519","targetHints":{"allow":["GET"]}}],"collection":[{"href":"https:\/\/www.luigistudio.com\/es\/wp-json\/wp\/v2\/product"}],"about":[{"href":"https:\/\/www.luigistudio.com\/es\/wp-json\/wp\/v2\/types\/product"}],"version-history":[{"count":1,"href":"https:\/\/www.luigistudio.com\/es\/wp-json\/wp\/v2\/product\/43519\/revisions"}],"predecessor-version":[{"id":43529,"href":"https:\/\/www.luigistudio.com\/es\/wp-json\/wp\/v2\/product\/43519\/revisions\/43529"}],"wp:featuredmedia":[{"embeddable":true,"href":"https:\/\/www.luigistudio.com\/es\/wp-json\/wp\/v2\/media\/43522"}],"wp:attachment":[{"href":"https:\/\/www.luigistudio.com\/es\/wp-json\/wp\/v2\/media?parent=43519"}],"wp:term":[{"taxonomy":"product_brand","embeddable":true,"href":"https:\/\/www.luigistudio.com\/es\/wp-json\/wp\/v2\/product_brand?post=43519"},{"taxonomy":"product_cat","embeddable":true,"href":"https:\/\/www.luigistudio.com\/es\/wp-json\/wp\/v2\/product_cat?post=43519"},{"taxonomy":"product_tag","embeddable":true,"href":"https:\/\/www.luigistudio.com\/es\/wp-json\/wp\/v2\/product_tag?post=43519"}],"curies":[{"name":"wp","href":"https:\/\/api.w.org\/{rel}","templated":true}]}}