{"id":43530,"date":"2026-05-04T13:46:26","date_gmt":"2026-05-04T11:46:26","guid":{"rendered":"https:\/\/www.luigistudio.com\/es\/?post_type=product&#038;p=43530"},"modified":"2026-05-04T13:57:42","modified_gmt":"2026-05-04T11:57:42","slug":"cepillo-electrico-alisador-ghd-glide","status":"publish","type":"product","link":"https:\/\/www.luigistudio.com\/es\/cepillo-electrico-alisador-ghd-glide\/","title":{"rendered":"Cepillo el\u00e9ctrico alisador GHD GLIDE+"},"content":{"rendered":"<p>Tecnolog\u00eda cer\u00e1mica e i\u00f3nica avanzada ghd<br \/>\nLa tecnolog\u00eda avanzada de ghd y el ionizador integrado trabajan en conjunto para crear un alisado natural y ultra suave, con hasta x2 veces menos encrespamiento\u00b3. Un peinado liso que dura todo el d\u00eda y aporta hasta un 57% m\u00e1s de brillo\u2074. Gracias a la tecnolog\u00eda de calentamiento mejorada, ghd Glide+ mantiene la temperatura \u00f3ptima de peinado de 185\u00b0C, garantizando un alto rendimiento sin causar da\u00f1os por calor extremo\u00b2.<br \/>\nUn alisado f\u00e1cil y sin tirones<br \/>\nRedise\u00f1ado para ofrecer mayor rapidez y facilidad de uso, este modelo incorpora p\u00faas sin enganches que se deslizan suavemente por el cabello. Su dise\u00f1o con p\u00faas dobles permite alisar m\u00e1s cerca de la ra\u00edz para un mayor control: las p\u00faas activas, situadas m\u00e1s cerca del borde, perfeccionan el trabajo en la ra\u00edz para un acabado m\u00e1s pulido, mientras que las p\u00faas pasivas renovadas y mejoradas, con dise\u00f1o escalonado, facilitan el desenredado y un deslizamiento a\u00fan m\u00e1s suave.<br \/>\nSu r\u00e1pido calentamiento te permite empezar a peinar en segundos. Elegante, potente y m\u00e1s f\u00e1cil de usar que nunca, es el cepillo el\u00e9ctrico alisador definitivo para conseguir un cabello ultra suave y resultados duraderos, ideal para los ritmos de vida m\u00e1s exigentes.<br \/>\nRespaldado por una garant\u00eda de 3 a\u00f1os para que puedas relajarte y disfrutar de un liso pulido, suave, y lo mejor, f\u00e1cil y r\u00e1pido.<\/p>\n<p>\u00b9Test t\u00e9cnico en laboratorio realizado en cabello encrespado, midiendo la reducci\u00f3n del encrespamiento frente a cabello secado al aire como medida de suavidad.<br \/>\n\u00b2El da\u00f1o por calor extremo se define como una reducci\u00f3n de la resistencia a la tracci\u00f3n del cabello h\u00famedo por ciclo superior a 0,005, medido tras al menos 100 ciclos en cabello casta\u00f1o (una \u00abReducci\u00f3n de fuerza\u00bb).<br \/>\n\u00b3vs cabello encrespado secado al aire; los resultados pueden variar seg\u00fan el uso del consumidor.<br \/>\n\u2074 vs Frente a cabello casta\u00f1o medio secado al aire; los resultados pueden variar seg\u00fan el uso del consumidor.<\/p>\n","protected":false},"excerpt":{"rendered":"<p>Nuevo y mejorado cepillo el\u00e9ctrico alisador ghd Glide+<br \/>\nEl cepillo que revolucion\u00f3 Internet ha vuelto para quedarse y darte resultados mejorados. La herramienta perfecta para qui\u00e9n sale de casa y empieza un d\u00eda con filosof\u00eda \u00abnon stop\u00bb. Hay tiempo para un good hair day, con ghd Glide+.<br \/>\nPresentamos nuestro nuevo y mejorado cepillo alisador t\u00e9rmico, caracter\u00edstico por su uso r\u00e1pido y f\u00e1cil. Impulsado por la avanzada tecnolog\u00eda ghd. Dise\u00f1ado para conseguir un cabello con efecto \u201creci\u00e9n peinado\u201d con el m\u00ednimo esfuerzo y en solo minutos. Se utiliza sobre cabello seco y ofrece resultados ultra suaves en una sola pasada\u00b9, sin da\u00f1os por calor extremo\u00b2. Cuando no tienes tiempo, tu pelo tambi\u00e9n puede lucir perfecto.<\/p>\n","protected":false},"featured_media":43533,"template":"","meta":{"_seopress_robots_primary_cat":"none","_seopress_titles_title":"","_seopress_titles_desc":"","_seopress_robots_index":""},"product_brand":[],"product_cat":[162,62,194,61],"product_tag":[],"class_list":{"0":"post-43530","1":"product","2":"type-product","3":"status-publish","4":"has-post-thumbnail","6":"product_cat-ghd","7":"product_cat-cepillos-electricos","8":"product_cat-nuevo","9":"product_cat-sin-categorizar","11":"first","12":"instock","13":"sale","14":"taxable","15":"shipping-taxable","16":"purchasable","17":"product-type-simple"},"_links":{"self":[{"href":"https:\/\/www.luigistudio.com\/es\/wp-json\/wp\/v2\/product\/43530","targetHints":{"allow":["GET"]}}],"collection":[{"href":"https:\/\/www.luigistudio.com\/es\/wp-json\/wp\/v2\/product"}],"about":[{"href":"https:\/\/www.luigistudio.com\/es\/wp-json\/wp\/v2\/types\/product"}],"version-history":[{"count":1,"href":"https:\/\/www.luigistudio.com\/es\/wp-json\/wp\/v2\/product\/43530\/revisions"}],"predecessor-version":[{"id":43539,"href":"https:\/\/www.luigistudio.com\/es\/wp-json\/wp\/v2\/product\/43530\/revisions\/43539"}],"wp:featuredmedia":[{"embeddable":true,"href":"https:\/\/www.luigistudio.com\/es\/wp-json\/wp\/v2\/media\/43533"}],"wp:attachment":[{"href":"https:\/\/www.luigistudio.com\/es\/wp-json\/wp\/v2\/media?parent=43530"}],"wp:term":[{"taxonomy":"product_brand","embeddable":true,"href":"https:\/\/www.luigistudio.com\/es\/wp-json\/wp\/v2\/product_brand?post=43530"},{"taxonomy":"product_cat","embeddable":true,"href":"https:\/\/www.luigistudio.com\/es\/wp-json\/wp\/v2\/product_cat?post=43530"},{"taxonomy":"product_tag","embeddable":true,"href":"https:\/\/www.luigistudio.com\/es\/wp-json\/wp\/v2\/product_tag?post=43530"}],"curies":[{"name":"wp","href":"https:\/\/api.w.org\/{rel}","templated":true}]}}