{"id":43540,"date":"2026-05-04T13:56:49","date_gmt":"2026-05-04T11:56:49","guid":{"rendered":"https:\/\/www.luigistudio.com\/es\/?post_type=product&#038;p=43540"},"modified":"2026-05-04T14:10:05","modified_gmt":"2026-05-04T12:10:05","slug":"cepillo-electrico-alisador-ghd-glide-max","status":"publish","type":"product","link":"https:\/\/www.luigistudio.com\/es\/cepillo-electrico-alisador-ghd-glide-max\/","title":{"rendered":"Cepillo el\u00e9ctrico alisador GHD GLIDE+ MAX"},"content":{"rendered":"<p>Dise\u00f1o ancho para llegar a mechones largos<br \/>\nSu dise\u00f1o de pala extragrande facilita el peinado de secciones m\u00e1s largas y gruesas en menos tiempo. Dise\u00f1ado para utilizarse sobre cabello seco, ofrece resultados ultra suaves en una sola pasada\u00b9, sin da\u00f1os por calor extremo\u00b2.<br \/>\nLas p\u00faas anti-tirones se deslizan suavemente por el cabello, mientras que su configuraci\u00f3n mejorada, alisa m\u00e1s cerca de la ra\u00edz para un mayor control. Las p\u00faas activas se extienden hasta los bordes para un acabado m\u00e1s preciso desde la ra\u00edz, y las p\u00faas pasivas escalonadas facilitan el desenredado, garantizando un deslizamiento uniforme de ra\u00edces a puntas.<br \/>\nEl nuevo barril redise\u00f1ado, con l\u00edneas m\u00e1s suaves y un marco exterior refinado, incorpora una carcasa de tacto fr\u00edo. Adem\u00e1s, una barrera activa de aerogel reduce la temperatura en la parte trasera del cepillo, manteni\u00e9ndolo m\u00e1s fr\u00edo durante el uso.<br \/>\nAlto rendimiento, uso y manejabilidad f\u00e1cil<br \/>\nEquipado con un calentador cer\u00e1mico avanzado y ionizador integrado, ghd Glide+ Max consigue un cabello pulido con x2,2 veces menos encrespamiento\u00b3, resultados que duran todo el d\u00eda y hasta un 57% m\u00e1s de brillo\u2074. Su tecnolog\u00eda cer\u00e1mica e i\u00f3nica avanzada mantiene la temperatura \u00f3ptima de peinado de 185\u00b0C, garantizando un alto rendimiento sin da\u00f1os por calor extremo\u00b2.<br \/>\nGracias a su calentamiento ultrarr\u00e1pido, est\u00e1 listo para usar en cuesti\u00f3n de segundos. Elegante, potente y m\u00e1s f\u00e1cil de utilizar que nunca, Glide+ Max es el cepillo el\u00e9ctrico alisador definitivo para lograr un cabello suave y brillante durante todo el d\u00eda.<br \/>\nRespaldado por una garant\u00eda de 3 a\u00f1os para que puedas relajarte y disfrutar de un liso pulido, suave, y lo mejor, f\u00e1cil y r\u00e1pido. Ideal para ma\u00f1anas con prisas, este cepillo alisador te acompa\u00f1ar\u00e1 para hacer de tu look un liso perfecto, est\u00e9s donde est\u00e9s.<\/p>\n<p>\u00b9Test t\u00e9cnico en laboratorio realizado en cabello encrespado, midiendo la reducci\u00f3n del encrespamiento frente a cabello secado al aire como medida de suavidad.<br \/>\n\u00b2El da\u00f1o por calor extremo se define como una reducci\u00f3n de la resistencia a la tracci\u00f3n del cabello h\u00famedo por ciclo superior a 0,005, medido tras al menos 100 ciclos en cabello casta\u00f1o (una \u00abReducci\u00f3n de fuerza\u00bb).<br \/>\n\u00b3vs cabello encrespado secado al aire; los resultados pueden variar seg\u00fan el uso del consumidor.<br \/>\n\u2074 vs Frente a cabello casta\u00f1o medio secado al aire; los resultados pueden variar seg\u00fan el uso del consumidor.<\/p>\n","protected":false},"excerpt":{"rendered":"<p>Nuevo cepillo el\u00e9ctrico alisador ancho ghd Glide+ Max<br \/>\nTe presentamos ghd Glide+ Max, nuestro nuevo cepillo el\u00e9ctrico alisador r\u00e1pido y f\u00e1cil, perfecto para cabellos largos, gruesos y rizados, impulsado por la tecnolog\u00eda avanzada de ghd. Su dise\u00f1o ha sido especialmente pensado para alisar melenas largas y abundantes. Para quienes buscan un peinado sin esfuerzo, tan sencillo como usar un cepillo de pelo habitual.<\/p>\n","protected":false},"featured_media":43551,"template":"","meta":{"_seopress_robots_primary_cat":"none","_seopress_titles_title":"","_seopress_titles_desc":"","_seopress_robots_index":""},"product_brand":[],"product_cat":[162,62,194],"product_tag":[],"class_list":{"0":"post-43540","1":"product","2":"type-product","3":"status-publish","4":"has-post-thumbnail","6":"product_cat-ghd","7":"product_cat-cepillos-electricos","8":"product_cat-nuevo","10":"first","11":"instock","12":"sale","13":"taxable","14":"shipping-taxable","15":"purchasable","16":"product-type-simple"},"_links":{"self":[{"href":"https:\/\/www.luigistudio.com\/es\/wp-json\/wp\/v2\/product\/43540","targetHints":{"allow":["GET"]}}],"collection":[{"href":"https:\/\/www.luigistudio.com\/es\/wp-json\/wp\/v2\/product"}],"about":[{"href":"https:\/\/www.luigistudio.com\/es\/wp-json\/wp\/v2\/types\/product"}],"version-history":[{"count":1,"href":"https:\/\/www.luigistudio.com\/es\/wp-json\/wp\/v2\/product\/43540\/revisions"}],"predecessor-version":[{"id":43549,"href":"https:\/\/www.luigistudio.com\/es\/wp-json\/wp\/v2\/product\/43540\/revisions\/43549"}],"wp:featuredmedia":[{"embeddable":true,"href":"https:\/\/www.luigistudio.com\/es\/wp-json\/wp\/v2\/media\/43551"}],"wp:attachment":[{"href":"https:\/\/www.luigistudio.com\/es\/wp-json\/wp\/v2\/media?parent=43540"}],"wp:term":[{"taxonomy":"product_brand","embeddable":true,"href":"https:\/\/www.luigistudio.com\/es\/wp-json\/wp\/v2\/product_brand?post=43540"},{"taxonomy":"product_cat","embeddable":true,"href":"https:\/\/www.luigistudio.com\/es\/wp-json\/wp\/v2\/product_cat?post=43540"},{"taxonomy":"product_tag","embeddable":true,"href":"https:\/\/www.luigistudio.com\/es\/wp-json\/wp\/v2\/product_tag?post=43540"}],"curies":[{"name":"wp","href":"https:\/\/api.w.org\/{rel}","templated":true}]}}