{"id":593,"date":"2018-03-01T13:14:18","date_gmt":"2018-03-01T12:14:18","guid":{"rendered":"https:\/\/www.luigistudio.com\/es\/?post_type=product&#038;p=593"},"modified":"2026-05-06T14:07:50","modified_gmt":"2026-05-06T12:07:50","slug":"plancha-pelo-ghd-gold-styler","status":"publish","type":"product","link":"https:\/\/www.luigistudio.com\/es\/plancha-pelo-ghd-gold-styler\/","title":{"rendered":"Plancha de pelo GHD GOLD STYLER"},"content":{"rendered":"<div><strong>Tecnolog\u00eda cer\u00e1mica Dual-zone<\/strong><\/div>\n<div>ghd gold\u00ae incorpora la avanzada tecnolog\u00eda cer\u00e1mica Dual-zone: dos sensores de \u00faltima generaci\u00f3n (uno por placa) que mantienen una temperatura homog\u00e9nea de peinado de 185\u00baC de ra\u00edz a puntas. Te sorprender\u00e1 que necesite solo 25 segundos para estar lista para su uso.<\/div>\n<div><\/div>\n<div><strong>Consigue un resultado m\u00e1s suave y brillante<\/strong><br \/>\nEsta plancha de pelo negra destaca por su dise\u00f1o elegante y su barril suave y redondeado, que garantiza un deslizamiento \u00f3ptimo sin tirones. Utiliza ghd gold\u00ae para transformar de forma r\u00e1pida y f\u00e1cil tu rutina de peinado y convertir tu look de cada d\u00eda en algo especial. Gracias a su voltaje universal podr\u00e1s utilizarla en cualquier parte del mundo y su protector de placas termorresistente te permitir\u00e1 transportarla sin preocuparte por el calor incluso reci\u00e9n apagada. Para una comodidad y seguridad extras incorpora sistema de apagado autom\u00e1tico tras 30 minutos en desuso.<\/div>\n<div><\/div>\n<div>Consigue lisos pulidos o crea ondas y rizos perfectos con la styler ghd gold\u00ae.<\/div>\n<div><\/div>\n<div><span style=\"color: #1b1919;font-size: 22px\">CARACTER\u00cdSTICAS:<\/span><\/div>\n<div>Dos sensores de nueva generaci\u00f3n en vez de uno, que controlan la temperatura desde la ra\u00edz a las puntas para conseguir un cabello m\u00e1s brillante, m\u00e1s pulido y m\u00e1s sano*.<\/div>\n<div>\n<div class=\"product-details-item ng-star-inserted\">\n<div class=\"product-details-thumb ng-star-inserted\">Con temperaturas por encima de 185\u00baC el cabello sufre da\u00f1os, y por debajo, el peinado no se moldea correctamente.<\/div>\n<\/div>\n<div class=\"product-details-item ng-star-inserted\">\n<div class=\"product-details-thumb ng-star-inserted\">Para lograr un peinado m\u00e1s r\u00e1pido, sin encrespamiento del pelo y con extra de brillo.<\/div>\n<\/div>\n<div class=\"product-details-item ng-star-inserted\">\n<div class=\"product-details-thumb ng-star-inserted\">Para conseguir versatilidad de estilos y un peinado profesional m\u00e1s r\u00e1pido y f\u00e1cil.<\/div>\n<div class=\"product-details-thumb ng-star-inserted\">Perfecto para proteger y llevar tu styler ghd gold contigo donde quiera que vayas incluso inmediatamente despu\u00e9s de su uso.<\/div>\n<\/div>\n<div class=\"product-details-item ng-star-inserted\">\n<div class=\"product-details-thumb ng-star-inserted\">Para garantizar un rendimiento perfecto de la plancha de pelo en cualquier pa\u00eds del mundo.<\/div>\n<\/div>\n<div class=\"product-details-item ng-star-inserted\">\n<div class=\"product-details-thumb ng-star-inserted\">La herramienta se apaga tras 30 minutos de inactividad.<\/div>\n<div class=\"product-details-thumb ng-star-inserted\">Incorpora un cable giratorio de longitud profesional para facilitar el peinado.<\/div>\n<div class=\"product-details-thumb ng-star-inserted\">Enchufe europeo.<\/div>\n<\/div>\n<\/div>\n<p>&nbsp;<\/p>\n","protected":false},"excerpt":{"rendered":"<div>La plancha de pelo profesional ghd gold\u00ae es una styler muy vers\u00e1til dise\u00f1ada por profesionales que permite alisar, rizar y crear ondas perfectas. Obt\u00e9n resultados \u00f3ptimos con esta plancha de ghd que ha demostrado ofrecer un acabado m\u00e1s suave, pulido y un aspecto visiblemente m\u00e1s sano que otros modelos*.<\/div>\n<div><\/div>\n<div><\/div>\n","protected":false},"featured_media":9145,"template":"","meta":{"_seopress_robots_primary_cat":"20","_seopress_titles_title":"","_seopress_titles_desc":"","_seopress_robots_index":""},"product_brand":[],"product_cat":[20],"product_tag":[],"class_list":{"0":"post-593","1":"product","2":"type-product","3":"status-publish","4":"has-post-thumbnail","6":"product_cat-stylers","8":"first","9":"instock","10":"sale","11":"featured","12":"taxable","13":"shipping-taxable","14":"purchasable","15":"product-type-simple"},"_links":{"self":[{"href":"https:\/\/www.luigistudio.com\/es\/wp-json\/wp\/v2\/product\/593","targetHints":{"allow":["GET"]}}],"collection":[{"href":"https:\/\/www.luigistudio.com\/es\/wp-json\/wp\/v2\/product"}],"about":[{"href":"https:\/\/www.luigistudio.com\/es\/wp-json\/wp\/v2\/types\/product"}],"version-history":[{"count":1,"href":"https:\/\/www.luigistudio.com\/es\/wp-json\/wp\/v2\/product\/593\/revisions"}],"predecessor-version":[{"id":14342,"href":"https:\/\/www.luigistudio.com\/es\/wp-json\/wp\/v2\/product\/593\/revisions\/14342"}],"wp:featuredmedia":[{"embeddable":true,"href":"https:\/\/www.luigistudio.com\/es\/wp-json\/wp\/v2\/media\/9145"}],"wp:attachment":[{"href":"https:\/\/www.luigistudio.com\/es\/wp-json\/wp\/v2\/media?parent=593"}],"wp:term":[{"taxonomy":"product_brand","embeddable":true,"href":"https:\/\/www.luigistudio.com\/es\/wp-json\/wp\/v2\/product_brand?post=593"},{"taxonomy":"product_cat","embeddable":true,"href":"https:\/\/www.luigistudio.com\/es\/wp-json\/wp\/v2\/product_cat?post=593"},{"taxonomy":"product_tag","embeddable":true,"href":"https:\/\/www.luigistudio.com\/es\/wp-json\/wp\/v2\/product_tag?post=593"}],"curies":[{"name":"wp","href":"https:\/\/api.w.org\/{rel}","templated":true}]}}